{"id":743,"date":"2014-11-28T08:33:40","date_gmt":"2014-11-28T14:33:40","guid":{"rendered":"http:\/\/codemar.net\/podcast\/?page_id=743"},"modified":"2014-11-28T08:33:40","modified_gmt":"2014-11-28T14:33:40","slug":"evangelio-de-cristo-rey","status":"publish","type":"page","link":"https:\/\/codemar.net\/podcast\/evangelio-de-cristo-rey\/","title":{"rendered":"Evangelio de Cristo Rey"},"content":{"rendered":"<p><strong>Evangelio seg\u00fan San Marcos 13,33-37<\/strong><\/p>\n<p>Jes\u00fas dijo a sus disc\u00edpulos:<\/p>\n<p>Tengan cuidado y est\u00e9n prevenidos, porque no saben cu\u00e1ndo llegar\u00e1 el momento. Ser\u00e1 como un hombre que se va de viaje, deja su casa al cuidado de sus servidores, asigna a cada uno su tarea, y recomienda al portero que permanezca en vela.<\/p>\n<p>Est\u00e9n prevenidos, entonces, porque no saben cu\u00e1ndo llegar\u00e1 el due\u00f1o de casa: si al atardecer, a medianoche, al canto del gallo o por la ma\u00f1ana. No sea que llegue de improviso y los encuentre dormidos.<\/p>\n<p>Y esto que les digo a ustedes, lo digo a todos: \u00a1Est\u00e9n prevenidos!<\/p>\n<p>&nbsp;<\/p>\n<p><strong>Palabra del Se\u00f1or.<\/strong><\/p>\n","protected":false},"excerpt":{"rendered":"<p>Evangelio seg\u00fan San Marcos 13,33-37 Jes\u00fas dijo a sus disc\u00edpulos: Tengan cuidado y est\u00e9n prevenidos, porque no saben cu\u00e1ndo llegar\u00e1 el momento.<span class=\"more-button\"><a href=\"https:\/\/codemar.net\/podcast\/evangelio-de-cristo-rey\/\" class=\"more-link\">Continuar lectura<span class=\"screen-reader-text\">Evangelio de Cristo Rey<\/span><\/a><\/span><\/p>\n","protected":false},"author":1,"featured_media":0,"parent":0,"menu_order":0,"comment_status":"open","ping_status":"open","template":"","meta":{"episode_type":"","audio_file":"","podmotor_file_id":"","podmotor_episode_id":"","cover_image":"","cover_image_id":"","duration":"","filesize":"","filesize_raw":"","date_recorded":"","explicit":"","block":"","itunes_episode_number":"","itunes_title":"","itunes_season_number":"","itunes_episode_type":"","jetpack_post_was_ever_published":false,"footnotes":""},"class_list":["post-743","page","type-page","status-publish","hentry"],"jetpack_shortlink":"https:\/\/wp.me\/P4bNxE-bZ","jetpack_sharing_enabled":true,"_links":{"self":[{"href":"https:\/\/codemar.net\/podcast\/wp-json\/wp\/v2\/pages\/743","targetHints":{"allow":["GET"]}}],"collection":[{"href":"https:\/\/codemar.net\/podcast\/wp-json\/wp\/v2\/pages"}],"about":[{"href":"https:\/\/codemar.net\/podcast\/wp-json\/wp\/v2\/types\/page"}],"author":[{"embeddable":true,"href":"https:\/\/codemar.net\/podcast\/wp-json\/wp\/v2\/users\/1"}],"replies":[{"embeddable":true,"href":"https:\/\/codemar.net\/podcast\/wp-json\/wp\/v2\/comments?post=743"}],"version-history":[{"count":1,"href":"https:\/\/codemar.net\/podcast\/wp-json\/wp\/v2\/pages\/743\/revisions"}],"predecessor-version":[{"id":744,"href":"https:\/\/codemar.net\/podcast\/wp-json\/wp\/v2\/pages\/743\/revisions\/744"}],"wp:attachment":[{"href":"https:\/\/codemar.net\/podcast\/wp-json\/wp\/v2\/media?parent=743"}],"curies":[{"name":"wp","href":"https:\/\/api.w.org\/{rel}","templated":true}]}}