{"id":741,"date":"2014-11-28T08:28:27","date_gmt":"2014-11-28T14:28:27","guid":{"rendered":"http:\/\/codemar.net\/podcast\/?page_id=741"},"modified":"2014-11-28T08:28:27","modified_gmt":"2014-11-28T14:28:27","slug":"evangelio-del-33o-domingo-ordinario","status":"publish","type":"page","link":"https:\/\/codemar.net\/podcast\/evangelio-del-33o-domingo-ordinario\/","title":{"rendered":"Evangelio del 33\u00ba Domingo Ordinario"},"content":{"rendered":"<p><strong>Evangelio seg\u00fan San Mateo 25,14-30<\/strong><\/p>\n<p>Jes\u00fas dijo a sus disc\u00edpulos esta par\u00e1bola:<br \/>\nEl Reino de los Cielos es como un hombre que, al salir de viaje, llam\u00f3 a sus servidores y les confi\u00f3 sus bienes. A uno le dio cinco talentos, a otro dos, y uno solo a un tercero, a cada uno seg\u00fan su capacidad; y despu\u00e9s parti\u00f3.<br \/>\nEn seguida, el que hab\u00eda recibido cinco talentos fue a negociar con ellos y gan\u00f3 otros cinco. De la misma manera, el que recibi\u00f3 dos gan\u00f3 otros dos; pero el que recibi\u00f3 uno solo hizo un pozo y enterr\u00f3 el dinero de su se\u00f1or.<br \/>\nDespu\u00e9s de un largo tiempo, lleg\u00f3 el se\u00f1or y arregl\u00f3 las cuentas con sus servidores. El que hab\u00eda recibido los cinco talentos se adelant\u00f3 y le presento otros cinco. \u00abSe\u00f1or, le dijo, me has confiado cinco talentos: aqu\u00ed est\u00e1n los otros cinco que he ganado\u00bb. \u00abEst\u00e1 bien, servidor bueno y fiel, le dijo su se\u00f1or; ya que respondiste fielmente en lo poco, te encargar\u00e9 de mucho m\u00e1s: entra a participar del gozo de tu se\u00f1or\u00bb.<br \/>\nLleg\u00f3 luego el que hab\u00eda recibido dos talentos y le dijo: \u00abSe\u00f1or, me has confiado dos talentos: aqu\u00ed est\u00e1n los otros dos que he ganado\u00bb. \u00abEst\u00e1 bien, servidor bueno y fiel; y que respondiste fielmente en lo poco, te encargare de mucho mas: entra a participar del gozo de tu se\u00f1or\u00bb.<br \/>\nLleg\u00f3 luego el que hab\u00eda recibido un solo talento. \u00abSe\u00f1or, le dijo, s\u00e9 que eres un hombre exigente: cosechas donde no has sembrado y recoges donde no has esparcido. Por eso tuve miedo y fui a enterrar tu talento: \u00a1aqu\u00ed tienes lo tuyo!\u00bb Pero el se\u00f1or le respondi\u00f3: \u00abServidor malo y perezoso, si sab\u00edas que cosecho donde no he sembrado y recojo donde no he esparcido, tendr\u00edas que haber colocado el dinero en el banco, y as\u00ed, a mi regreso, lo hubiera recuperado con intereses. Qu\u00edtenle el talento para d\u00e1rselo al que tiene diez, porque a quien tiene, se le dar\u00e1 y tendr\u00e1 de m\u00e1s, pero al que no tiene, se le quitar\u00e1 aun lo que tiene. Echen afuera, a las tinieblas, a este servidor in\u00fatil; all\u00ed habr\u00e1 llanto y rechinar de dientes\u00bb.<\/p>\n<p><strong>Palabra del Se\u00f1or.<\/strong><\/p>\n","protected":false},"excerpt":{"rendered":"<p>Evangelio seg\u00fan San Mateo 25,14-30 Jes\u00fas dijo a sus disc\u00edpulos esta par\u00e1bola: El Reino de los Cielos es como un hombre que,<span class=\"more-button\"><a href=\"https:\/\/codemar.net\/podcast\/evangelio-del-33o-domingo-ordinario\/\" class=\"more-link\">Continuar lectura<span class=\"screen-reader-text\">Evangelio del 33\u00ba Domingo Ordinario<\/span><\/a><\/span><\/p>\n","protected":false},"author":1,"featured_media":0,"parent":0,"menu_order":0,"comment_status":"open","ping_status":"open","template":"","meta":{"episode_type":"","audio_file":"","podmotor_file_id":"","podmotor_episode_id":"","cover_image":"","cover_image_id":"","duration":"","filesize":"","filesize_raw":"","date_recorded":"","explicit":"","block":"","itunes_episode_number":"","itunes_title":"","itunes_season_number":"","itunes_episode_type":"","jetpack_post_was_ever_published":false,"footnotes":""},"class_list":["post-741","page","type-page","status-publish","hentry"],"jetpack_shortlink":"https:\/\/wp.me\/P4bNxE-bX","jetpack_sharing_enabled":true,"_links":{"self":[{"href":"https:\/\/codemar.net\/podcast\/wp-json\/wp\/v2\/pages\/741","targetHints":{"allow":["GET"]}}],"collection":[{"href":"https:\/\/codemar.net\/podcast\/wp-json\/wp\/v2\/pages"}],"about":[{"href":"https:\/\/codemar.net\/podcast\/wp-json\/wp\/v2\/types\/page"}],"author":[{"embeddable":true,"href":"https:\/\/codemar.net\/podcast\/wp-json\/wp\/v2\/users\/1"}],"replies":[{"embeddable":true,"href":"https:\/\/codemar.net\/podcast\/wp-json\/wp\/v2\/comments?post=741"}],"version-history":[{"count":1,"href":"https:\/\/codemar.net\/podcast\/wp-json\/wp\/v2\/pages\/741\/revisions"}],"predecessor-version":[{"id":742,"href":"https:\/\/codemar.net\/podcast\/wp-json\/wp\/v2\/pages\/741\/revisions\/742"}],"wp:attachment":[{"href":"https:\/\/codemar.net\/podcast\/wp-json\/wp\/v2\/media?parent=741"}],"curies":[{"name":"wp","href":"https:\/\/api.w.org\/{rel}","templated":true}]}}