{"id":736,"date":"2014-11-08T12:37:05","date_gmt":"2014-11-08T18:37:05","guid":{"rendered":"http:\/\/codemar.net\/podcast\/?page_id=736"},"modified":"2014-11-08T12:37:05","modified_gmt":"2014-11-08T18:37:05","slug":"evangelio-del-32o-domingo-ordinario","status":"publish","type":"page","link":"https:\/\/codemar.net\/podcast\/evangelio-del-32o-domingo-ordinario\/","title":{"rendered":"Evangelio del 32\u00ba Domingo Ordinario"},"content":{"rendered":"<p><strong>Evangelio seg\u00fan San Mateo 25, 1-13.<\/strong><\/p>\n<div class=\"p\"><i>En aquel tiempo, dijo Jes\u00fas: \u00abEntonces el Reino de los Cielos ser\u00e1 semejante a diez v\u00edrgenes, que, con su l\u00e1mpara en la mano, salieron al encuentro del novio. Cinco de ellas eran necias, y cinco prudentes. Las necias, en efecto, al tomar sus l\u00e1mparas, no se proveyeron de aceite; las prudentes, en cambio, junto con sus l\u00e1mparas tomaron aceite en las alcuzas. Como el novio tardara, se adormilaron todas y se durmieron. Mas a media noche se oy\u00f3 un grito: &#8220;\u00a1Ya est\u00e1 aqu\u00ed el novio! \u00a1Salid a su encuentro!&#8221; Entonces todas aquellas v\u00edrgenes se levantaron y arreglaron sus l\u00e1mparas. Y las necias dijeron a las prudentes: &#8220;Dadnos de vuestro aceite, que nuestras l\u00e1mparas se apagan.&#8221; Pero las prudentes replicaron: &#8220;No, no sea que no alcance para nosotras y para vosotras; es mejor que vay\u00e1is donde los vendedores y os lo compr\u00e9is.&#8221; Mientras iban a comprarlo, lleg\u00f3 el novio, y las que estaban preparadas entraron con \u00e9l al banquete de boda, y se cerr\u00f3 la puerta. M\u00e1s tarde llegaron las otras v\u00edrgenes diciendo: &#8220;\u00a1Se\u00f1or, se\u00f1or, \u00e1brenos!&#8221; Pero \u00e9l respondi\u00f3: &#8220;En verdad os digo que no os conozco.&#8221;Velad, pues, porque no sab\u00e9is ni el d\u00eda ni la hora&#8221;. <\/i><\/div>\n<div class=\"p\"><\/div>\n<div class=\"p\"><strong>Palabra del Se\u00f1or.<\/strong><\/div>\n","protected":false},"excerpt":{"rendered":"<p>Evangelio seg\u00fan San Mateo 25, 1-13. En aquel tiempo, dijo Jes\u00fas: \u00abEntonces el Reino de los Cielos ser\u00e1 semejante a diez v\u00edrgenes,<span class=\"more-button\"><a href=\"https:\/\/codemar.net\/podcast\/evangelio-del-32o-domingo-ordinario\/\" class=\"more-link\">Continuar lectura<span class=\"screen-reader-text\">Evangelio del 32\u00ba Domingo Ordinario<\/span><\/a><\/span><\/p>\n","protected":false},"author":1,"featured_media":0,"parent":0,"menu_order":0,"comment_status":"open","ping_status":"open","template":"","meta":{"episode_type":"","audio_file":"","podmotor_file_id":"","podmotor_episode_id":"","cover_image":"","cover_image_id":"","duration":"","filesize":"","filesize_raw":"","date_recorded":"","explicit":"","block":"","itunes_episode_number":"","itunes_title":"","itunes_season_number":"","itunes_episode_type":"","jetpack_post_was_ever_published":false,"footnotes":""},"class_list":["post-736","page","type-page","status-publish","hentry"],"jetpack_shortlink":"https:\/\/wp.me\/P4bNxE-bS","jetpack_sharing_enabled":true,"_links":{"self":[{"href":"https:\/\/codemar.net\/podcast\/wp-json\/wp\/v2\/pages\/736","targetHints":{"allow":["GET"]}}],"collection":[{"href":"https:\/\/codemar.net\/podcast\/wp-json\/wp\/v2\/pages"}],"about":[{"href":"https:\/\/codemar.net\/podcast\/wp-json\/wp\/v2\/types\/page"}],"author":[{"embeddable":true,"href":"https:\/\/codemar.net\/podcast\/wp-json\/wp\/v2\/users\/1"}],"replies":[{"embeddable":true,"href":"https:\/\/codemar.net\/podcast\/wp-json\/wp\/v2\/comments?post=736"}],"version-history":[{"count":1,"href":"https:\/\/codemar.net\/podcast\/wp-json\/wp\/v2\/pages\/736\/revisions"}],"predecessor-version":[{"id":737,"href":"https:\/\/codemar.net\/podcast\/wp-json\/wp\/v2\/pages\/736\/revisions\/737"}],"wp:attachment":[{"href":"https:\/\/codemar.net\/podcast\/wp-json\/wp\/v2\/media?parent=736"}],"curies":[{"name":"wp","href":"https:\/\/api.w.org\/{rel}","templated":true}]}}