{"id":724,"date":"2014-11-02T11:30:03","date_gmt":"2014-11-02T17:30:03","guid":{"rendered":"http:\/\/codemar.net\/podcast\/?page_id=724"},"modified":"2014-11-02T11:30:03","modified_gmt":"2014-11-02T17:30:03","slug":"evangelio-del-dia-de-los-fieles-difuntos","status":"publish","type":"page","link":"https:\/\/codemar.net\/podcast\/evangelio-del-dia-de-los-fieles-difuntos\/","title":{"rendered":"Evangelio del d\u00eda de los Fieles Difuntos"},"content":{"rendered":"<p><strong>Evangelio seg\u00fan San Lucas 24, 1-8<\/strong><\/p>\n<p>El primer d\u00eda de la semana, al amanecer, las mujeres fueron al sepulcro con los perfumes que hab\u00edan preparado. Ellas encontraron removida la piedra del sepulcro y entraron, pero no hallaron el cuerpo del Se\u00f1or Jes\u00fas.<\/p>\n<p>Mientras estaban desconcertadas a causa de esto, se les aparecieron dos hombres con vestiduras deslumbrantes. Como las mujeres, llenas de temor, no se atrev\u00edan a levantar la vista del suelo, ellos les preguntaron: \u00ab\u00bfPor qu\u00e9 buscan entre los muertos al que est\u00e1 vivo? No est\u00e1 aqu\u00ed, ha resucitado. Recuerden lo que El les dec\u00eda cuando a\u00fan estaba en Galilea: &#8220;Es necesario que el Hijo del hombre sea entregado en manos de los pecadores, que sea crucificado y que resucite al tercer d\u00eda&#8221;\u00bb. Y las mujeres recordaron sus palabras.<\/p>\n<p>&nbsp;<\/p>\n<p><strong>Palabra del Se\u00f1or.<\/strong><\/p>\n","protected":false},"excerpt":{"rendered":"<p>Evangelio seg\u00fan San Lucas 24, 1-8 El primer d\u00eda de la semana, al amanecer, las mujeres fueron al sepulcro con los perfumes<span class=\"more-button\"><a href=\"https:\/\/codemar.net\/podcast\/evangelio-del-dia-de-los-fieles-difuntos\/\" class=\"more-link\">Continuar lectura<span class=\"screen-reader-text\">Evangelio del d\u00eda de los Fieles Difuntos<\/span><\/a><\/span><\/p>\n","protected":false},"author":1,"featured_media":0,"parent":0,"menu_order":0,"comment_status":"open","ping_status":"open","template":"","meta":{"episode_type":"","audio_file":"","podmotor_file_id":"","podmotor_episode_id":"","cover_image":"","cover_image_id":"","duration":"","filesize":"","filesize_raw":"","date_recorded":"","explicit":"","block":"","itunes_episode_number":"","itunes_title":"","itunes_season_number":"","itunes_episode_type":"","jetpack_post_was_ever_published":false,"footnotes":""},"class_list":["post-724","page","type-page","status-publish","hentry"],"jetpack_shortlink":"https:\/\/wp.me\/P4bNxE-bG","jetpack_sharing_enabled":true,"_links":{"self":[{"href":"https:\/\/codemar.net\/podcast\/wp-json\/wp\/v2\/pages\/724","targetHints":{"allow":["GET"]}}],"collection":[{"href":"https:\/\/codemar.net\/podcast\/wp-json\/wp\/v2\/pages"}],"about":[{"href":"https:\/\/codemar.net\/podcast\/wp-json\/wp\/v2\/types\/page"}],"author":[{"embeddable":true,"href":"https:\/\/codemar.net\/podcast\/wp-json\/wp\/v2\/users\/1"}],"replies":[{"embeddable":true,"href":"https:\/\/codemar.net\/podcast\/wp-json\/wp\/v2\/comments?post=724"}],"version-history":[{"count":1,"href":"https:\/\/codemar.net\/podcast\/wp-json\/wp\/v2\/pages\/724\/revisions"}],"predecessor-version":[{"id":725,"href":"https:\/\/codemar.net\/podcast\/wp-json\/wp\/v2\/pages\/724\/revisions\/725"}],"wp:attachment":[{"href":"https:\/\/codemar.net\/podcast\/wp-json\/wp\/v2\/media?parent=724"}],"curies":[{"name":"wp","href":"https:\/\/api.w.org\/{rel}","templated":true}]}}