{"id":722,"date":"2014-11-02T11:28:45","date_gmt":"2014-11-02T17:28:45","guid":{"rendered":"http:\/\/codemar.net\/podcast\/?page_id=722"},"modified":"2014-11-02T11:28:45","modified_gmt":"2014-11-02T17:28:45","slug":"evangelio-del-dia-de-todos-los-santos-2","status":"publish","type":"page","link":"https:\/\/codemar.net\/podcast\/evangelio-del-dia-de-todos-los-santos-2\/","title":{"rendered":"Evangelio del d\u00eda de Todos los Santos"},"content":{"rendered":"<p><strong>Evangelio seg\u00fan San Mateo 4, 25-5, 12<\/strong><\/p>\n<p>Segu\u00edan a Jes\u00fas grandes multitudes, que llegaban de Galilea, de la Dec\u00e1polis, de Jerusal\u00e9n, de Judea y de la Transjordania.<\/p>\n<p>Al ver la multitud, Jes\u00fas subi\u00f3 a la monta\u00f1a, se sent\u00f3, y sus disc\u00edpulos se acercaron a El. Entonces tom\u00f3 la palabra y comenz\u00f3 a ense\u00f1arles, diciendo:<\/p>\n<p>\u00abFelices los que tienen alma de pobres, porque a ellos les pertenece el Reino de los Cielos.<\/p>\n<p>Felices los afligidos, porque ser\u00e1n consolados.<\/p>\n<p>Felices los pacientes, porque recibir\u00e1n la tierra en herencia.<\/p>\n<p>Felices los que tienen hambre y sed de justicia, porque ser\u00e1n saciados.<\/p>\n<p>Felices los misericordiosos, porque obtendr\u00e1n misericordia.<\/p>\n<p>Felices los que tienen el coraz\u00f3n puro, porque ver\u00e1n a Dios.<\/p>\n<p>Felices los que trabajan por la paz, porque ser\u00e1n llamados hijos de Dios.<\/p>\n<p>Felices los que son perseguidos por practicar la justicia, porque a ellos les pertenece el Reino de los Cielos.<\/p>\n<p>Felices ustedes, cuando sean insultados y perseguidos, y cuando se los calumnie en toda forma a causa de m\u00ed.<\/p>\n<p>Al\u00e9grense y regoc\u00edjense entonces, porque ustedes tendr\u00e1n una gran recompensa en el cielo; de la misma manera persiguieron a los profetas que los precedieron\u00bb.<\/p>\n<p>&nbsp;<\/p>\n<p><strong>Palabra del Se\u00f1or.<\/strong><\/p>\n","protected":false},"excerpt":{"rendered":"<p>Evangelio seg\u00fan San Mateo 4, 25-5, 12 Segu\u00edan a Jes\u00fas grandes multitudes, que llegaban de Galilea, de la Dec\u00e1polis, de Jerusal\u00e9n, de<span class=\"more-button\"><a href=\"https:\/\/codemar.net\/podcast\/evangelio-del-dia-de-todos-los-santos-2\/\" class=\"more-link\">Continuar lectura<span class=\"screen-reader-text\">Evangelio del d\u00eda de Todos los Santos<\/span><\/a><\/span><\/p>\n","protected":false},"author":1,"featured_media":0,"parent":0,"menu_order":0,"comment_status":"open","ping_status":"open","template":"","meta":{"episode_type":"","audio_file":"","podmotor_file_id":"","podmotor_episode_id":"","cover_image":"","cover_image_id":"","duration":"","filesize":"","filesize_raw":"","date_recorded":"","explicit":"","block":"","itunes_episode_number":"","itunes_title":"","itunes_season_number":"","itunes_episode_type":"","jetpack_post_was_ever_published":false,"footnotes":""},"class_list":["post-722","page","type-page","status-publish","hentry"],"jetpack_shortlink":"https:\/\/wp.me\/P4bNxE-bE","jetpack_sharing_enabled":true,"_links":{"self":[{"href":"https:\/\/codemar.net\/podcast\/wp-json\/wp\/v2\/pages\/722","targetHints":{"allow":["GET"]}}],"collection":[{"href":"https:\/\/codemar.net\/podcast\/wp-json\/wp\/v2\/pages"}],"about":[{"href":"https:\/\/codemar.net\/podcast\/wp-json\/wp\/v2\/types\/page"}],"author":[{"embeddable":true,"href":"https:\/\/codemar.net\/podcast\/wp-json\/wp\/v2\/users\/1"}],"replies":[{"embeddable":true,"href":"https:\/\/codemar.net\/podcast\/wp-json\/wp\/v2\/comments?post=722"}],"version-history":[{"count":1,"href":"https:\/\/codemar.net\/podcast\/wp-json\/wp\/v2\/pages\/722\/revisions"}],"predecessor-version":[{"id":723,"href":"https:\/\/codemar.net\/podcast\/wp-json\/wp\/v2\/pages\/722\/revisions\/723"}],"wp:attachment":[{"href":"https:\/\/codemar.net\/podcast\/wp-json\/wp\/v2\/media?parent=722"}],"curies":[{"name":"wp","href":"https:\/\/api.w.org\/{rel}","templated":true}]}}