{"id":718,"date":"2014-11-02T11:23:00","date_gmt":"2014-11-02T17:23:00","guid":{"rendered":"http:\/\/codemar.net\/podcast\/?page_id=718"},"modified":"2014-11-02T11:27:13","modified_gmt":"2014-11-02T17:27:13","slug":"evangelio-del-dia-de-todos-los-santos","status":"publish","type":"page","link":"https:\/\/codemar.net\/podcast\/evangelio-del-dia-de-todos-los-santos\/","title":{"rendered":"Evangelio del 30\u00ba Domingo Ordinario"},"content":{"rendered":"<p><strong>Evangelio seg\u00fan San Mateo 22, 34-40<\/strong><\/p>\n<p>Cuando los fariseos se enteraron de que Jes\u00fas hab\u00eda hecho callar a los saduceos, se reunieron con \u00c9l, y uno de ellos, que era doctor de la Ley, le pregunt\u00f3 para ponerlo a prueba: \u00abMaestro, \u00bfcu\u00e1l es el mandamiento m\u00e1s grande de la Ley?\u00bb<\/p>\n<p>Jes\u00fas le respondi\u00f3: \u00abAmar\u00e1s al Se\u00f1or, tu Dios, con todo tu coraz\u00f3n, con toda tu alma y con todo tu esp\u00edritu. Este es el m\u00e1s grande y el primer mandamiento. El segundo es semejante al primero: Amar\u00e1s a tu pr\u00f3jimo como a ti mismo. De estos dos mandamientos dependen toda la Ley y los Profetas\u00bb.<\/p>\n<p>&nbsp;<\/p>\n<p><strong>Palabra del Se\u00f1or.<\/strong><\/p>\n","protected":false},"excerpt":{"rendered":"<p>Evangelio seg\u00fan San Mateo 22, 34-40 Cuando los fariseos se enteraron de que Jes\u00fas hab\u00eda hecho callar a los saduceos, se reunieron<span class=\"more-button\"><a href=\"https:\/\/codemar.net\/podcast\/evangelio-del-dia-de-todos-los-santos\/\" class=\"more-link\">Continuar lectura<span class=\"screen-reader-text\">Evangelio del 30\u00ba Domingo Ordinario<\/span><\/a><\/span><\/p>\n","protected":false},"author":1,"featured_media":0,"parent":0,"menu_order":0,"comment_status":"open","ping_status":"open","template":"","meta":{"episode_type":"","audio_file":"","podmotor_file_id":"","podmotor_episode_id":"","cover_image":"","cover_image_id":"","duration":"","filesize":"","filesize_raw":"","date_recorded":"","explicit":"","block":"","itunes_episode_number":"","itunes_title":"","itunes_season_number":"","itunes_episode_type":"","jetpack_post_was_ever_published":false,"footnotes":""},"class_list":["post-718","page","type-page","status-publish","hentry"],"jetpack_shortlink":"https:\/\/wp.me\/P4bNxE-bA","jetpack_sharing_enabled":true,"_links":{"self":[{"href":"https:\/\/codemar.net\/podcast\/wp-json\/wp\/v2\/pages\/718","targetHints":{"allow":["GET"]}}],"collection":[{"href":"https:\/\/codemar.net\/podcast\/wp-json\/wp\/v2\/pages"}],"about":[{"href":"https:\/\/codemar.net\/podcast\/wp-json\/wp\/v2\/types\/page"}],"author":[{"embeddable":true,"href":"https:\/\/codemar.net\/podcast\/wp-json\/wp\/v2\/users\/1"}],"replies":[{"embeddable":true,"href":"https:\/\/codemar.net\/podcast\/wp-json\/wp\/v2\/comments?post=718"}],"version-history":[{"count":3,"href":"https:\/\/codemar.net\/podcast\/wp-json\/wp\/v2\/pages\/718\/revisions"}],"predecessor-version":[{"id":721,"href":"https:\/\/codemar.net\/podcast\/wp-json\/wp\/v2\/pages\/718\/revisions\/721"}],"wp:attachment":[{"href":"https:\/\/codemar.net\/podcast\/wp-json\/wp\/v2\/media?parent=718"}],"curies":[{"name":"wp","href":"https:\/\/api.w.org\/{rel}","templated":true}]}}