{"id":709,"date":"2014-10-19T13:38:02","date_gmt":"2014-10-19T19:38:02","guid":{"rendered":"http:\/\/codemar.net\/podcast\/?page_id=709"},"modified":"2014-10-19T13:38:02","modified_gmt":"2014-10-19T19:38:02","slug":"evangelio-del-28o-domingo-ordinario","status":"publish","type":"page","link":"https:\/\/codemar.net\/podcast\/evangelio-del-28o-domingo-ordinario\/","title":{"rendered":"Evangelio del 28\u00ba Domingo Ordinario"},"content":{"rendered":"<p><b>Evangelio seg\u00fan San Mateo <span dir=\"ltr\">22,1-14.<\/span> <\/b><\/p>\n<p>Jes\u00fas habl\u00f3 en par\u00e1bolas a los sumos sacerdotes y a los ancianos del pueblo, diciendo:<br \/>\nEl Reino de los Cielos se parece a un rey que celebraba las bodas de su hijo.<br \/>\nEnvi\u00f3 entonces a sus servidores para avisar a los invitados, pero estos se negaron a ir.<br \/>\nDe nuevo envi\u00f3 a otros servidores con el encargo de decir a los invitados: &#8216;Mi banquete est\u00e1 preparado; ya han sido matados mis terneros y mis mejores animales, y todo est\u00e1 a punto: Vengan a las bodas&#8217;.<br \/>\nPero ellos no tuvieron en cuenta la invitaci\u00f3n, y se fueron, uno a su campo, otro a su negocio;<br \/>\ny los dem\u00e1s se apoderaron de los servidores, los maltrataron y los mataron.<br \/>\nAl enterarse, el rey se indign\u00f3 y envi\u00f3 a sus tropas para que acabaran con aquellos homicidas e incendiaran su ciudad.<br \/>\nLuego dijo a sus servidores: &#8216;El banquete nupcial est\u00e1 preparado, pero los invitados no eran dignos de \u00e9l.<br \/>\nSalgan a los cruces de los caminos e inviten a todos los que encuentren&#8217;.<br \/>\nLos servidores salieron a los caminos y reunieron a todos los que encontraron, buenos y malos, y la sala nupcial se llen\u00f3 de convidados.<br \/>\nCuando el rey entr\u00f3 para ver a los comensales, encontr\u00f3 a un hombre que no ten\u00eda el traje de fiesta.<br \/>\n&#8216;Amigo, le dijo, \u00bfc\u00f3mo has entrado aqu\u00ed sin el traje de fiesta?&#8217;. El otro permaneci\u00f3 en silencio.<br \/>\nEntonces el rey dijo a los guardias: &#8216;Atenlo de pies y manos, y arr\u00f3jenlo afuera, a las tinieblas. All\u00ed habr\u00e1 llanto y rechinar de dientes&#8217;.<br \/>\nPorque muchos son llamados, pero pocos son elegidos.<\/p>\n<p><strong>Palabra del Se\u00f1or.<\/strong><\/p>\n<p>&nbsp;<\/p>\n","protected":false},"excerpt":{"rendered":"<p>Evangelio seg\u00fan San Mateo 22,1-14. Jes\u00fas habl\u00f3 en par\u00e1bolas a los sumos sacerdotes y a los ancianos del pueblo, diciendo: El Reino<span class=\"more-button\"><a href=\"https:\/\/codemar.net\/podcast\/evangelio-del-28o-domingo-ordinario\/\" class=\"more-link\">Continuar lectura<span class=\"screen-reader-text\">Evangelio del 28\u00ba Domingo Ordinario<\/span><\/a><\/span><\/p>\n","protected":false},"author":1,"featured_media":0,"parent":0,"menu_order":0,"comment_status":"open","ping_status":"open","template":"","meta":{"episode_type":"","audio_file":"","podmotor_file_id":"","podmotor_episode_id":"","cover_image":"","cover_image_id":"","duration":"","filesize":"","filesize_raw":"","date_recorded":"","explicit":"","block":"","itunes_episode_number":"","itunes_title":"","itunes_season_number":"","itunes_episode_type":"","jetpack_post_was_ever_published":false,"footnotes":""},"class_list":["post-709","page","type-page","status-publish","hentry"],"jetpack_shortlink":"https:\/\/wp.me\/P4bNxE-br","jetpack_sharing_enabled":true,"_links":{"self":[{"href":"https:\/\/codemar.net\/podcast\/wp-json\/wp\/v2\/pages\/709","targetHints":{"allow":["GET"]}}],"collection":[{"href":"https:\/\/codemar.net\/podcast\/wp-json\/wp\/v2\/pages"}],"about":[{"href":"https:\/\/codemar.net\/podcast\/wp-json\/wp\/v2\/types\/page"}],"author":[{"embeddable":true,"href":"https:\/\/codemar.net\/podcast\/wp-json\/wp\/v2\/users\/1"}],"replies":[{"embeddable":true,"href":"https:\/\/codemar.net\/podcast\/wp-json\/wp\/v2\/comments?post=709"}],"version-history":[{"count":1,"href":"https:\/\/codemar.net\/podcast\/wp-json\/wp\/v2\/pages\/709\/revisions"}],"predecessor-version":[{"id":710,"href":"https:\/\/codemar.net\/podcast\/wp-json\/wp\/v2\/pages\/709\/revisions\/710"}],"wp:attachment":[{"href":"https:\/\/codemar.net\/podcast\/wp-json\/wp\/v2\/media?parent=709"}],"curies":[{"name":"wp","href":"https:\/\/api.w.org\/{rel}","templated":true}]}}