{"id":701,"date":"2014-10-19T13:28:39","date_gmt":"2014-10-19T19:28:39","guid":{"rendered":"http:\/\/codemar.net\/podcast\/?page_id=701"},"modified":"2014-10-19T13:28:39","modified_gmt":"2014-10-19T19:28:39","slug":"evangelio-del-27o-domingo-ordinario","status":"publish","type":"page","link":"https:\/\/codemar.net\/podcast\/evangelio-del-27o-domingo-ordinario\/","title":{"rendered":"Evangelio del 27\u00ba Domingo Ordinario"},"content":{"rendered":"<p><b>Evangelio seg\u00fan San Mateo <span dir=\"ltr\">21,33-46.<\/span> <\/b><\/p>\n<p>Jes\u00fas dijo a los sumos sacerdotes y a los ancianos del pueblo:<br \/>\n\u00abEscuchen otra par\u00e1bola: Un hombre pose\u00eda una tierra y all\u00ed plant\u00f3 una vi\u00f1a, la cerc\u00f3, cav\u00f3 un lagar y construy\u00f3 una torre de vigilancia. Despu\u00e9s la arrend\u00f3 a unos vi\u00f1adores y se fue al extranjero.<br \/>\nCuando lleg\u00f3 el tiempo de la vendimia, envi\u00f3 a sus servidores para percibir los frutos.<br \/>\nPero los vi\u00f1adores se apoderaron de ellos, y a uno lo golpearon, a otro lo mataron y al tercero lo apedrearon.<br \/>\nEl propietario volvi\u00f3 a enviar a otros servidores, en mayor n\u00famero que los primeros, pero los trataron de la misma manera.<br \/>\nFinalmente, les envi\u00f3 a su propio hijo, pensando: &#8216;Respetar\u00e1n a mi hijo&#8217;.<br \/>\nPero, al verlo, los vi\u00f1adores se dijeron: &#8220;Este es el heredero: vamos a matarlo para quedarnos con su herencia&#8221;.<br \/>\nY apoder\u00e1ndose de \u00e9l, lo arrojaron fuera de la vi\u00f1a y lo mataron.<br \/>\nCuando vuelva el due\u00f1o, \u00bfqu\u00e9 les parece que har\u00e1 con aquellos vi\u00f1adores?\u00bb.<br \/>\nLe respondieron: &#8220;Acabar\u00e1 con esos miserables y arrendar\u00e1 la vi\u00f1a a otros, que le entregar\u00e1n el fruto a su debido tiempo&#8221;.<br \/>\nJes\u00fas agreg\u00f3: &#8220;\u00bfNo han le\u00eddo nunca en las Escrituras: La piedra que los constructores rechazaron ha llegado a ser la piedra angular: esta es la obra del Se\u00f1or, admirable a nuestros ojos?<br \/>\nPor eso les digo que el Reino de Dios les ser\u00e1 quitado a ustedes, para ser entregado a un pueblo que le har\u00e1 producir sus frutos&#8221;.<br \/>\n44.<br \/>\nLos sumos sacerdotes y los fariseos, al o\u00edr estas par\u00e1bolas, comprendieron que se refer\u00eda a ellos.<br \/>\nEntonces buscaron el modo de detenerlo, pero tem\u00edan a la multitud, que lo consideraba un profeta.<\/p>\n<p><strong>Palabra del Se\u00f1or.<\/strong><\/p>\n<p>&nbsp;<\/p>\n","protected":false},"excerpt":{"rendered":"<p>Evangelio seg\u00fan San Mateo 21,33-46. Jes\u00fas dijo a los sumos sacerdotes y a los ancianos del pueblo: \u00abEscuchen otra par\u00e1bola: Un hombre<span class=\"more-button\"><a href=\"https:\/\/codemar.net\/podcast\/evangelio-del-27o-domingo-ordinario\/\" class=\"more-link\">Continuar lectura<span class=\"screen-reader-text\">Evangelio del 27\u00ba Domingo Ordinario<\/span><\/a><\/span><\/p>\n","protected":false},"author":1,"featured_media":0,"parent":0,"menu_order":0,"comment_status":"open","ping_status":"open","template":"","meta":{"episode_type":"","audio_file":"","podmotor_file_id":"","podmotor_episode_id":"","cover_image":"","cover_image_id":"","duration":"","filesize":"","filesize_raw":"","date_recorded":"","explicit":"","block":"","itunes_episode_number":"","itunes_title":"","itunes_season_number":"","itunes_episode_type":"","jetpack_post_was_ever_published":false,"footnotes":""},"class_list":["post-701","page","type-page","status-publish","hentry"],"jetpack_shortlink":"https:\/\/wp.me\/P4bNxE-bj","jetpack_sharing_enabled":true,"_links":{"self":[{"href":"https:\/\/codemar.net\/podcast\/wp-json\/wp\/v2\/pages\/701","targetHints":{"allow":["GET"]}}],"collection":[{"href":"https:\/\/codemar.net\/podcast\/wp-json\/wp\/v2\/pages"}],"about":[{"href":"https:\/\/codemar.net\/podcast\/wp-json\/wp\/v2\/types\/page"}],"author":[{"embeddable":true,"href":"https:\/\/codemar.net\/podcast\/wp-json\/wp\/v2\/users\/1"}],"replies":[{"embeddable":true,"href":"https:\/\/codemar.net\/podcast\/wp-json\/wp\/v2\/comments?post=701"}],"version-history":[{"count":1,"href":"https:\/\/codemar.net\/podcast\/wp-json\/wp\/v2\/pages\/701\/revisions"}],"predecessor-version":[{"id":702,"href":"https:\/\/codemar.net\/podcast\/wp-json\/wp\/v2\/pages\/701\/revisions\/702"}],"wp:attachment":[{"href":"https:\/\/codemar.net\/podcast\/wp-json\/wp\/v2\/media?parent=701"}],"curies":[{"name":"wp","href":"https:\/\/api.w.org\/{rel}","templated":true}]}}