{"id":688,"date":"2014-10-19T10:27:12","date_gmt":"2014-10-19T16:27:12","guid":{"rendered":"http:\/\/codemar.net\/podcast\/?page_id=688"},"modified":"2014-10-19T10:27:12","modified_gmt":"2014-10-19T16:27:12","slug":"evangelio-del-26o-domingo-ordinario","status":"publish","type":"page","link":"https:\/\/codemar.net\/podcast\/evangelio-del-26o-domingo-ordinario\/","title":{"rendered":"Evangelio del 26\u00ba Domingo Ordinario"},"content":{"rendered":"<p><b>Evangelio seg\u00fan San Mateo <span dir=\"ltr\">21,28-32.<\/span> <\/b><\/p>\n<p>Jes\u00fas dijo a los sumos sacerdotes y a los ancianos del pueblo:<br \/>\n&#8220;\u00bfQu\u00e9 les parece? Un hombre ten\u00eda dos hijos y, dirigi\u00e9ndose al primero, le dijo: &#8216;Hijo, quiero que hoy vayas a trabajar a mi vi\u00f1a&#8217;.<br \/>\nEl respondi\u00f3: &#8216;No quiero&#8217;. Pero despu\u00e9s se arrepinti\u00f3 y fue.<br \/>\nDirigi\u00e9ndose al segundo, le dijo lo mismo y este le respondi\u00f3: &#8216;Voy, Se\u00f1or&#8217;, pero no fue.<br \/>\n\u00bfCu\u00e1l de los dos cumpli\u00f3 la voluntad de su padre?&#8221;. &#8220;El primero&#8221;, le respondieron. Jes\u00fas les dijo: &#8220;Les aseguro que los publicanos y las prostitutas llegan antes que ustedes al Reino de Dios.<br \/>\nEn efecto, Juan vino a ustedes por el camino de la justicia y no creyeron en \u00e9l; en cambio, los publicanos y las prostitutas creyeron en \u00e9l. Pero ustedes, ni siquiera al ver este ejemplo, se han arrepentido ni han cre\u00eddo en \u00e9l&#8221;.<\/p>\n<p><strong>Palabra del Se\u00f1or<\/strong><\/p>\n<p>&nbsp;<\/p>\n","protected":false},"excerpt":{"rendered":"<p>Evangelio seg\u00fan San Mateo 21,28-32. Jes\u00fas dijo a los sumos sacerdotes y a los ancianos del pueblo: &#8220;\u00bfQu\u00e9 les parece? Un hombre<span class=\"more-button\"><a href=\"https:\/\/codemar.net\/podcast\/evangelio-del-26o-domingo-ordinario\/\" class=\"more-link\">Continuar lectura<span class=\"screen-reader-text\">Evangelio del 26\u00ba Domingo Ordinario<\/span><\/a><\/span><\/p>\n","protected":false},"author":1,"featured_media":0,"parent":0,"menu_order":0,"comment_status":"open","ping_status":"open","template":"","meta":{"episode_type":"","audio_file":"","podmotor_file_id":"","podmotor_episode_id":"","cover_image":"","cover_image_id":"","duration":"","filesize":"","filesize_raw":"","date_recorded":"","explicit":"","block":"","itunes_episode_number":"","itunes_title":"","itunes_season_number":"","itunes_episode_type":"","jetpack_post_was_ever_published":false,"footnotes":""},"class_list":["post-688","page","type-page","status-publish","hentry"],"jetpack_shortlink":"https:\/\/wp.me\/P4bNxE-b6","jetpack_sharing_enabled":true,"_links":{"self":[{"href":"https:\/\/codemar.net\/podcast\/wp-json\/wp\/v2\/pages\/688","targetHints":{"allow":["GET"]}}],"collection":[{"href":"https:\/\/codemar.net\/podcast\/wp-json\/wp\/v2\/pages"}],"about":[{"href":"https:\/\/codemar.net\/podcast\/wp-json\/wp\/v2\/types\/page"}],"author":[{"embeddable":true,"href":"https:\/\/codemar.net\/podcast\/wp-json\/wp\/v2\/users\/1"}],"replies":[{"embeddable":true,"href":"https:\/\/codemar.net\/podcast\/wp-json\/wp\/v2\/comments?post=688"}],"version-history":[{"count":1,"href":"https:\/\/codemar.net\/podcast\/wp-json\/wp\/v2\/pages\/688\/revisions"}],"predecessor-version":[{"id":689,"href":"https:\/\/codemar.net\/podcast\/wp-json\/wp\/v2\/pages\/688\/revisions\/689"}],"wp:attachment":[{"href":"https:\/\/codemar.net\/podcast\/wp-json\/wp\/v2\/media?parent=688"}],"curies":[{"name":"wp","href":"https:\/\/api.w.org\/{rel}","templated":true}]}}