{"id":680,"date":"2014-10-19T10:10:25","date_gmt":"2014-10-19T16:10:25","guid":{"rendered":"http:\/\/codemar.net\/podcast\/?page_id=680"},"modified":"2014-10-19T10:10:25","modified_gmt":"2014-10-19T16:10:25","slug":"evangelio-de-la-exaltacion-de-la-cruz","status":"publish","type":"page","link":"https:\/\/codemar.net\/podcast\/evangelio-de-la-exaltacion-de-la-cruz\/","title":{"rendered":"Evangelio de la Exaltaci\u00f3n de la Cruz"},"content":{"rendered":"<p><b>Evangelio seg\u00fan San Juan <span dir=\"ltr\">3,13-17<\/span><\/b><\/p>\n<p>Jes\u00fas dijo a Nicodemo:<\/p>\n<p>\u00abNadie ha subido al cielo, sino el que descendi\u00f3 del cielo, el Hijo del hombre que est\u00e1 en el cielo.<br \/>\nDe la misma manera que Mois\u00e9s levant\u00f3 en alto la serpiente en el desierto, tambi\u00e9n es necesario que el Hijo del hombre sea levantado en alto,<br \/>\npara que todos los que creen en \u00e9l tengan Vida eterna.<br \/>\nS\u00ed, Dios am\u00f3 tanto al mundo, que entreg\u00f3 a su Hijo \u00fanico para que todo el que cree en \u00e9l no muera, sino que tenga Vida eterna.<br \/>\nPorque Dios no envi\u00f3 a su Hijo para juzgar al mundo, sino para que el mundo se salve por \u00e9l.\u00bb<\/p>\n<p><strong>Palabra de Dios<\/strong><\/p>\n","protected":false},"excerpt":{"rendered":"<p>Evangelio seg\u00fan San Juan 3,13-17 Jes\u00fas dijo a Nicodemo: \u00abNadie ha subido al cielo, sino el que descendi\u00f3 del cielo, el Hijo<span class=\"more-button\"><a href=\"https:\/\/codemar.net\/podcast\/evangelio-de-la-exaltacion-de-la-cruz\/\" class=\"more-link\">Continuar lectura<span class=\"screen-reader-text\">Evangelio de la Exaltaci\u00f3n de la Cruz<\/span><\/a><\/span><\/p>\n","protected":false},"author":1,"featured_media":0,"parent":0,"menu_order":0,"comment_status":"open","ping_status":"open","template":"","meta":{"episode_type":"","audio_file":"","podmotor_file_id":"","podmotor_episode_id":"","cover_image":"","cover_image_id":"","duration":"","filesize":"","filesize_raw":"","date_recorded":"","explicit":"","block":"","itunes_episode_number":"","itunes_title":"","itunes_season_number":"","itunes_episode_type":"","jetpack_post_was_ever_published":false,"footnotes":""},"class_list":["post-680","page","type-page","status-publish","hentry"],"jetpack_shortlink":"https:\/\/wp.me\/P4bNxE-aY","jetpack_sharing_enabled":true,"_links":{"self":[{"href":"https:\/\/codemar.net\/podcast\/wp-json\/wp\/v2\/pages\/680","targetHints":{"allow":["GET"]}}],"collection":[{"href":"https:\/\/codemar.net\/podcast\/wp-json\/wp\/v2\/pages"}],"about":[{"href":"https:\/\/codemar.net\/podcast\/wp-json\/wp\/v2\/types\/page"}],"author":[{"embeddable":true,"href":"https:\/\/codemar.net\/podcast\/wp-json\/wp\/v2\/users\/1"}],"replies":[{"embeddable":true,"href":"https:\/\/codemar.net\/podcast\/wp-json\/wp\/v2\/comments?post=680"}],"version-history":[{"count":1,"href":"https:\/\/codemar.net\/podcast\/wp-json\/wp\/v2\/pages\/680\/revisions"}],"predecessor-version":[{"id":681,"href":"https:\/\/codemar.net\/podcast\/wp-json\/wp\/v2\/pages\/680\/revisions\/681"}],"wp:attachment":[{"href":"https:\/\/codemar.net\/podcast\/wp-json\/wp\/v2\/media?parent=680"}],"curies":[{"name":"wp","href":"https:\/\/api.w.org\/{rel}","templated":true}]}}