{"id":637,"date":"2014-08-23T13:48:24","date_gmt":"2014-08-23T19:48:24","guid":{"rendered":"http:\/\/codemar.net\/podcast\/?page_id=637"},"modified":"2014-08-23T13:48:24","modified_gmt":"2014-08-23T19:48:24","slug":"evangelio-de-la-asuncion-de-maria","status":"publish","type":"page","link":"https:\/\/codemar.net\/podcast\/evangelio-de-la-asuncion-de-maria\/","title":{"rendered":"Evangelio de la Asunci\u00f3n de Mar\u00eda"},"content":{"rendered":"<p><strong>Evangelio seg\u00fan San Lucas 1, 39-56.<\/strong><\/p>\n<p>Durante su embarazo, Mar\u00eda parti\u00f3 y fue sin demora a un pueblo de la monta\u00f1a de Jud\u00e1. Entr\u00f3 en la casa de Zacar\u00edas y salud\u00f3 a Isabel. Apenas \u00e9sta oy\u00f3 el saludo de Mar\u00eda, el ni\u00f1o salt\u00f3 de alegr\u00eda en su vientre, e Isabel, llena del Esp\u00edritu Santo exclam\u00f3:<\/p>\n<p>\u00ab\u00a1T\u00fa eres bendita entre todas las mujeres y bendito es el fruto de tu vientre! \u00bfQui\u00e9n soy yo, para que la madre de mi Se\u00f1or venga a visitarme? Apenas o\u00ed tu saludo, el ni\u00f1o salt\u00f3 de alegr\u00eda en mi vientre. Feliz de ti por haber cre\u00eddo que se cumplir\u00e1 lo que te fue anunciado de parte del Se\u00f1or\u00bb<\/p>\n<p>Mar\u00eda dijo entonces:<\/p>\n<p>\u00abMi alma canta la grandeza del Se\u00f1or,<br \/>\ny mi esp\u00edritu se estremece de gozo en Dios, mi Salvador,<br \/>\nporque \u00c9l mir\u00f3 con bondad la peque\u00f1ez de su servidora.<br \/>\nEn adelante todas las generaciones me llamar\u00e1n feliz,<br \/>\nporque el Todopoderoso ha hecho en m\u00ed grandes cosas:<br \/>\n\u00a1su Nombre es santo!<br \/>\nSu misericordia se extiende de generaci\u00f3n en generaci\u00f3n<br \/>\nsobre aqu\u00e9llos que lo temen.<br \/>\nDespleg\u00f3 la fuerza de su brazo,<br \/>\ndispers\u00f3 a los soberbios de coraz\u00f3n.<br \/>\nDerrib\u00f3 a los poderosos de su trono<br \/>\ny elev\u00f3 a los humildes.<br \/>\nColm\u00f3 de bienes a los hambrientos<br \/>\ny despidi\u00f3 a los ricos con las manos vac\u00edas.<br \/>\nSocorri\u00f3 a Israel, su servidor,<br \/>\nacord\u00e1ndose de su misericordia,<br \/>\ncomo lo hab\u00eda prometido a nuestros padres,<br \/>\nen favor de Abraham y de su descendencia para siempre\u00bb.<br \/>\nMar\u00eda permaneci\u00f3 con Isabel unos tres meses y luego regres\u00f3 a su casa.<\/p>\n<p>&nbsp;<\/p>\n<p><strong>Palabra del Se\u00f1or.<\/strong><\/p>\n","protected":false},"excerpt":{"rendered":"<p>Evangelio seg\u00fan San Lucas 1, 39-56. Durante su embarazo, Mar\u00eda parti\u00f3 y fue sin demora a un pueblo de la monta\u00f1a de<span class=\"more-button\"><a href=\"https:\/\/codemar.net\/podcast\/evangelio-de-la-asuncion-de-maria\/\" class=\"more-link\">Continuar lectura<span class=\"screen-reader-text\">Evangelio de la Asunci\u00f3n de Mar\u00eda<\/span><\/a><\/span><\/p>\n","protected":false},"author":1,"featured_media":0,"parent":0,"menu_order":0,"comment_status":"open","ping_status":"open","template":"","meta":{"episode_type":"","audio_file":"","podmotor_file_id":"","podmotor_episode_id":"","cover_image":"","cover_image_id":"","duration":"","filesize":"","filesize_raw":"","date_recorded":"","explicit":"","block":"","itunes_episode_number":"","itunes_title":"","itunes_season_number":"","itunes_episode_type":"","jetpack_post_was_ever_published":false,"footnotes":""},"class_list":["post-637","page","type-page","status-publish","hentry"],"jetpack_shortlink":"https:\/\/wp.me\/P4bNxE-ah","jetpack_sharing_enabled":true,"_links":{"self":[{"href":"https:\/\/codemar.net\/podcast\/wp-json\/wp\/v2\/pages\/637","targetHints":{"allow":["GET"]}}],"collection":[{"href":"https:\/\/codemar.net\/podcast\/wp-json\/wp\/v2\/pages"}],"about":[{"href":"https:\/\/codemar.net\/podcast\/wp-json\/wp\/v2\/types\/page"}],"author":[{"embeddable":true,"href":"https:\/\/codemar.net\/podcast\/wp-json\/wp\/v2\/users\/1"}],"replies":[{"embeddable":true,"href":"https:\/\/codemar.net\/podcast\/wp-json\/wp\/v2\/comments?post=637"}],"version-history":[{"count":1,"href":"https:\/\/codemar.net\/podcast\/wp-json\/wp\/v2\/pages\/637\/revisions"}],"predecessor-version":[{"id":638,"href":"https:\/\/codemar.net\/podcast\/wp-json\/wp\/v2\/pages\/637\/revisions\/638"}],"wp:attachment":[{"href":"https:\/\/codemar.net\/podcast\/wp-json\/wp\/v2\/media?parent=637"}],"curies":[{"name":"wp","href":"https:\/\/api.w.org\/{rel}","templated":true}]}}