{"id":616,"date":"2014-08-23T13:02:35","date_gmt":"2014-08-23T19:02:35","guid":{"rendered":"http:\/\/codemar.net\/podcast\/?page_id=616"},"modified":"2014-08-23T13:02:35","modified_gmt":"2014-08-23T19:02:35","slug":"evangelio-del-17o-domingo-ordinario","status":"publish","type":"page","link":"https:\/\/codemar.net\/podcast\/evangelio-del-17o-domingo-ordinario\/","title":{"rendered":"Evangelio del 17\u00ba Domingo Ordinario"},"content":{"rendered":"<p><strong>Evangelio seg\u00fan San Mateo 13, 44-52.<\/strong><\/p>\n<p>Jes\u00fas dijo a la multitud:<br \/>\n&#8220;El Reino de los Cielos se parece a un tesoro escondido en un campo; un hombre lo encuentra, lo vuelve a esconder, y lleno de alegr\u00eda, vende todo lo que posee y compra el campo.<br \/>\nEl Reino de los Cielos se parece tambi\u00e9n a un negociante que se dedicaba a buscar perlas finas;<br \/>\ny al encontrar una de gran valor, fue a vender todo lo que ten\u00eda y la compr\u00f3.&#8221;<br \/>\nEl Reino de los Cielos se parece tambi\u00e9n a una red que se echa al mar y recoge toda clase de peces.<br \/>\nCuando est\u00e1 llena, los pescadores la sacan a la orilla y, sent\u00e1ndose, recogen lo bueno en canastas y tiran lo que no sirve.<br \/>\nAs\u00ed suceder\u00e1 al fin del mundo: vendr\u00e1n los \u00e1ngeles y separar\u00e1n a los malos de entre los justos,<br \/>\npara arrojarlos en el horno ardiente. All\u00ed habr\u00e1 llanto y rechinar de dientes.<br \/>\n\u00bfComprendieron todo esto?&#8221;. &#8220;S\u00ed&#8221;, le respondieron.<br \/>\nEntonces agreg\u00f3: &#8220;Todo escriba convertido en disc\u00edpulo del Reino de los Cielos se parece a un due\u00f1o de casa que saca de sus reservas lo nuevo y lo viejo&#8221;.<\/p>\n<p><strong>Palabra del Se\u00f1or.<\/strong><\/p>\n","protected":false},"excerpt":{"rendered":"<p>Evangelio seg\u00fan San Mateo 13, 44-52. Jes\u00fas dijo a la multitud: &#8220;El Reino de los Cielos se parece a un tesoro escondido<span class=\"more-button\"><a href=\"https:\/\/codemar.net\/podcast\/evangelio-del-17o-domingo-ordinario\/\" class=\"more-link\">Continuar lectura<span class=\"screen-reader-text\">Evangelio del 17\u00ba Domingo Ordinario<\/span><\/a><\/span><\/p>\n","protected":false},"author":1,"featured_media":0,"parent":0,"menu_order":0,"comment_status":"open","ping_status":"open","template":"","meta":{"episode_type":"","audio_file":"","podmotor_file_id":"","podmotor_episode_id":"","cover_image":"","cover_image_id":"","duration":"","filesize":"","filesize_raw":"","date_recorded":"","explicit":"","block":"","itunes_episode_number":"","itunes_title":"","itunes_season_number":"","itunes_episode_type":"","jetpack_post_was_ever_published":false,"footnotes":""},"class_list":["post-616","page","type-page","status-publish","hentry"],"jetpack_shortlink":"https:\/\/wp.me\/P4bNxE-9W","jetpack_sharing_enabled":true,"_links":{"self":[{"href":"https:\/\/codemar.net\/podcast\/wp-json\/wp\/v2\/pages\/616","targetHints":{"allow":["GET"]}}],"collection":[{"href":"https:\/\/codemar.net\/podcast\/wp-json\/wp\/v2\/pages"}],"about":[{"href":"https:\/\/codemar.net\/podcast\/wp-json\/wp\/v2\/types\/page"}],"author":[{"embeddable":true,"href":"https:\/\/codemar.net\/podcast\/wp-json\/wp\/v2\/users\/1"}],"replies":[{"embeddable":true,"href":"https:\/\/codemar.net\/podcast\/wp-json\/wp\/v2\/comments?post=616"}],"version-history":[{"count":1,"href":"https:\/\/codemar.net\/podcast\/wp-json\/wp\/v2\/pages\/616\/revisions"}],"predecessor-version":[{"id":617,"href":"https:\/\/codemar.net\/podcast\/wp-json\/wp\/v2\/pages\/616\/revisions\/617"}],"wp:attachment":[{"href":"https:\/\/codemar.net\/podcast\/wp-json\/wp\/v2\/media?parent=616"}],"curies":[{"name":"wp","href":"https:\/\/api.w.org\/{rel}","templated":true}]}}