{"id":597,"date":"2014-08-23T11:33:48","date_gmt":"2014-08-23T17:33:48","guid":{"rendered":"http:\/\/codemar.net\/podcast\/?page_id=597"},"modified":"2014-08-23T11:33:48","modified_gmt":"2014-08-23T17:33:48","slug":"evangelio-del-16o-domingo-ordinario","status":"publish","type":"page","link":"https:\/\/codemar.net\/podcast\/evangelio-del-16o-domingo-ordinario\/","title":{"rendered":"Evangelio del 16\u00ba Domingo Ordinario"},"content":{"rendered":"<p><strong>Evangelio seg\u00fan San Mateo 13, 24-43.<\/strong><\/p>\n<p>Jes\u00fas propuso a la gente otra par\u00e1bola:<br \/>\n&#8220;El Reino de los Cielos se parece a un hombre que sembr\u00f3 buena semilla en su campo;<br \/>\npero mientras todos dorm\u00edan vino su enemigo, sembr\u00f3 ciza\u00f1a en medio del trigo y se fue.<br \/>\nCuando creci\u00f3 el trigo y aparecieron las espigas, tambi\u00e9n apareci\u00f3 la ciza\u00f1a.<br \/>\nLos peones fueron a ver entonces al propietario y le dijeron: &#8216;Se\u00f1or, \u00bfno hab\u00edas sembrado buena semilla en tu campo? \u00bfC\u00f3mo es que ahora hay ciza\u00f1a en \u00e9l?&#8217;.<br \/>\nEl les respondi\u00f3: &#8216;Esto lo ha hecho alg\u00fan enemigo&#8217;. Los peones replicaron: &#8216;\u00bfQuieres que vayamos a arrancarla?&#8217;.<br \/>\n&#8216;No, les dijo el due\u00f1o, porque al arrancar la ciza\u00f1a, corren el peligro de arrancar tambi\u00e9n el trigo.<br \/>\nDejen que crezcan juntos hasta la cosecha, y entonces dir\u00e9 a los cosechadores: Arranquen primero la ciza\u00f1a y \u00e1tenla en manojos para quemarla, y luego recojan el trigo en mi granero'&#8221;.<br \/>\nTambi\u00e9n les propuso otra par\u00e1bola: &#8220;El Reino de los Cielos se parece a un grano de mostaza que un hombre sembr\u00f3 en su campo.<br \/>\nEn realidad, esta es la m\u00e1s peque\u00f1a de las semillas, pero cuando crece es la m\u00e1s grande de las hortalizas y se convierte en un arbusto, de tal manera que los p\u00e1jaros del cielo van a cobijarse en sus ramas&#8221;.<br \/>\nDespu\u00e9s les dijo esta otra par\u00e1bola: &#8220;El Reino de los Cielos se parece a un poco de levadura que una mujer mezcla con gran cantidad de harina, hasta que fermenta toda la masa&#8221;.<br \/>\nTodo esto lo dec\u00eda Jes\u00fas a la muchedumbre por medio de par\u00e1bolas, y no les hablaba sin par\u00e1bolas,<br \/>\npara que se cumpliera lo anunciado por el Profeta: Hablar\u00e9 en par\u00e1bolas, anunciar\u00e9 cosas que estaban ocultas desde la creaci\u00f3n del mundo.<br \/>\nEntonces, dejando a la multitud, Jes\u00fas regres\u00f3 a la casa; sus disc\u00edpulos se acercaron y le dijeron: &#8220;Expl\u00edcanos la par\u00e1bola de la ciza\u00f1a en el campo&#8221;.<br \/>\nEl les respondi\u00f3: &#8220;El que siembra la buena semilla es el Hijo del hombre;<br \/>\nel campo es el mundo; la buena semilla son los que pertenecen al Reino; la ciza\u00f1a son los que pertenecen al Maligno,<br \/>\ny el enemigo que la siembra es el demonio; la cosecha es el fin del mundo y los cosechadores son los \u00e1ngeles.<br \/>\nAs\u00ed como se arranca la ciza\u00f1a y se la quema en el fuego, de la misma manera suceder\u00e1 al fin del mundo.<br \/>\nEl Hijo del hombre enviar\u00e1 a sus \u00e1ngeles, y estos quitar\u00e1n de su Reino todos los esc\u00e1ndalos y a los que hicieron el mal,<br \/>\ny los arrojar\u00e1n en el horno ardiente: all\u00ed habr\u00e1 llanto y rechinar de dientes.<br \/>\nEntonces los justos resplandecer\u00e1n como el sol en el Reino de su Padre. \u00a1El que tenga o\u00eddos, que oiga!&#8221;<\/p>\n<p><strong>Palabra del Se\u00f1or.<\/strong><\/p>\n","protected":false},"excerpt":{"rendered":"<p>Evangelio seg\u00fan San Mateo 13, 24-43. Jes\u00fas propuso a la gente otra par\u00e1bola: &#8220;El Reino de los Cielos se parece a un<span class=\"more-button\"><a href=\"https:\/\/codemar.net\/podcast\/evangelio-del-16o-domingo-ordinario\/\" class=\"more-link\">Continuar lectura<span class=\"screen-reader-text\">Evangelio del 16\u00ba Domingo Ordinario<\/span><\/a><\/span><\/p>\n","protected":false},"author":1,"featured_media":0,"parent":0,"menu_order":0,"comment_status":"open","ping_status":"open","template":"","meta":{"episode_type":"","audio_file":"","podmotor_file_id":"","podmotor_episode_id":"","cover_image":"","cover_image_id":"","duration":"","filesize":"","filesize_raw":"","date_recorded":"","explicit":"","block":"","itunes_episode_number":"","itunes_title":"","itunes_season_number":"","itunes_episode_type":"","jetpack_post_was_ever_published":false,"footnotes":""},"class_list":["post-597","page","type-page","status-publish","hentry"],"jetpack_shortlink":"https:\/\/wp.me\/P4bNxE-9D","jetpack_sharing_enabled":true,"_links":{"self":[{"href":"https:\/\/codemar.net\/podcast\/wp-json\/wp\/v2\/pages\/597","targetHints":{"allow":["GET"]}}],"collection":[{"href":"https:\/\/codemar.net\/podcast\/wp-json\/wp\/v2\/pages"}],"about":[{"href":"https:\/\/codemar.net\/podcast\/wp-json\/wp\/v2\/types\/page"}],"author":[{"embeddable":true,"href":"https:\/\/codemar.net\/podcast\/wp-json\/wp\/v2\/users\/1"}],"replies":[{"embeddable":true,"href":"https:\/\/codemar.net\/podcast\/wp-json\/wp\/v2\/comments?post=597"}],"version-history":[{"count":2,"href":"https:\/\/codemar.net\/podcast\/wp-json\/wp\/v2\/pages\/597\/revisions"}],"predecessor-version":[{"id":599,"href":"https:\/\/codemar.net\/podcast\/wp-json\/wp\/v2\/pages\/597\/revisions\/599"}],"wp:attachment":[{"href":"https:\/\/codemar.net\/podcast\/wp-json\/wp\/v2\/media?parent=597"}],"curies":[{"name":"wp","href":"https:\/\/api.w.org\/{rel}","templated":true}]}}