{"id":591,"date":"2014-08-23T11:25:51","date_gmt":"2014-08-23T17:25:51","guid":{"rendered":"http:\/\/codemar.net\/podcast\/?page_id=591"},"modified":"2014-08-23T11:25:51","modified_gmt":"2014-08-23T17:25:51","slug":"evangelio-del-15o-domingo-ordinario","status":"publish","type":"page","link":"https:\/\/codemar.net\/podcast\/evangelio-del-15o-domingo-ordinario\/","title":{"rendered":"Evangelio del 15\u00ba Domingo Ordinario"},"content":{"rendered":"<p><strong>Evangelio seg\u00fan San Mateo 13, 1-23<\/strong><\/p>\n<p>Aquel d\u00eda, Jes\u00fas sali\u00f3 de la casa y se sent\u00f3 a orillas del mar.<br \/>\nUna gran multitud se reuni\u00f3 junto a \u00e9l, de manera que debi\u00f3 subir a una barca y sentarse en ella, mientras la multitud permanec\u00eda en la costa.<br \/>\nEntonces \u00e9l les habl\u00f3 extensamente por medio de par\u00e1bolas. Les dec\u00eda: &#8220;El sembrador sali\u00f3 a sembrar.<br \/>\nAl esparcir las semillas, algunas cayeron al borde del camino y los p\u00e1jaros las comieron.<br \/>\nOtras cayeron en terreno pedregoso, donde no hab\u00eda mucha tierra, y brotaron en seguida, porque la tierra era poco profunda;<br \/>\npero cuando sali\u00f3 el sol, se quemaron y, por falta de ra\u00edz, se secaron.<br \/>\nOtras cayeron entre espinas, y estas, al crecer, las ahogaron.<br \/>\nOtras cayeron en tierra buena y dieron fruto: unas cien, otras sesenta, otras treinta.<br \/>\n\u00a1El que tenga o\u00eddos, que oiga!&#8221;.<br \/>\nLos disc\u00edpulos se acercaron y le dijeron: &#8220;\u00bfPor qu\u00e9 les hablas por medio de par\u00e1bolas?&#8221;.<br \/>\nEl les respondi\u00f3: &#8220;A ustedes se les ha concedido conocer los misterios del Reino de los Cielos, pero a ellos no.<br \/>\nPorque a quien tiene, se le dar\u00e1 m\u00e1s todav\u00eda y tendr\u00e1 en abundancia, pero al que no tiene, se le quitar\u00e1 aun lo que tiene.<br \/>\nPor eso les hablo por medio de par\u00e1bolas: porque miran y no ven, oyen y no escuchan ni entienden.<br \/>\nY as\u00ed se cumple en ellos la profec\u00eda de Isa\u00edas, que dice: Por m\u00e1s que oigan, no comprender\u00e1n, por m\u00e1s que vean, no conocer\u00e1n,<br \/>\nPorque el coraz\u00f3n de este pueblo se ha endurecido, tienen tapados sus o\u00eddos y han cerrado sus ojos, para que sus ojos no vean, y sus o\u00eddos no oigan, y su coraz\u00f3n no comprenda, y no se conviertan, y yo no los cure.<br \/>\nFelices, en cambio, los ojos de ustedes, porque ven; felices sus o\u00eddos, porque oyen.<br \/>\nLes aseguro que muchos profetas y justos desearon ver lo que ustedes ven y no lo vieron; o\u00edr lo que ustedes oyen, y no lo oyeron.&#8221;<br \/>\nEscuchen, entonces, lo que significa la par\u00e1bola del sembrador.<br \/>\nCuando alguien oye la Palabra del Reino y no la comprende, viene el Maligno y arrebata lo que hab\u00eda sido sembrado en su coraz\u00f3n: este es el que recibi\u00f3 la semilla al borde del camino.<br \/>\nEl que la recibe en terreno pedregoso es el hombre que, al escuchar la Palabra, la acepta en seguida con alegr\u00eda,<br \/>\npero no la deja echar ra\u00edces, porque es inconstante: en cuanto sobreviene una tribulaci\u00f3n o una persecuci\u00f3n a causa de la Palabra, inmediatamente sucumbe.<br \/>\nEl que recibe la semilla entre espinas es el hombre que escucha la Palabra, pero las preocupaciones del mundo y la seducci\u00f3n de las riquezas la ahogan, y no puede dar fruto.<br \/>\nY el que la recibe en tierra f\u00e9rtil es el hombre que escucha la Palabra y la comprende. Este produce fruto, ya sea cien, ya sesenta, ya treinta por uno&#8221;.<\/p>\n<p><strong>Palabra del Se\u00f1or.<\/strong><\/p>\n","protected":false},"excerpt":{"rendered":"<p>Evangelio seg\u00fan San Mateo 13, 1-23 Aquel d\u00eda, Jes\u00fas sali\u00f3 de la casa y se sent\u00f3 a orillas del mar. Una gran<span class=\"more-button\"><a href=\"https:\/\/codemar.net\/podcast\/evangelio-del-15o-domingo-ordinario\/\" class=\"more-link\">Continuar lectura<span class=\"screen-reader-text\">Evangelio del 15\u00ba Domingo Ordinario<\/span><\/a><\/span><\/p>\n","protected":false},"author":1,"featured_media":0,"parent":0,"menu_order":0,"comment_status":"open","ping_status":"open","template":"","meta":{"episode_type":"","audio_file":"","podmotor_file_id":"","podmotor_episode_id":"","cover_image":"","cover_image_id":"","duration":"","filesize":"","filesize_raw":"","date_recorded":"","explicit":"","block":"","itunes_episode_number":"","itunes_title":"","itunes_season_number":"","itunes_episode_type":"","jetpack_post_was_ever_published":false,"footnotes":""},"class_list":["post-591","page","type-page","status-publish","hentry"],"jetpack_shortlink":"https:\/\/wp.me\/P4bNxE-9x","jetpack_sharing_enabled":true,"_links":{"self":[{"href":"https:\/\/codemar.net\/podcast\/wp-json\/wp\/v2\/pages\/591","targetHints":{"allow":["GET"]}}],"collection":[{"href":"https:\/\/codemar.net\/podcast\/wp-json\/wp\/v2\/pages"}],"about":[{"href":"https:\/\/codemar.net\/podcast\/wp-json\/wp\/v2\/types\/page"}],"author":[{"embeddable":true,"href":"https:\/\/codemar.net\/podcast\/wp-json\/wp\/v2\/users\/1"}],"replies":[{"embeddable":true,"href":"https:\/\/codemar.net\/podcast\/wp-json\/wp\/v2\/comments?post=591"}],"version-history":[{"count":1,"href":"https:\/\/codemar.net\/podcast\/wp-json\/wp\/v2\/pages\/591\/revisions"}],"predecessor-version":[{"id":592,"href":"https:\/\/codemar.net\/podcast\/wp-json\/wp\/v2\/pages\/591\/revisions\/592"}],"wp:attachment":[{"href":"https:\/\/codemar.net\/podcast\/wp-json\/wp\/v2\/media?parent=591"}],"curies":[{"name":"wp","href":"https:\/\/api.w.org\/{rel}","templated":true}]}}