{"id":571,"date":"2014-08-23T10:57:36","date_gmt":"2014-08-23T16:57:36","guid":{"rendered":"http:\/\/codemar.net\/podcast\/?page_id=571"},"modified":"2014-08-23T10:57:36","modified_gmt":"2014-08-23T16:57:36","slug":"evangelio-del-sagrado-corazon-de-jesus","status":"publish","type":"page","link":"https:\/\/codemar.net\/podcast\/evangelio-del-sagrado-corazon-de-jesus\/","title":{"rendered":"Evangelio del Sagrado Coraz\u00f3n de Jes\u00fas"},"content":{"rendered":"<p><strong>Evangelio seg\u00fan San Mateo 11, 25-30<\/strong><\/p>\n<p>Jes\u00fas dijo:<br \/>\n&#8220;Te alabo, Padre, Se\u00f1or del cielo y de la tierra, por haber ocultado estas cosas a los sabios y a los prudentes y haberlas revelado a los peque\u00f1os.<br \/>\nS\u00ed, Padre, porque as\u00ed lo has querido.<br \/>\nTodo me ha sido dado por mi Padre, y nadie conoce al Hijo sino el Padre, as\u00ed como nadie conoce al Padre sino el Hijo y aquel a quien el Hijo se lo quiera revelar.&#8221;<br \/>\nVengan a m\u00ed todos los que est\u00e1n afligidos y agobiados, y yo los aliviar\u00e9.<br \/>\nCarguen sobre ustedes mi yugo y aprendan de m\u00ed, porque soy paciente y humilde de coraz\u00f3n, y as\u00ed encontrar\u00e1n alivio.<br \/>\nPorque mi yugo es suave y mi carga liviana.<\/p>\n<p><strong>Palabra de Dios<\/strong><\/p>\n","protected":false},"excerpt":{"rendered":"<p>Evangelio seg\u00fan San Mateo 11, 25-30 Jes\u00fas dijo: &#8220;Te alabo, Padre, Se\u00f1or del cielo y de la tierra, por haber ocultado estas<span class=\"more-button\"><a href=\"https:\/\/codemar.net\/podcast\/evangelio-del-sagrado-corazon-de-jesus\/\" class=\"more-link\">Continuar lectura<span class=\"screen-reader-text\">Evangelio del Sagrado Coraz\u00f3n de Jes\u00fas<\/span><\/a><\/span><\/p>\n","protected":false},"author":1,"featured_media":0,"parent":0,"menu_order":0,"comment_status":"open","ping_status":"open","template":"","meta":{"episode_type":"","audio_file":"","podmotor_file_id":"","podmotor_episode_id":"","cover_image":"","cover_image_id":"","duration":"","filesize":"","filesize_raw":"","date_recorded":"","explicit":"","block":"","itunes_episode_number":"","itunes_title":"","itunes_season_number":"","itunes_episode_type":"","jetpack_post_was_ever_published":false,"footnotes":""},"class_list":["post-571","page","type-page","status-publish","hentry"],"jetpack_shortlink":"https:\/\/wp.me\/P4bNxE-9d","jetpack_sharing_enabled":true,"_links":{"self":[{"href":"https:\/\/codemar.net\/podcast\/wp-json\/wp\/v2\/pages\/571","targetHints":{"allow":["GET"]}}],"collection":[{"href":"https:\/\/codemar.net\/podcast\/wp-json\/wp\/v2\/pages"}],"about":[{"href":"https:\/\/codemar.net\/podcast\/wp-json\/wp\/v2\/types\/page"}],"author":[{"embeddable":true,"href":"https:\/\/codemar.net\/podcast\/wp-json\/wp\/v2\/users\/1"}],"replies":[{"embeddable":true,"href":"https:\/\/codemar.net\/podcast\/wp-json\/wp\/v2\/comments?post=571"}],"version-history":[{"count":2,"href":"https:\/\/codemar.net\/podcast\/wp-json\/wp\/v2\/pages\/571\/revisions"}],"predecessor-version":[{"id":573,"href":"https:\/\/codemar.net\/podcast\/wp-json\/wp\/v2\/pages\/571\/revisions\/573"}],"wp:attachment":[{"href":"https:\/\/codemar.net\/podcast\/wp-json\/wp\/v2\/media?parent=571"}],"curies":[{"name":"wp","href":"https:\/\/api.w.org\/{rel}","templated":true}]}}