{"id":558,"date":"2014-07-20T15:31:59","date_gmt":"2014-07-20T21:31:59","guid":{"rendered":"http:\/\/codemar.net\/podcast\/?page_id=558"},"modified":"2014-07-20T21:36:49","modified_gmt":"2014-07-21T03:36:49","slug":"evangelio-del-corpus-christi","status":"publish","type":"page","link":"https:\/\/codemar.net\/podcast\/evangelio-del-corpus-christi\/","title":{"rendered":"Evangelio del Corpus Christi"},"content":{"rendered":"<p><strong>Evangelio seg\u00fan San Juan 6, 51-58.<\/strong><\/p>\n<p>Jes\u00fas dijo a los jud\u00edos:<\/p>\n<p>\u00abYo soy el pan vivo bajado del cielo.<br \/>\nEl que coma de este pan vivir\u00e1 eternamente,<br \/>\ny el pan que Yo dar\u00e9<br \/>\nes mi carne para la Vida del mundo\u00bb.<\/p>\n<p>Los jud\u00edos discut\u00edan entre s\u00ed, diciendo: \u00ab\u00bfC\u00f3mo este hombre puede damos a comer su carne?\u00bb<br \/>\nJes\u00fas les respondi\u00f3:<\/p>\n<p>\u00abLes aseguro<br \/>\nque si no comen la carne del Hijo del hombre<br \/>\ny no beben su sangre,<br \/>\nno tendr\u00e1n Vida en ustedes.<br \/>\nEl que come mi carne y bebe mi sangre<br \/>\ntiene Vida eterna,<br \/>\ny Yo lo resucitar\u00e9 en el \u00faltimo d\u00eda.<br \/>\nPorque mi carne es la verdadera comida<br \/>\ny mi sangre, la verdadera bebida.<br \/>\nEl que come mi carne y bebe mi sangre<br \/>\npermanece en m\u00ed<br \/>\ny Yo en \u00e9l.<br \/>\nAs\u00ed como Yo,<br \/>\nque he sido enviado por el Padre que tiene Vida,<br \/>\nvivo por el Padre,<br \/>\nde la misma manera, el que me come<br \/>\nvivir\u00e1 por mi.<br \/>\n\u00c9ste es el pan bajado del cielo;<br \/>\nno como el que comieron sus padres y murieron.<br \/>\nEl que coma de este pan vivir\u00e1 eternamente\u00bb.<\/p>\n<p>&nbsp;<\/p>\n<p><strong>Palabra del Se\u00f1or.<\/strong><\/p>\n","protected":false},"excerpt":{"rendered":"<p>Evangelio seg\u00fan San Juan 6, 51-58. Jes\u00fas dijo a los jud\u00edos: \u00abYo soy el pan vivo bajado del cielo. El que coma<span class=\"more-button\"><a href=\"https:\/\/codemar.net\/podcast\/evangelio-del-corpus-christi\/\" class=\"more-link\">Continuar lectura<span class=\"screen-reader-text\">Evangelio del Corpus Christi<\/span><\/a><\/span><\/p>\n","protected":false},"author":1,"featured_media":0,"parent":0,"menu_order":0,"comment_status":"open","ping_status":"open","template":"","meta":{"episode_type":"","audio_file":"","podmotor_file_id":"","podmotor_episode_id":"","cover_image":"","cover_image_id":"","duration":"","filesize":"","filesize_raw":"","date_recorded":"","explicit":"","block":"","itunes_episode_number":"","itunes_title":"","itunes_season_number":"","itunes_episode_type":"","jetpack_post_was_ever_published":false,"footnotes":""},"class_list":["post-558","page","type-page","status-publish","hentry"],"jetpack_shortlink":"https:\/\/wp.me\/P4bNxE-90","jetpack_sharing_enabled":true,"_links":{"self":[{"href":"https:\/\/codemar.net\/podcast\/wp-json\/wp\/v2\/pages\/558","targetHints":{"allow":["GET"]}}],"collection":[{"href":"https:\/\/codemar.net\/podcast\/wp-json\/wp\/v2\/pages"}],"about":[{"href":"https:\/\/codemar.net\/podcast\/wp-json\/wp\/v2\/types\/page"}],"author":[{"embeddable":true,"href":"https:\/\/codemar.net\/podcast\/wp-json\/wp\/v2\/users\/1"}],"replies":[{"embeddable":true,"href":"https:\/\/codemar.net\/podcast\/wp-json\/wp\/v2\/comments?post=558"}],"version-history":[{"count":2,"href":"https:\/\/codemar.net\/podcast\/wp-json\/wp\/v2\/pages\/558\/revisions"}],"predecessor-version":[{"id":563,"href":"https:\/\/codemar.net\/podcast\/wp-json\/wp\/v2\/pages\/558\/revisions\/563"}],"wp:attachment":[{"href":"https:\/\/codemar.net\/podcast\/wp-json\/wp\/v2\/media?parent=558"}],"curies":[{"name":"wp","href":"https:\/\/api.w.org\/{rel}","templated":true}]}}