{"id":554,"date":"2014-07-20T15:22:11","date_gmt":"2014-07-20T21:22:11","guid":{"rendered":"http:\/\/codemar.net\/podcast\/?page_id=554"},"modified":"2014-07-20T15:22:11","modified_gmt":"2014-07-20T21:22:11","slug":"evangelio-de-la-santisima-trinidad","status":"publish","type":"page","link":"https:\/\/codemar.net\/podcast\/evangelio-de-la-santisima-trinidad\/","title":{"rendered":"Evangelio de La Sant\u00edsima Trinidad"},"content":{"rendered":"<p><strong>Evangelio seg\u00fan San Juan 3, 16-18<\/strong>.<\/p>\n<p>Tanto am\u00f3 Dios al mundo que entreg\u00f3 a su Hijo \u00fanico para que no perezca ninguno de los que creen en \u00e9l, sino que tengan vida eterna. Porque Dios no mand\u00f3 su Hijo al mundo para juzgar al mundo, sino para que el mundo se salve por \u00e9l. El que cree en \u00e9l no ser\u00e1 juzgado; el que no cree ya est\u00e1 juzgado, porque no ha cre\u00eddo en el nombre del Hijo \u00fanico de Dios.<\/p>\n<p>&nbsp;<\/p>\n<p><strong>Palabra del Se\u00f1or.<\/strong><\/p>\n","protected":false},"excerpt":{"rendered":"<p>Evangelio seg\u00fan San Juan 3, 16-18. Tanto am\u00f3 Dios al mundo que entreg\u00f3 a su Hijo \u00fanico para que no perezca ninguno<span class=\"more-button\"><a href=\"https:\/\/codemar.net\/podcast\/evangelio-de-la-santisima-trinidad\/\" class=\"more-link\">Continuar lectura<span class=\"screen-reader-text\">Evangelio de La Sant\u00edsima Trinidad<\/span><\/a><\/span><\/p>\n","protected":false},"author":1,"featured_media":0,"parent":0,"menu_order":0,"comment_status":"open","ping_status":"open","template":"","meta":{"episode_type":"","audio_file":"","podmotor_file_id":"","podmotor_episode_id":"","cover_image":"","cover_image_id":"","duration":"","filesize":"","filesize_raw":"","date_recorded":"","explicit":"","block":"","itunes_episode_number":"","itunes_title":"","itunes_season_number":"","itunes_episode_type":"","jetpack_post_was_ever_published":false,"footnotes":""},"class_list":["post-554","page","type-page","status-publish","hentry"],"jetpack_shortlink":"https:\/\/wp.me\/P4bNxE-8W","jetpack_sharing_enabled":true,"_links":{"self":[{"href":"https:\/\/codemar.net\/podcast\/wp-json\/wp\/v2\/pages\/554","targetHints":{"allow":["GET"]}}],"collection":[{"href":"https:\/\/codemar.net\/podcast\/wp-json\/wp\/v2\/pages"}],"about":[{"href":"https:\/\/codemar.net\/podcast\/wp-json\/wp\/v2\/types\/page"}],"author":[{"embeddable":true,"href":"https:\/\/codemar.net\/podcast\/wp-json\/wp\/v2\/users\/1"}],"replies":[{"embeddable":true,"href":"https:\/\/codemar.net\/podcast\/wp-json\/wp\/v2\/comments?post=554"}],"version-history":[{"count":1,"href":"https:\/\/codemar.net\/podcast\/wp-json\/wp\/v2\/pages\/554\/revisions"}],"predecessor-version":[{"id":555,"href":"https:\/\/codemar.net\/podcast\/wp-json\/wp\/v2\/pages\/554\/revisions\/555"}],"wp:attachment":[{"href":"https:\/\/codemar.net\/podcast\/wp-json\/wp\/v2\/media?parent=554"}],"curies":[{"name":"wp","href":"https:\/\/api.w.org\/{rel}","templated":true}]}}