{"id":549,"date":"2014-07-20T15:12:30","date_gmt":"2014-07-20T21:12:30","guid":{"rendered":"http:\/\/codemar.net\/podcast\/?page_id=549"},"modified":"2014-07-20T15:12:30","modified_gmt":"2014-07-20T21:12:30","slug":"evangelio-de-pentecostes","status":"publish","type":"page","link":"https:\/\/codemar.net\/podcast\/evangelio-de-pentecostes\/","title":{"rendered":"Evangelio de Pentecost\u00e9s"},"content":{"rendered":"<p><strong>Evangelio seg\u00fan San Juan 20, 19-23<\/strong>.<\/p>\n<p>Al anochecer de aquel d\u00eda, el d\u00eda primero de la semana, estaban los disc\u00edpulos en su casa, con las puertas cerradas por miedo a los jud\u00edos. Y en esto entr\u00f3 Jes\u00fas, se puso en medio y les dijo:<\/p>\n<p>&#8220;Paz a vosotros.&#8221;<\/p>\n<p>Y, diciendo esto, les ense\u00f1\u00f3 las manos y el costado. Y los disc\u00edpulos se llenaron de alegr\u00eda al ver al Se\u00f1or. Jes\u00fas repiti\u00f3:<\/p>\n<p>&#8220;Paz a vosotros. Como el Padre me ha enviado, as\u00ed tambi\u00e9n os envi\u00f3 yo.&#8221;<\/p>\n<p>Y, dicho esto, exhal\u00f3 su aliento sobre ellos y les dijo:<\/p>\n<p>&#8220;Recibid el Esp\u00edritu Santo; a quienes les perdon\u00e9is los pecados, les quedan perdonados; a quienes se los reteng\u00e1is, les quedan retenidos.&#8221;<\/p>\n<p>&nbsp;<\/p>\n<p><strong>Palabra del Se\u00f1or.<\/strong><\/p>\n","protected":false},"excerpt":{"rendered":"<p>Evangelio seg\u00fan San Juan 20, 19-23. Al anochecer de aquel d\u00eda, el d\u00eda primero de la semana, estaban los disc\u00edpulos en su<span class=\"more-button\"><a href=\"https:\/\/codemar.net\/podcast\/evangelio-de-pentecostes\/\" class=\"more-link\">Continuar lectura<span class=\"screen-reader-text\">Evangelio de Pentecost\u00e9s<\/span><\/a><\/span><\/p>\n","protected":false},"author":1,"featured_media":0,"parent":0,"menu_order":0,"comment_status":"open","ping_status":"open","template":"","meta":{"episode_type":"","audio_file":"","podmotor_file_id":"","podmotor_episode_id":"","cover_image":"","cover_image_id":"","duration":"","filesize":"","filesize_raw":"","date_recorded":"","explicit":"","block":"","itunes_episode_number":"","itunes_title":"","itunes_season_number":"","itunes_episode_type":"","jetpack_post_was_ever_published":false,"footnotes":""},"class_list":["post-549","page","type-page","status-publish","hentry"],"jetpack_shortlink":"https:\/\/wp.me\/P4bNxE-8R","jetpack_sharing_enabled":true,"_links":{"self":[{"href":"https:\/\/codemar.net\/podcast\/wp-json\/wp\/v2\/pages\/549","targetHints":{"allow":["GET"]}}],"collection":[{"href":"https:\/\/codemar.net\/podcast\/wp-json\/wp\/v2\/pages"}],"about":[{"href":"https:\/\/codemar.net\/podcast\/wp-json\/wp\/v2\/types\/page"}],"author":[{"embeddable":true,"href":"https:\/\/codemar.net\/podcast\/wp-json\/wp\/v2\/users\/1"}],"replies":[{"embeddable":true,"href":"https:\/\/codemar.net\/podcast\/wp-json\/wp\/v2\/comments?post=549"}],"version-history":[{"count":1,"href":"https:\/\/codemar.net\/podcast\/wp-json\/wp\/v2\/pages\/549\/revisions"}],"predecessor-version":[{"id":550,"href":"https:\/\/codemar.net\/podcast\/wp-json\/wp\/v2\/pages\/549\/revisions\/550"}],"wp:attachment":[{"href":"https:\/\/codemar.net\/podcast\/wp-json\/wp\/v2\/media?parent=549"}],"curies":[{"name":"wp","href":"https:\/\/api.w.org\/{rel}","templated":true}]}}