{"id":541,"date":"2014-07-20T15:03:06","date_gmt":"2014-07-20T21:03:06","guid":{"rendered":"http:\/\/codemar.net\/podcast\/?page_id=541"},"modified":"2014-07-20T15:03:06","modified_gmt":"2014-07-20T21:03:06","slug":"evangelio-de-la-ascencion-del-senor","status":"publish","type":"page","link":"https:\/\/codemar.net\/podcast\/evangelio-de-la-ascencion-del-senor\/","title":{"rendered":"Evangelio de la Ascenci\u00f3n del Se\u00f1or"},"content":{"rendered":"<p><strong>Evangelio seg\u00fan San Mateo 28, 19-20<\/strong>.<\/p>\n<p>En aquel tiempo, los once disc\u00edpulos se fueron a Galilea, al monte que Jes\u00fas les hab\u00eda indicado. Al verlo, ellos se postraron, paro algunos vacilaban. Acerc\u00e1ndose a ellos, Jes\u00fas les dijo:<\/p>\n<p>&#8220;Se me ha dado pleno poder en el cielo y en la tierra. Id y haced disc\u00edpulos de todos los pueblos, bautiz\u00e1ndolos en el nombre del Padre y del Hijo y del Esp\u00edritu Santo; y ense\u00f1\u00e1ndoles a guardar todo lo que os he mandado. Y sabed que yo estoy con vosotros todos los d\u00edas, hasta el fin del mundo.&#8221;<\/p>\n<p><strong>Palabra del Se\u00f1or.<\/strong><\/p>\n","protected":false},"excerpt":{"rendered":"<p>Evangelio seg\u00fan San Mateo 28, 19-20. En aquel tiempo, los once disc\u00edpulos se fueron a Galilea, al monte que Jes\u00fas les hab\u00eda<span class=\"more-button\"><a href=\"https:\/\/codemar.net\/podcast\/evangelio-de-la-ascencion-del-senor\/\" class=\"more-link\">Continuar lectura<span class=\"screen-reader-text\">Evangelio de la Ascenci\u00f3n del Se\u00f1or<\/span><\/a><\/span><\/p>\n","protected":false},"author":1,"featured_media":0,"parent":0,"menu_order":0,"comment_status":"open","ping_status":"open","template":"","meta":{"episode_type":"","audio_file":"","podmotor_file_id":"","podmotor_episode_id":"","cover_image":"","cover_image_id":"","duration":"","filesize":"","filesize_raw":"","date_recorded":"","explicit":"","block":"","itunes_episode_number":"","itunes_title":"","itunes_season_number":"","itunes_episode_type":"","jetpack_post_was_ever_published":false,"footnotes":""},"class_list":["post-541","page","type-page","status-publish","hentry"],"jetpack_shortlink":"https:\/\/wp.me\/P4bNxE-8J","jetpack_sharing_enabled":true,"_links":{"self":[{"href":"https:\/\/codemar.net\/podcast\/wp-json\/wp\/v2\/pages\/541","targetHints":{"allow":["GET"]}}],"collection":[{"href":"https:\/\/codemar.net\/podcast\/wp-json\/wp\/v2\/pages"}],"about":[{"href":"https:\/\/codemar.net\/podcast\/wp-json\/wp\/v2\/types\/page"}],"author":[{"embeddable":true,"href":"https:\/\/codemar.net\/podcast\/wp-json\/wp\/v2\/users\/1"}],"replies":[{"embeddable":true,"href":"https:\/\/codemar.net\/podcast\/wp-json\/wp\/v2\/comments?post=541"}],"version-history":[{"count":3,"href":"https:\/\/codemar.net\/podcast\/wp-json\/wp\/v2\/pages\/541\/revisions"}],"predecessor-version":[{"id":544,"href":"https:\/\/codemar.net\/podcast\/wp-json\/wp\/v2\/pages\/541\/revisions\/544"}],"wp:attachment":[{"href":"https:\/\/codemar.net\/podcast\/wp-json\/wp\/v2\/media?parent=541"}],"curies":[{"name":"wp","href":"https:\/\/api.w.org\/{rel}","templated":true}]}}