{"id":515,"date":"2014-05-25T23:14:09","date_gmt":"2014-05-26T05:14:09","guid":{"rendered":"http:\/\/codemar.net\/podcast\/?page_id=515"},"modified":"2014-05-25T23:14:09","modified_gmt":"2014-05-26T05:14:09","slug":"evangelio-del-5o-domingo-de-pascua","status":"publish","type":"page","link":"https:\/\/codemar.net\/podcast\/evangelio-del-5o-domingo-de-pascua\/","title":{"rendered":"Evangelio del 5\u00ba Domingo de Pascua"},"content":{"rendered":"<p><strong>Evangelio seg\u00fan San Juan 14, 1-12<\/strong><\/p>\n<p>&nbsp;<\/p>\n<p>Durante la \u00faltima cena, Jes\u00fas dijo a sus disc\u00edpulos:<\/p>\n<p>\u00abNo se inquieten.<br \/>\nCrean en Dios y crean tambi\u00e9n en m\u00ed.<br \/>\nEn la Casa de mi Padre hay muchas habitaciones;<br \/>\nsi no fuera as\u00ed, \u00bfles habr\u00eda dicho a ustedes<br \/>\nque voy a prepararles un lugar?<br \/>\nY cuando haya ido y les haya preparado un lugar,<br \/>\nvolver\u00e9 otra vez para llevarlos conmigo,<br \/>\na fin de que donde Yo est\u00e9,<br \/>\nest\u00e9n tambi\u00e9n ustedes.<br \/>\nYa conocen el camino del lugar adonde voy\u00bb.<\/p>\n<p>Tom\u00e1s le dijo: \u00abSe\u00f1or, no sabemos a d\u00f3nde vas. \u00bfC\u00f3mo vamos a conocer el camino?\u00bb<\/p>\n<p>Jes\u00fas le respondi\u00f3:<\/p>\n<p>\u00abYo soy el Camino, la Verdad y la Vida.<br \/>\nNadie va al Padre, sino por m\u00ed.<br \/>\nSi ustedes me conocen, conocer\u00e1n tambi\u00e9n a mi Padre.<br \/>\n\u00a1Ya desde ahora lo conocen y lo han visto!\u00bb.<\/p>\n<p>Felipe le dijo: \u00abSe\u00f1or, mu\u00e9stranos al Padre y eso nos basta\u00bb. Jes\u00fas le respondi\u00f3: \u00abFelipe, hace tanto tiempo que estoy con ustedes, \u00bfy todav\u00eda no me conocen?<\/p>\n<p>El que me ha visto, ha visto al Padre.<\/p>\n<p>\u00bfC\u00f3mo dices: &#8220;Mu\u00e9stranos al Padre&#8221;?<\/p>\n<p>\u00bfNo crees que Yo estoy en el Padre y que el Padre est\u00e1 en m\u00ed?<br \/>\nLas palabras que digo no son m\u00edas:<br \/>\nel Padre que habita en m\u00ed es el que hace las obras.<br \/>\nCr\u00e9anme: Yo estoy en el Padre y el Padre est\u00e1 en m\u00ed.<br \/>\nCr\u00e9anlo, al menos, por las obras.<br \/>\nLes aseguro<br \/>\nque el que cree en m\u00ed<br \/>\nhar\u00e1 tambi\u00e9n las obras que Yo hago,<br \/>\ny a\u00fan mayores,<br \/>\nporque Yo me voy al Padre\u00bb.<\/p>\n<p>&nbsp;<\/p>\n<p><strong>Palabra del Se\u00f1or.<\/strong><\/p>\n","protected":false},"excerpt":{"rendered":"<p>Evangelio seg\u00fan San Juan 14, 1-12 &nbsp; Durante la \u00faltima cena, Jes\u00fas dijo a sus disc\u00edpulos: \u00abNo se inquieten. Crean en Dios<span class=\"more-button\"><a href=\"https:\/\/codemar.net\/podcast\/evangelio-del-5o-domingo-de-pascua\/\" class=\"more-link\">Continuar lectura<span class=\"screen-reader-text\">Evangelio del 5\u00ba Domingo de Pascua<\/span><\/a><\/span><\/p>\n","protected":false},"author":1,"featured_media":0,"parent":0,"menu_order":0,"comment_status":"open","ping_status":"open","template":"","meta":{"episode_type":"","audio_file":"","podmotor_file_id":"","podmotor_episode_id":"","cover_image":"","cover_image_id":"","duration":"","filesize":"","filesize_raw":"","date_recorded":"","explicit":"","block":"","itunes_episode_number":"","itunes_title":"","itunes_season_number":"","itunes_episode_type":"","jetpack_post_was_ever_published":false,"footnotes":""},"class_list":["post-515","page","type-page","status-publish","hentry"],"jetpack_shortlink":"https:\/\/wp.me\/P4bNxE-8j","jetpack_sharing_enabled":true,"_links":{"self":[{"href":"https:\/\/codemar.net\/podcast\/wp-json\/wp\/v2\/pages\/515","targetHints":{"allow":["GET"]}}],"collection":[{"href":"https:\/\/codemar.net\/podcast\/wp-json\/wp\/v2\/pages"}],"about":[{"href":"https:\/\/codemar.net\/podcast\/wp-json\/wp\/v2\/types\/page"}],"author":[{"embeddable":true,"href":"https:\/\/codemar.net\/podcast\/wp-json\/wp\/v2\/users\/1"}],"replies":[{"embeddable":true,"href":"https:\/\/codemar.net\/podcast\/wp-json\/wp\/v2\/comments?post=515"}],"version-history":[{"count":1,"href":"https:\/\/codemar.net\/podcast\/wp-json\/wp\/v2\/pages\/515\/revisions"}],"predecessor-version":[{"id":516,"href":"https:\/\/codemar.net\/podcast\/wp-json\/wp\/v2\/pages\/515\/revisions\/516"}],"wp:attachment":[{"href":"https:\/\/codemar.net\/podcast\/wp-json\/wp\/v2\/media?parent=515"}],"curies":[{"name":"wp","href":"https:\/\/api.w.org\/{rel}","templated":true}]}}