{"id":510,"date":"2014-05-25T23:09:08","date_gmt":"2014-05-26T05:09:08","guid":{"rendered":"http:\/\/codemar.net\/podcast\/?page_id=510"},"modified":"2014-05-25T23:09:08","modified_gmt":"2014-05-26T05:09:08","slug":"evangelio-del-4o-domingo-de-pascua","status":"publish","type":"page","link":"https:\/\/codemar.net\/podcast\/evangelio-del-4o-domingo-de-pascua\/","title":{"rendered":"Evangelio del 4\u00ba Domingo de Pascua"},"content":{"rendered":"<p><strong>Evangelio seg\u00fan San Juan 10, 1-10<\/strong><\/p>\n<p>&nbsp;<\/p>\n<p>Jes\u00fas dijo a los fariseos:<\/p>\n<p>\u00abLes aseguro que el que no entra por la puerta en el corral de las ovejas, sino trepando por otro lado, es un ladr\u00f3n y un asaltante. El que entra por la puerta es el pastor de las ovejas. El guardi\u00e1n le abre y las ovejas escuchan su voz. \u00c9l llama a las suyas por su nombre y las hace salir. Cuando ha sacado todas las suyas, va delante de ellas y las ovejas lo siguen, porque conocen su voz. Nunca seguir\u00e1n a un extra\u00f1o, sino que huir\u00e1n de \u00e9l, porque no conocen su voz\u00bb.<\/p>\n<p>Jes\u00fas les hizo esta comparaci\u00f3n, pero ellos no comprendieron lo que les quer\u00eda decir.<\/p>\n<p>Entonces Jes\u00fas prosigui\u00f3:<\/p>\n<p>\u00abLes aseguro<br \/>\nque Yo soy la puerta de las ovejas.<br \/>\nTodos aquellos que han venido antes de m\u00ed<br \/>\nson ladrones y asaltantes,<br \/>\npero las ovejas no los han escuchado.<br \/>\nYo soy la puerta.<br \/>\nEl que entra por m\u00ed se salvar\u00e1;<br \/>\npodr\u00e1 entrar y salir,<br \/>\ny encontrar\u00e1 su alimento.<br \/>\nEl ladr\u00f3n no viene<br \/>\nsino para robar, matar y destruir.<br \/>\nPero Yo he venido<br \/>\npara que las ovejas tengan Vida,<br \/>\ny la tengan en abundancia\u00bb.<\/p>\n<p>&nbsp;<\/p>\n<p><strong>Palabra del Se\u00f1or.<\/strong><\/p>\n","protected":false},"excerpt":{"rendered":"<p>Evangelio seg\u00fan San Juan 10, 1-10 &nbsp; Jes\u00fas dijo a los fariseos: \u00abLes aseguro que el que no entra por la puerta<span class=\"more-button\"><a href=\"https:\/\/codemar.net\/podcast\/evangelio-del-4o-domingo-de-pascua\/\" class=\"more-link\">Continuar lectura<span class=\"screen-reader-text\">Evangelio del 4\u00ba Domingo de Pascua<\/span><\/a><\/span><\/p>\n","protected":false},"author":1,"featured_media":0,"parent":0,"menu_order":0,"comment_status":"open","ping_status":"open","template":"","meta":{"episode_type":"","audio_file":"","podmotor_file_id":"","podmotor_episode_id":"","cover_image":"","cover_image_id":"","duration":"","filesize":"","filesize_raw":"","date_recorded":"","explicit":"","block":"","itunes_episode_number":"","itunes_title":"","itunes_season_number":"","itunes_episode_type":"","jetpack_post_was_ever_published":false,"footnotes":""},"class_list":["post-510","page","type-page","status-publish","hentry"],"jetpack_shortlink":"https:\/\/wp.me\/P4bNxE-8e","jetpack_sharing_enabled":true,"_links":{"self":[{"href":"https:\/\/codemar.net\/podcast\/wp-json\/wp\/v2\/pages\/510","targetHints":{"allow":["GET"]}}],"collection":[{"href":"https:\/\/codemar.net\/podcast\/wp-json\/wp\/v2\/pages"}],"about":[{"href":"https:\/\/codemar.net\/podcast\/wp-json\/wp\/v2\/types\/page"}],"author":[{"embeddable":true,"href":"https:\/\/codemar.net\/podcast\/wp-json\/wp\/v2\/users\/1"}],"replies":[{"embeddable":true,"href":"https:\/\/codemar.net\/podcast\/wp-json\/wp\/v2\/comments?post=510"}],"version-history":[{"count":1,"href":"https:\/\/codemar.net\/podcast\/wp-json\/wp\/v2\/pages\/510\/revisions"}],"predecessor-version":[{"id":511,"href":"https:\/\/codemar.net\/podcast\/wp-json\/wp\/v2\/pages\/510\/revisions\/511"}],"wp:attachment":[{"href":"https:\/\/codemar.net\/podcast\/wp-json\/wp\/v2\/media?parent=510"}],"curies":[{"name":"wp","href":"https:\/\/api.w.org\/{rel}","templated":true}]}}