{"id":504,"date":"2014-05-03T22:01:19","date_gmt":"2014-05-04T04:01:19","guid":{"rendered":"http:\/\/codemar.net\/podcast\/?page_id=504"},"modified":"2014-05-03T22:01:19","modified_gmt":"2014-05-04T04:01:19","slug":"evangelio-de-3er-domingo-de-pascua","status":"publish","type":"page","link":"https:\/\/codemar.net\/podcast\/evangelio-de-3er-domingo-de-pascua\/","title":{"rendered":"Evangelio de 3er. Domingo de Pascua"},"content":{"rendered":"<p><strong>Evangelio seg\u00fan San Lucas 24, 13-35<\/strong>.<\/p>\n<p>&nbsp;<\/p>\n<p>El primer d\u00eda de la semana, dos de los disc\u00edpulos iban a un peque\u00f1o pueblo llamado Ema\u00fas, situado a unos diez kil\u00f3metros de Jerusal\u00e9n. En el camino hablaban sobre lo que hab\u00eda ocurrido.<\/p>\n<p>Mientras conversaban y discut\u00edan, el mismo Jes\u00fas se acerc\u00f3 y sigui\u00f3 caminando con ellos. Pero algo imped\u00eda que sus ojos lo reconocieran. \u00c9l les dijo: \u00ab\u00bfQu\u00e9 comentaban por el camino?\u00bb<\/p>\n<p>Ellos se detuvieron, con el semblante triste, y uno de ellos, llamado Cleof\u00e1s, le respondi\u00f3: \u00ab\u00a1T\u00fa eres el \u00fanico forastero en Jerusal\u00e9n que ignora lo que pas\u00f3 en estos d\u00edas!\u00bb<\/p>\n<p>\u00ab\u00bfQu\u00e9 cosa?\u00bb, les pregunt\u00f3.<\/p>\n<p>Ellos respondieron: \u00abLo referente a Jes\u00fas, el Nazareno, que fue un profeta poderoso en obras y en palabras delante de Dios y de todo el pueblo, y c\u00f3mo nuestros sumos sacerdotes y nuestros jefes lo entregaron para ser condenado, a muerte y lo crucificaron. Nosotros esper\u00e1bamos que fuera El quien librara a Israel. Pero a todo esto ya van tres d\u00edas que sucedieron estas cosas. Es verdad que algunas mujeres que est\u00e1n con nosotros nos han desconcertado: ellas fueron de madrugada al sepulcro y al no hallar el cuerpo de Jes\u00fas, volvieron diciendo que se les hab\u00edan aparecido unos \u00e1ngeles, asegur\u00e1ndoles que \u00c9l est\u00e1 vivo. Algunos de los nuestros fueron al sepulcro y encontraron todo como las mujeres hab\u00edan dicho. Pero a \u00c9l no lo vieron\u00bb.<\/p>\n<p>Jes\u00fas les dijo: \u00ab\u00a1Hombres duros de entendimiento, c\u00f3mo les cuesta creer todo lo que anunciaron los profetas! \u00bfNo era necesario que el Mes\u00edas soportara esos sufrimientos para entrar en su gloria?\u00bb y comenzando por Mois\u00e9s y continuando con todos los profetas, les interpret\u00f3 en todas las Escrituras lo que se refer\u00eda a \u00c9l.<\/p>\n<p>Cuando llegaron cerca del pueblo adonde iban, Jes\u00fas hizo adem\u00e1n de seguir adelante. Pero ellos le insistieron: \u00abQu\u00e9date con nosotros, porque ya es tarde y el d\u00eda se acaba\u00bb.<\/p>\n<p>\u00c9l entr\u00f3 y se qued\u00f3 con ellos. y estando a la mesa, tom\u00f3 el pan y pronunci\u00f3 la bendici\u00f3n; luego lo parti\u00f3 y se lo dio. Entonces los ojos de los disc\u00edpulos se abrieron y lo reconocieron, pero \u00c9l hab\u00eda desaparecido de su vista.<\/p>\n<p>Y se dec\u00edan: \u00ab\u00bfNo ard\u00eda acaso nuestro coraz\u00f3n, mientras nos hablaba en el camino y nos explicaba las Escrituras?\u00bb<\/p>\n<p>En ese mismo momento, se pusieron en camino y regresaron a Jerusal\u00e9n. All\u00ed encontraron reunidos a los Once y a los dem\u00e1s que estaban con ellos, y estos les dijeron: \u00abEs verdad, \u00a1el Se\u00f1or ha resucitado y se apareci\u00f3 a Sim\u00f3n!\u00bb<\/p>\n<p>Ellos, por su parte, contaron lo que les hab\u00eda pasado en el camino y c\u00f3mo lo hab\u00edan reconocido al partir el pan.<\/p>\n<p>&nbsp;<\/p>\n<p><strong>Palabra del Se\u00f1or.<\/strong><\/p>\n","protected":false},"excerpt":{"rendered":"<p>Evangelio seg\u00fan San Lucas 24, 13-35. &nbsp; El primer d\u00eda de la semana, dos de los disc\u00edpulos iban a un peque\u00f1o pueblo<span class=\"more-button\"><a href=\"https:\/\/codemar.net\/podcast\/evangelio-de-3er-domingo-de-pascua\/\" class=\"more-link\">Continuar lectura<span class=\"screen-reader-text\">Evangelio de 3er. Domingo de Pascua<\/span><\/a><\/span><\/p>\n","protected":false},"author":1,"featured_media":0,"parent":0,"menu_order":0,"comment_status":"open","ping_status":"open","template":"","meta":{"episode_type":"","audio_file":"","podmotor_file_id":"","podmotor_episode_id":"","cover_image":"","cover_image_id":"","duration":"","filesize":"","filesize_raw":"","date_recorded":"","explicit":"","block":"","itunes_episode_number":"","itunes_title":"","itunes_season_number":"","itunes_episode_type":"","jetpack_post_was_ever_published":false,"footnotes":""},"class_list":["post-504","page","type-page","status-publish","hentry"],"jetpack_shortlink":"https:\/\/wp.me\/P4bNxE-88","jetpack_sharing_enabled":true,"_links":{"self":[{"href":"https:\/\/codemar.net\/podcast\/wp-json\/wp\/v2\/pages\/504","targetHints":{"allow":["GET"]}}],"collection":[{"href":"https:\/\/codemar.net\/podcast\/wp-json\/wp\/v2\/pages"}],"about":[{"href":"https:\/\/codemar.net\/podcast\/wp-json\/wp\/v2\/types\/page"}],"author":[{"embeddable":true,"href":"https:\/\/codemar.net\/podcast\/wp-json\/wp\/v2\/users\/1"}],"replies":[{"embeddable":true,"href":"https:\/\/codemar.net\/podcast\/wp-json\/wp\/v2\/comments?post=504"}],"version-history":[{"count":1,"href":"https:\/\/codemar.net\/podcast\/wp-json\/wp\/v2\/pages\/504\/revisions"}],"predecessor-version":[{"id":505,"href":"https:\/\/codemar.net\/podcast\/wp-json\/wp\/v2\/pages\/504\/revisions\/505"}],"wp:attachment":[{"href":"https:\/\/codemar.net\/podcast\/wp-json\/wp\/v2\/media?parent=504"}],"curies":[{"name":"wp","href":"https:\/\/api.w.org\/{rel}","templated":true}]}}