{"id":498,"date":"2014-05-03T21:41:58","date_gmt":"2014-05-04T03:41:58","guid":{"rendered":"http:\/\/codemar.net\/podcast\/?page_id=498"},"modified":"2014-05-03T21:43:57","modified_gmt":"2014-05-04T03:43:57","slug":"2o-domingo-de-pascua","status":"publish","type":"page","link":"https:\/\/codemar.net\/podcast\/2o-domingo-de-pascua\/","title":{"rendered":"Evangelio del 2\u00ba Domingo de Pascua"},"content":{"rendered":"<p><strong>Evangelio seg\u00fan San Juan 20, 19-31.<\/strong><\/p>\n<p>&nbsp;<\/p>\n<p>Al atardecer del primer d\u00eda de la semana, los disc\u00edpulos se encontraban con las puertas cerradas por temor a los jud\u00edos. Entonces lleg\u00f3 Jes\u00fas y poni\u00e9ndose en medio de ellos, les dijo: \u00ab\u00a1La paz est\u00e9 con ustedes!\u00bb<\/p>\n<p>Mientras dec\u00eda esto, les mostr\u00f3 sus manos y su costado. Los disc\u00edpulos se llenaron de alegr\u00eda cuando vieron al Se\u00f1or.<\/p>\n<p>Jes\u00fas les dijo de nuevo: \u00ab\u00a1La paz est\u00e9 con ustedes!<\/p>\n<p>Como el Padre me envi\u00f3 a m\u00ed,<\/p>\n<p>Yo tambi\u00e9n los env\u00edo a ustedes\u00bb.<\/p>\n<p>Al decirles esto, sopl\u00f3 sobre ellos y a\u00f1adi\u00f3:<\/p>\n<p>\u00abReciban el Esp\u00edritu Santo.<\/p>\n<p>Los pecados ser\u00e1n perdonados<\/p>\n<p>a los que ustedes se los perdonen,<\/p>\n<p>y ser\u00e1n retenidos<\/p>\n<p>a los que ustedes se los retengan\u00bb.<\/p>\n<p>Tom\u00e1s, uno de los Doce, de sobrenombre el Mellizo, no estaba con ellos cuando lleg\u00f3 Jes\u00fas. Los otros disc\u00edpulos le dijeron: \u00ab\u00a1Hemos visto al Se\u00f1or!\u00bb<\/p>\n<p>\u00c9l les respondi\u00f3: \u00abSi no veo la marca de los clavos en sus manos, si no pongo el dedo en el lugar de los clavos y la mano en su costado, no lo creer\u00e9\u00bb.<\/p>\n<p>Ocho d\u00edas m\u00e1s tarde, estaban de nuevo los disc\u00edpulos reunidos en la casa, y estaba con ellos Tom\u00e1s. Entonces apareci\u00f3 Jes\u00fas, estando cerradas las puertas, se puso en medio de ellos y les dijo: \u00ab\u00a1La paz est\u00e9 con ustedes!\u00bb<\/p>\n<p>Luego dijo a Tom\u00e1s: \u00abTrae aqu\u00ed tu dedo: aqu\u00ed est\u00e1n mis manos. Acerca tu mano: m\u00e9tela en mi costado. En adelante no seas incr\u00e9dulo, sino hombre de fe\u00bb.<\/p>\n<p>Tom\u00e1s respondi\u00f3: \u00ab\u00a1Se\u00f1or m\u00edo y Dios m\u00edo!\u00bb<\/p>\n<p>Jes\u00fas le dijo:<\/p>\n<p>\u00abAhora crees, porque me has visto.<\/p>\n<p>\u00a1Felices los que creen sin haber visto!\u00bb<\/p>\n<p>Jes\u00fas realiz\u00f3 adem\u00e1s muchos otros signos en presencia de sus disc\u00edpulos, que no se encuentran relatados en este Libro. Estos han sido escritos para que ustedes crean que Jes\u00fas es el Mes\u00edas, el Hijo de Dios, y creyendo, tengan Vida en su Nombre.<\/p>\n<p>&nbsp;<\/p>\n<p><strong>Palabra del Se\u00f1or.<\/strong><\/p>\n","protected":false},"excerpt":{"rendered":"<p>Evangelio seg\u00fan San Juan 20, 19-31. &nbsp; Al atardecer del primer d\u00eda de la semana, los disc\u00edpulos se encontraban con las puertas<span class=\"more-button\"><a href=\"https:\/\/codemar.net\/podcast\/2o-domingo-de-pascua\/\" class=\"more-link\">Continuar lectura<span class=\"screen-reader-text\">Evangelio del 2\u00ba Domingo de Pascua<\/span><\/a><\/span><\/p>\n","protected":false},"author":1,"featured_media":0,"parent":0,"menu_order":0,"comment_status":"open","ping_status":"open","template":"","meta":{"episode_type":"","audio_file":"","podmotor_file_id":"","podmotor_episode_id":"","cover_image":"","cover_image_id":"","duration":"","filesize":"","filesize_raw":"","date_recorded":"","explicit":"","block":"","itunes_episode_number":"","itunes_title":"","itunes_season_number":"","itunes_episode_type":"","jetpack_post_was_ever_published":false,"footnotes":""},"class_list":["post-498","page","type-page","status-publish","hentry"],"jetpack_shortlink":"https:\/\/wp.me\/P4bNxE-82","jetpack_sharing_enabled":true,"_links":{"self":[{"href":"https:\/\/codemar.net\/podcast\/wp-json\/wp\/v2\/pages\/498","targetHints":{"allow":["GET"]}}],"collection":[{"href":"https:\/\/codemar.net\/podcast\/wp-json\/wp\/v2\/pages"}],"about":[{"href":"https:\/\/codemar.net\/podcast\/wp-json\/wp\/v2\/types\/page"}],"author":[{"embeddable":true,"href":"https:\/\/codemar.net\/podcast\/wp-json\/wp\/v2\/users\/1"}],"replies":[{"embeddable":true,"href":"https:\/\/codemar.net\/podcast\/wp-json\/wp\/v2\/comments?post=498"}],"version-history":[{"count":2,"href":"https:\/\/codemar.net\/podcast\/wp-json\/wp\/v2\/pages\/498\/revisions"}],"predecessor-version":[{"id":500,"href":"https:\/\/codemar.net\/podcast\/wp-json\/wp\/v2\/pages\/498\/revisions\/500"}],"wp:attachment":[{"href":"https:\/\/codemar.net\/podcast\/wp-json\/wp\/v2\/media?parent=498"}],"curies":[{"name":"wp","href":"https:\/\/api.w.org\/{rel}","templated":true}]}}