{"id":490,"date":"2014-04-20T10:39:34","date_gmt":"2014-04-20T16:39:34","guid":{"rendered":"http:\/\/codemar.net\/podcast\/?page_id=490"},"modified":"2014-04-20T10:41:31","modified_gmt":"2014-04-20T16:41:31","slug":"evangelio-del-domingo-de-resurreccion","status":"publish","type":"page","link":"https:\/\/codemar.net\/podcast\/evangelio-del-domingo-de-resurreccion\/","title":{"rendered":"Evangelio del Domingo de Resurrecci\u00f3n"},"content":{"rendered":"<p><strong>Evangelio seg\u00fan San Juan 20, 1-9.<\/strong><\/p>\n<p>El primer d\u00eda de la semana, de madrugada, cuando todav\u00eda estaba oscuro, Mar\u00eda Magdalena fue al sepulcro y vio que la piedra hab\u00eda sido sacada. Corri\u00f3 al encuentro de Sim\u00f3n Pedro y del otro<em>\u00a0<\/em>disc\u00edpulo al que Jes\u00fas amaba, y les dijo: \u00abSe han llevado del sepulcro al Se\u00f1or y no sabemos d\u00f3nde lo han puesto\u00bb.<\/p>\n<p>Pedro y el otro<em>\u00a0<\/em>disc\u00edpulo salieron y fueron al sepulcro. Corr\u00edan los dos juntos, pero el otro disc\u00edpulo corri\u00f3 m\u00e1s r\u00e1pidamente que Pedro y lleg\u00f3 antes. Asom\u00e1ndose al sepulcro, vio las vendas en el suelo, aunque no entr\u00f3. Despu\u00e9s lleg\u00f3 Sim\u00f3n Pedro, que lo segu\u00eda, y entr\u00f3 en el sepulcro; vio las vendas en el suelo, y tambi\u00e9n el sudario que hab\u00eda cubierto su cabeza; este no estaba con las vendas, sino enrollado en un lugar aparte. Luego entr\u00f3 el otrodisc\u00edpulo, que hab\u00eda llegado antes al sepulcro: El tambi\u00e9n vio y crey\u00f3. Todav\u00eda no hab\u00edan comprendido que, seg\u00fan la Escritura, \u00c9l deb\u00eda resucitar de entre los muertos.<\/p>\n<p>&nbsp;<\/p>\n<p><strong>Palabra del Se\u00f1or.<\/strong><\/p>\n","protected":false},"excerpt":{"rendered":"<p>Evangelio seg\u00fan San Juan 20, 1-9. El primer d\u00eda de la semana, de madrugada, cuando todav\u00eda estaba oscuro, Mar\u00eda Magdalena fue al<span class=\"more-button\"><a href=\"https:\/\/codemar.net\/podcast\/evangelio-del-domingo-de-resurreccion\/\" class=\"more-link\">Continuar lectura<span class=\"screen-reader-text\">Evangelio del Domingo de Resurrecci\u00f3n<\/span><\/a><\/span><\/p>\n","protected":false},"author":1,"featured_media":0,"parent":0,"menu_order":0,"comment_status":"open","ping_status":"open","template":"","meta":{"episode_type":"","audio_file":"","podmotor_file_id":"","podmotor_episode_id":"","cover_image":"","cover_image_id":"","duration":"","filesize":"","filesize_raw":"","date_recorded":"","explicit":"","block":"","itunes_episode_number":"","itunes_title":"","itunes_season_number":"","itunes_episode_type":"","jetpack_post_was_ever_published":false,"footnotes":""},"class_list":["post-490","page","type-page","status-publish","hentry"],"jetpack_shortlink":"https:\/\/wp.me\/P4bNxE-7U","jetpack_sharing_enabled":true,"_links":{"self":[{"href":"https:\/\/codemar.net\/podcast\/wp-json\/wp\/v2\/pages\/490","targetHints":{"allow":["GET"]}}],"collection":[{"href":"https:\/\/codemar.net\/podcast\/wp-json\/wp\/v2\/pages"}],"about":[{"href":"https:\/\/codemar.net\/podcast\/wp-json\/wp\/v2\/types\/page"}],"author":[{"embeddable":true,"href":"https:\/\/codemar.net\/podcast\/wp-json\/wp\/v2\/users\/1"}],"replies":[{"embeddable":true,"href":"https:\/\/codemar.net\/podcast\/wp-json\/wp\/v2\/comments?post=490"}],"version-history":[{"count":2,"href":"https:\/\/codemar.net\/podcast\/wp-json\/wp\/v2\/pages\/490\/revisions"}],"predecessor-version":[{"id":493,"href":"https:\/\/codemar.net\/podcast\/wp-json\/wp\/v2\/pages\/490\/revisions\/493"}],"wp:attachment":[{"href":"https:\/\/codemar.net\/podcast\/wp-json\/wp\/v2\/media?parent=490"}],"curies":[{"name":"wp","href":"https:\/\/api.w.org\/{rel}","templated":true}]}}