{"id":476,"date":"2014-04-17T12:19:15","date_gmt":"2014-04-17T18:19:15","guid":{"rendered":"http:\/\/codemar.net\/podcast\/?page_id=476"},"modified":"2014-04-17T12:19:15","modified_gmt":"2014-04-17T18:19:15","slug":"evangelio-del-viernes-santo","status":"publish","type":"page","link":"https:\/\/codemar.net\/podcast\/evangelio-del-viernes-santo\/","title":{"rendered":"Evangelio del Viernes Santo"},"content":{"rendered":"<p><strong>Evangelio seg\u00fan San Juan 18, 1-19, 42.<\/strong><\/p>\n<p align=\"center\"><i>\u00bfA qui\u00e9n buscan?<\/i><\/p>\n<p><b>C.<\/b>\u00a0\u00a0Jes\u00fas fue con sus disc\u00edpulos al otro lado del torrente Cedr\u00f3n. Hab\u00eda en ese lugar un huerto y all\u00ed entr\u00f3 con ellos. Judas, el traidor, tambi\u00e9n conoc\u00eda el lugar porque Jes\u00fas y sus disc\u00edpulos se reun\u00edan all\u00ed con frecuencia. Entonces Judas, al frente de un destacamento de soldados y de los guardias designados por los sumos sacerdotes y los fariseos, lleg\u00f3 all\u00ed con faroles, antorchas y armas. Jes\u00fas, sabiendo todo lo que le iba a suceder, se adelant\u00f3 y les pregunt\u00f3:<\/p>\n<p>a\u00a0\u00a0\u00ab\u00bfA qui\u00e9n buscan?\u00bb<\/p>\n<p><b>C.\u00a0\u00a0<\/b>Le respondieron:<\/p>\n<p><b>S.\u00a0\u00a0<\/b>\u00abA Jes\u00fas, el Nazareno\u00bb.<\/p>\n<p><b>C.\u00a0\u00a0<\/b>\u00c9l les dijo:<\/p>\n<p>a\u00a0\u00a0\u00abSoy Yo\u00bb.<\/p>\n<p><b>C.\u00a0<\/b>Judas, el que lo entregaba estaba con ellos. Cuando Jes\u00fas les dijo: \u00abSoy yo\u00bb, ellos retrocedieron y cayeron en tierra. Les pregunt\u00f3 nuevamente:<\/p>\n<p>a\u00a0\u00a0\u00ab\u00bfA qui\u00e9n buscan?\u00bb<\/p>\n<p><b>C.\u00a0\u00a0<\/b>Le dijeron:<\/p>\n<p><b>S.\u00a0\u00a0<\/b>\u00abA Jes\u00fas, el Nazareno\u00bb.<\/p>\n<p><b>C.\u00a0\u00a0<\/b>Jes\u00fas repiti\u00f3:<\/p>\n<p>a\u00a0\u00a0\u00abYa les dije que soy Yo. Si es a m\u00ed a quien buscan, dejen que estos se vayan\u00bb.<\/p>\n<p><b>C.\u00a0\u00a0<\/b>As\u00ed deb\u00eda cumplirse la palabra que \u00c9l hab\u00eda dicho: \u00abNo he perdido a ninguno de los que me confiaste\u00bb. Entonces Sim\u00f3n Pedro, que llevaba una espada, la sac\u00f3 e hiri\u00f3 al servidor del Sumo Sacerdote, cort\u00e1ndole la oreja derecha. El servidor se llamaba Malco. Jes\u00fas dijo a Sim\u00f3n Pedro:<\/p>\n<p>a\u00a0\u00a0\u00abEnvaina tu espada. \u00bfAcaso no beber\u00e9 el c\u00e1liz que me ha dado el Padre?\u00bb<\/p>\n<p align=\"center\"><i>Se apoderaron de Jes\u00fas y lo ataron<\/i><\/p>\n<p><b>C.\u00a0\u00a0<\/b>El destacamento de soldados, con el tribuno y los guardias jud\u00edos, se apoderaron de Jes\u00fas y lo ataron. Lo llevaron primero ante An\u00e1s, porque era suegro de Caif\u00e1s, Sumo Sacerdote aquel a\u00f1o. Caif\u00e1s era el que hab\u00eda aconsejado a los jud\u00edos: \u00abEs preferible que un solo hombre muera por el pueblo\u00bb.<\/p>\n<p align=\"center\"><i>\u00bfNo eres t\u00fa tambi\u00e9n uno de los disc\u00edpulos de ese hombre?<\/i><\/p>\n<p><b>C.<\/b>\u00a0\u00a0Entre tanto, Sim\u00f3n Pedro, acompa\u00f1ado de otro disc\u00edpulo, segu\u00eda a Jes\u00fas<i>.\u00a0<\/i>Este disc\u00edpulo, que era conocido del Sumo Sacerdote, entr\u00f3 con\u00a0<i>Jes\u00fas<\/i>en el patio del Pont\u00edfice, mientras Pedro permanec\u00eda afuera, en la puerta. El otro disc\u00edpulo, el que era conocido del Sumo Sacerdote, sali\u00f3, habl\u00f3 a la portera e hizo entrar a Pedro. La portera dijo entonces a Pedro:<\/p>\n<p><b>S.<\/b>\u00a0\u00a0\u00ab\u00bfNo eres t\u00fa tambi\u00e9n uno de los disc\u00edpulos de ese hombre?\u00bb<\/p>\n<p><b>C.<\/b>\u00a0\u00a0\u00c9l le respondi\u00f3:<\/p>\n<p><b>S.<\/b>\u00a0\u00a0\u00abNo lo soy\u00bb.<\/p>\n<p><b>C.<\/b>\u00a0\u00a0Los servidores y los guardias se calentaban junto al fuego, que hab\u00edan encendido porque hac\u00eda fr\u00edo. Pedro tambi\u00e9n estaba con ellos, junto al fuego. El Sumo Sacerdote interrog\u00f3 a Jes\u00fas acerca de sus disc\u00edpulos y de su ense\u00f1anza. Jes\u00fas<i>\u00a0<\/i>le respondi\u00f3:<\/p>\n<p>a\u00a0\u00a0\u00abHe hablado abiertamente al mundo; siempre ense\u00f1\u00e9 en la sinagoga y en el Templo, donde se re\u00fanen todos los jud\u00edos, y no he dicho nada en secreto. \u00bfPor qu\u00e9 me interrogas a m\u00ed? Pregunta a los que me han o\u00eddo qu\u00e9 les ense\u00f1\u00e9. Ellos saben bien lo que he dicho\u00bb.<\/p>\n<p><b>C.<\/b>\u00a0\u00a0Apenas Jes\u00fas<i>\u00a0<\/i>dijo esto, uno de los guardias all\u00ed presentes le dio una bofetada, dici\u00e9ndole:<\/p>\n<p><b>S.<\/b>\u00a0\u00a0\u00ab\u00bfAs\u00ed respondes al Sumo Sacerdote?\u00bb<\/p>\n<p><b>C.<\/b>\u00a0\u00a0Jes\u00fas<i>\u00a0<\/i>le respondi\u00f3:<\/p>\n<p>a\u00a0\u00a0\u00abSi he hablado mal, muestra en qu\u00e9 ha sido; pero si he hablado bien, \u00bfpor qu\u00e9 me pegas?\u00bb<\/p>\n<p><b>C.<\/b>\u00a0\u00a0Entonces An\u00e1s lo envi\u00f3 atado ante el Sumo Sacerdote Caif\u00e1s. Sim\u00f3n Pedro permanec\u00eda junto al fuego. Los que estaban con \u00e9l le dijeron:<\/p>\n<p><b>S.<\/b>\u00a0\u00a0\u00ab\u00bfNo eres t\u00fa tambi\u00e9n uno de sus disc\u00edpulos?\u00bb<\/p>\n<p><b>C.<\/b>\u00a0\u00a0\u00c9l lo neg\u00f3 y dijo:<\/p>\n<p><b>S.<\/b>\u00a0\u00a0\u00abNo lo soy\u00bb.<\/p>\n<p><b>C.<\/b>\u00a0\u00a0Uno de los servidores del Sumo Sacerdote, pariente de aqu\u00e9l al que Pedro hab\u00eda cortado la oreja, insisti\u00f3:<\/p>\n<p><b>S.<\/b>\u00a0\u00a0\u00ab\u00bfAcaso no te vi con \u00c9l en la huerta?\u00bb<\/p>\n<p><b>C.<\/b>\u00a0\u00a0Pedro volvi\u00f3 a negarlo, y en seguida cant\u00f3 el gallo.<\/p>\n<p align=\"center\"><i>Mi realeza no es de este mundo.<\/i><\/p>\n<p><b>C.<\/b>\u00a0\u00a0Desde la casa de Caif\u00e1s llevaron a Jes\u00fas al pretorio. Era de madrugada. Pero ellos no entraron en el pretorio, para no contaminarse y poder as\u00ed participar en la comida de Pascua. Pilato sali\u00f3 adonde estaban ellos y les pregunt\u00f3:<\/p>\n<p><b>S.<\/b>\u00a0\u00a0\u00ab\u00bf Qu\u00e9 acusaci\u00f3n traen contra este hombre?\u00bb<\/p>\n<p><b>C.<\/b>\u00a0\u00a0Ellos respondieron:<\/p>\n<p><b>S.<\/b>\u00a0\u00a0\u00abSi no fuera un malhechor, no te lo hubi\u00e9ramos entregado\u00bb.<\/p>\n<p><b>C.<\/b>\u00a0\u00a0Pilato les dijo:<\/p>\n<p><b>S.<\/b>\u00a0\u00a0\u00abT\u00f3menlo y j\u00fazguenlo ustedes mismos, seg\u00fan la ley que tienen\u00bb.<\/p>\n<p><b>C.<\/b>\u00a0\u00a0Los jud\u00edos le dijeron:<\/p>\n<p><b>S.<\/b>\u00a0\u00a0\u00abA nosotros no nos est\u00e1 permitido dar muerte a nadie\u00bb.<\/p>\n<p><b>C.<\/b>\u00a0\u00a0As\u00ed deb\u00eda cumplirse lo que hab\u00eda dicho Jes\u00fas cuando indic\u00f3 c\u00f3mo iba a morir. Pilato volvi\u00f3 a entrar en el pretorio, llam\u00f3 a Jes\u00fas y le pregunt\u00f3:<\/p>\n<p><b>S.<\/b>\u00a0\u00a0\u00ab\u00bfEres T\u00fa el rey de los jud\u00edos?\u00bb<\/p>\n<p><b>C.<\/b>\u00a0\u00a0Jes\u00fas le respondi\u00f3:<\/p>\n<p>a\u00a0\u00a0\u00ab\u00bfDices esto por ti mismo u otros te lo han dicho de m\u00ed?\u00bb<\/p>\n<p><b>C.<\/b>\u00a0\u00a0Pilato replic\u00f3:<\/p>\n<p><b>S.<\/b>\u00a0\u00a0\u00ab\u00bfAcaso yo soy jud\u00edo? Tus compatriotas y los sumos sacerdotes te han puesto en mis manos. \u00bfQu\u00e9 es lo que has hecho?\u00bb<\/p>\n<p><b>C.<\/b>\u00a0\u00a0Jes\u00fas respondi\u00f3:<\/p>\n<p>a\u00a0\u00a0\u00abMi realeza no es de este mundo.<\/p>\n<p>Si mi realeza fuera de este mundo,<\/p>\n<p>los que est\u00e1n a mi servicio habr\u00edan combatido<\/p>\n<p>para que Yo no fuera entregado a los jud\u00edos.<\/p>\n<p>Pero mi realeza no es de aqu\u00ed\u00bb.<\/p>\n<p><b>C.\u00a0\u00a0<\/b>Pilato le dijo:<\/p>\n<p><b>S.\u00a0\u00a0<\/b>\u00ab\u00bfEntonces T\u00fa eres rey?\u00bb<\/p>\n<p><b>C.\u00a0\u00a0<\/b>Jes\u00fas respondi\u00f3:<\/p>\n<p>a\u00a0\u00a0\u00abT\u00fa lo dices:<\/p>\n<p>Yo soy rey.<\/p>\n<p>Para esto he nacido<\/p>\n<p>y he venido al mundo:<\/p>\n<p>para dar testimonio de la verdad.<\/p>\n<p>El que es de la verdad, escucha mi voz\u00bb.<\/p>\n<p><b>C.\u00a0\u00a0<\/b>Pilato le pregunt\u00f3:<\/p>\n<p><b>S.\u00a0\u00a0<\/b>\u00ab\u00bf Qu\u00e9 es la verdad?\u00bb<\/p>\n<p><b>C.\u00a0\u00a0<\/b>Al decir esto, sali\u00f3 nuevamente a donde estaban los jud\u00edos y les dijo:<\/p>\n<p><b>S.\u00a0\u00a0<\/b>\u00abYo no encuentro en \u00c9l ning\u00fan motivo para condenarlo. Y ya que ustedes tienen la costumbre de que ponga en libertad a alguien, en ocasi\u00f3n de la Pascua, \u00bfquieren que suelte al rey de los jud\u00edos?\u00bb<\/p>\n<p><b>C.\u00a0\u00a0<\/b>Ellos comenzaron a gritar, diciendo:<\/p>\n<p><b>S.\u00a0\u00a0<\/b>\u00ab\u00a1A \u00c9l no, a Barrab\u00e1s!\u00bb<\/p>\n<p><b>C.\u00a0\u00a0<\/b>Barrab\u00e1s era un bandido.<\/p>\n<p align=\"center\"><i>\u00a1Salud, rey de los jud\u00edos!<\/i><\/p>\n<p><b>C.\u00a0\u00a0<\/b>Entonces Pilato tom\u00f3 a Jes\u00fas y lo azot\u00f3. Los soldados tejieron una corona de espinas y se la pusieron sobre la cabeza. Lo revistieron con un manto p\u00farpura, y acerc\u00e1ndose, le dec\u00edan:<\/p>\n<p><b>S.\u00a0<\/b>\u00ab\u00a1Salud, rey de los jud\u00edos!\u00bb<\/p>\n<p><b>C.\u00a0<\/b>Y lo abofeteaban. Pilato volvi\u00f3 a salir y les dijo:<\/p>\n<p><b>S.\u00a0<\/b>\u00abMiren, lo traigo afuera para que sepan que no encuentro en El ning\u00fan motivo de condena\u00bb.<\/p>\n<p><b>C.\u00a0\u00a0<\/b>Jes\u00fas sali\u00f3, llevando la corona de espinas y el manto p\u00farpura. Pilato les dijo:<\/p>\n<p><b>S.\u00a0\u00a0<\/b>\u00ab\u00a1Aqu\u00ed tienen al hombre!\u00bb<\/p>\n<p><b>C.\u00a0\u00a0<\/b>Cuando los sumos sacerdotes y los guardias lo vieron, gritaron:<\/p>\n<p><b>S.\u00a0\u00a0<\/b>\u00ab\u00a1Crucif\u00edcalo! \u00a1Crucif\u00edcalo!\u00bb<\/p>\n<p><b>C.\u00a0\u00a0<\/b>Pilato les dijo:<\/p>\n<p><b>S.\u00a0<\/b>\u00abT\u00f3menlo ustedes y crucif\u00edquenlo. Yo no encuentro en \u00c9l ning\u00fan motivo para condenarlo\u00bb.<\/p>\n<p><b>C.<\/b>\u00a0\u00a0Los jud\u00edos respondieron:<\/p>\n<p><b>S.\u00a0<\/b>\u00abNosotros tenemos una Ley, y seg\u00fan esa Ley debe morir porque \u00c9l pretende ser Hijo de Dios\u00bb.<\/p>\n<p><b>C.\u00a0<\/b>Al o\u00edr estas palabras, Pilato se alarm\u00f3 m\u00e1s todav\u00eda. Volvi\u00f3 a entrar en el pretorio y pregunt\u00f3 a Jes\u00fas:<\/p>\n<p><b>S.\u00a0<\/b>\u00ab\u00bfDe d\u00f3nde eres T\u00fa?\u00bb<\/p>\n<p><b>C.\u00a0<\/b>Pero Jes\u00fas no le respondi\u00f3 nada. Pilato le dijo:<\/p>\n<p><b>S.\u00a0<\/b>\u00ab\u00bfNo quieres hablarme? \u00bfNo sabes que tengo autoridad para soltarte y tambi\u00e9n para crucificarte?\u00bb<\/p>\n<p><b>C.\u00a0<\/b>Jes\u00fas le respondi\u00f3:<\/p>\n<p>a\u00a0\u00abT\u00fa no tendr\u00edas sobre m\u00ed ninguna autoridad, si esta ocasi\u00f3n no la hubieras recibido de lo alto. Por eso, el que me ha entregado a ti ha cometido un pecado m\u00e1s grave\u00bb.<\/p>\n<p align=\"center\"><i>\u00a1S\u00e1calo! \u00a1S\u00e1calo! \u00a1Crucif\u00edcalo!<\/i><\/p>\n<p><b>C.\u00a0<\/b>\u00a0Desde ese momento, Pilato trataba de ponerlo en libertad. Pero los jud\u00edos gritaban:<\/p>\n<p><b>S.\u00a0<\/b>\u00a0\u00abSi lo sueltas, no eres amigo del C\u00e9sar, porque el que se hace rey se opone al C\u00e9sar\u00bb.<\/p>\n<p><b>C.\u00a0<\/b>\u00a0Al o\u00edr esto, Pilato sac\u00f3 afuera a Jes\u00fas y lo hizo sentar sobre un estrado, en el lugar llamado \u00abel Empedrado\u00bb, en hebreo, \u00abG\u00e1bata\u00bb.<\/p>\n<p>Era el d\u00eda de la Preparaci\u00f3n de la Pascua, alrededor del mediod\u00eda. Pilato dijo a los jud\u00edos:<\/p>\n<p><b>S.<\/b>\u00a0\u00a0\u00abAqu\u00ed tienen a su rey\u00bb.<\/p>\n<p><b>C.<\/b>\u00a0\u00a0Ellos vociferaban:<\/p>\n<p><b>S.<\/b>\u00a0\u00a0\u00ab\u00a1S\u00e1calo! \u00a1S\u00e1calo! \u00a1Crucif\u00edcalo!\u00bb<\/p>\n<p><b>C.<\/b>\u00a0\u00a0Pilato les dijo:<\/p>\n<p><b>S.<\/b>\u00a0\u00a0\u00ab\u00bfVoy a crucificar a su rey?\u00bb<\/p>\n<p><b>C.<\/b>\u00a0\u00a0Los sumos sacerdotes respondieron:<\/p>\n<p><b>S.<\/b>\u00a0\u00a0\u00abNo tenemos otro rey que el C\u00e9sar\u00bb.<\/p>\n<p><b>C.<\/b>\u00a0\u00a0Entonces Pilato se lo entreg\u00f3 para que lo crucificaran,\u00a0<i>y\u00a0<\/i>ellos se lo llevaron.<\/p>\n<p align=\"center\"><i>Lo crucificaron, y con \u00c9l\u00a0<\/i>a\u00a0<i>otros dos<\/i><\/p>\n<p><b>C.<\/b>\u00a0<i>\u00a0<\/i>Jes\u00fas,<i>\u00a0<\/i>cargando sobre s\u00ed la cruz, sali\u00f3 de la ciudad para dirigirse al lugar llamado \u00abdel Cr\u00e1neo\u00bb, en hebreo \u00abG\u00f3lgota\u00bb. All\u00ed lo crucificaron;\u00a0<i>y\u00a0<\/i>con \u00c9l a otros dos, uno a cada lado\u00a0<i>y\u00a0<\/i>Jes\u00fas en el medio. Pilato redact\u00f3 una inscripci\u00f3n que dec\u00eda: \u00abJes\u00fas el Nazareno, rey de los jud\u00edos\u00bb, y<i>\u00a0<\/i>la coloc\u00f3 sobre la cruz.<\/p>\n<p>Muchos jud\u00edos leyeron esta inscripci\u00f3n, porque el lugar donde Jes\u00fas<i>\u00a0<\/i>fue crucificado quedaba cerca de la ciudad\u00a0<i>y\u00a0<\/i>la inscripci\u00f3n estaba en hebreo, lat\u00edn\u00a0<i>y\u00a0<\/i>griego. Los sumos sacerdotes de los jud\u00edos dijeron a Pilato:<\/p>\n<p><b>S.<\/b>\u00a0\u00a0\u00abNo escribas: &#8220;El rey de los jud\u00edos&#8221;, sino: &#8220;Este ha dicho: Yo soy el rey de los jud\u00edos&#8221;\u00bb.<\/p>\n<p><b>C.<\/b>\u00a0\u00a0Pilato respondi\u00f3:<\/p>\n<p><b>S.<\/b>\u00a0\u00a0\u00abLo escrito, escrito est\u00e1\u00bb.<\/p>\n<p align=\"center\"><i>Se repartieron mis vestiduras<\/i><\/p>\n<p><b>C.<\/b>\u00a0\u00a0Despu\u00e9s que los soldados crucificaron a Jes\u00fas<i>,\u00a0<\/i>tomaron sus vestiduras\u00a0<i>y\u00a0<\/i>las dividieron en cuatro partes, una para cada uno. Tomaron tambi\u00e9n la t\u00fanica,\u00a0<i>y\u00a0<\/i>como no ten\u00eda costura, porque estaba hecha de una sola pieza de arriba abajo, se dijeron entre s\u00ed:<\/p>\n<p><b>S.<\/b>\u00a0\u00a0\u00abNo la rompamos. Vamos a sortearla, para ver a qui\u00e9n le toca\u00bb.<\/p>\n<p><b>C.\u00a0\u00a0<\/b>As\u00ed se cumpli\u00f3 la Escritura que dice:<\/p>\n<p>\u00abSe repartieron mis vestiduras<\/p>\n<p>y sortearon mi t\u00fanica\u00bb.<\/p>\n<p>Esto fue loque hicieron los soldados.<\/p>\n<p align=\"center\"><i>\u00a1Aqu\u00ed tienes a tu hijo! \u00a1Aqu\u00ed tienes a tu madre!<\/i><\/p>\n<p><b>C.\u00a0<\/b>Junto a la cruz de Jes\u00fas, estaba su madre y la hermana de su madre, Mar\u00eda, mujer de Cleof\u00e1s, y Mar\u00eda Magdalena. Al ver a la madre y cerca de ella al disc\u00edpulo a quien \u00c9l amaba, Jes\u00fas le dijo:<\/p>\n<p>a\u00a0\u00a0\u00abMujer, aqu\u00ed tienes a tu hijo\u00bb.<\/p>\n<p><b>C.\u00a0<\/b>\u00a0Luego dijo al disc\u00edpulo:<\/p>\n<p>a\u00a0\u00a0\u00abAqu\u00ed tienes a tu madre\u00bb.<\/p>\n<p><b>C.\u00a0<\/b>\u00a0Y desde aquella Hora, el disc\u00edpulo la recibi\u00f3 como suya.<\/p>\n<p align=\"center\"><i>Todo se ha cumplido<\/i><\/p>\n<p><b>C.\u00a0<\/b>Despu\u00e9s, sabiendo que ya todo estaba cumplido, y para que la Escritura se cumpliera hasta el final, Jes\u00fas dijo:<\/p>\n<p>a\u00a0\u00a0\u00abTengo sed\u00bb.<\/p>\n<p><b>C.\u00a0\u00a0<\/b>Hab\u00eda all\u00ed un recipiente lleno de vinagre; empaparon en \u00e9l una esponja, la ataron a una rama de hisopo y se la acercaron a la boca. Despu\u00e9s de beber el vinagre, dijo Jes\u00fas:<\/p>\n<p>a\u00a0\u00a0\u00abTodo se ha cumplido\u00bb.<\/p>\n<p><b>C.\u00a0<\/b>\u00a0E inclinando la cabeza, entreg\u00f3 el esp\u00edritu.<\/p>\n<p>&nbsp;<\/p>\n<p>Aqu\u00ed todos se arrodillan, y se hace un breve silencio de adoraci\u00f3n.<\/p>\n<p align=\"center\"><i>En seguida brot\u00f3 sangre yagua<\/i><\/p>\n<p><b>C.<\/b>\u00a0Era el d\u00eda de la Preparaci\u00f3n de la Pascua. Los jud\u00edos pidieron a Pilato que hiciera quebrar las piernas de los crucificados y mandara retirar sus cuerpos, para que no quedaran en la cruz durante el s\u00e1bado, porque ese s\u00e1bado era muy solemne. Los soldados fueron y quebraron las piernas a los dos que hab\u00edan sido crucificados con Jes\u00fas. Cuando llegaron a \u00c9l, al ver que ya estaba muerto, no le quebraron las piernas, sino que uno de los soldados le atraves\u00f3 el costado con la lanza, y en seguida brot\u00f3 sangre y agua.<\/p>\n<p>El que vio esto lo atestigua: su testimonio es verdadero y \u00e9l sabe que dice la verdad, para que tambi\u00e9n ustedes crean. Esto sucedi\u00f3 para que se cumpliera la Escritura que dice:<\/p>\n<p>&nbsp;<\/p>\n<p>\u00abNo le quebrar\u00e1n ninguno de sus huesos\u00bb.<\/p>\n<p>Y otro pasaje de la Escritura, dice:<\/p>\n<p>\u00abVer\u00e1n al que ellos mismos traspasaron\u00bb.<\/p>\n<p align=\"center\"><i>Envolvieron con vendas el cuerpo de Jes\u00fas,<\/i><\/p>\n<p align=\"center\"><i>agreg\u00e1ndole la mezcla de perfumes<\/i><\/p>\n<p><b>C.<\/b>\u00a0Despu\u00e9s de esto, Jos\u00e9 de Arimatea, que era disc\u00edpulo de Jes\u00fas -pero secretamente, por temor a los jud\u00edos&#8211; pidi\u00f3 autorizaci\u00f3n a Pilato para retirar el cuerpo de Jes\u00fas. Pilato se la concedi\u00f3, y \u00e9l fue a retirarlo.<\/p>\n<p>Fue tambi\u00e9n Nicodemo, el mismo que anteriormente hab\u00eda ido a verlo de noche, y trajo una mezcla de mirra y \u00e1loe, que pesaba unos treinta kilos. Tomaron entonces el cuerpo de Jes\u00fas y lo envolvieron con vendas, agreg\u00e1ndole la mezcla de perfumes, seg\u00fan la costumbre de sepultar que tienen los jud\u00edos.<\/p>\n<p>En el lugar donde lo crucificaron hab\u00eda una huerta y en ella, una tumba nueva, en la que todav\u00eda nadie hab\u00eda sido sepultado. Como era para los jud\u00edos el d\u00eda de la Preparaci\u00f3n y el sepulcro estaba cerca, pusieron all\u00ed a Jes\u00fas.<\/p>\n<p>&nbsp;<\/p>\n<p><b>Palabra del Se\u00f1or.<\/b><\/p>\n","protected":false},"excerpt":{"rendered":"<p>Evangelio seg\u00fan San Juan 18, 1-19, 42. \u00bfA qui\u00e9n buscan? C.\u00a0\u00a0Jes\u00fas fue con sus disc\u00edpulos al otro lado del torrente Cedr\u00f3n. Hab\u00eda<span class=\"more-button\"><a href=\"https:\/\/codemar.net\/podcast\/evangelio-del-viernes-santo\/\" class=\"more-link\">Continuar lectura<span class=\"screen-reader-text\">Evangelio del Viernes Santo<\/span><\/a><\/span><\/p>\n","protected":false},"author":1,"featured_media":0,"parent":0,"menu_order":0,"comment_status":"open","ping_status":"open","template":"","meta":{"episode_type":"","audio_file":"","podmotor_file_id":"","podmotor_episode_id":"","cover_image":"","cover_image_id":"","duration":"","filesize":"","filesize_raw":"","date_recorded":"","explicit":"","block":"","itunes_episode_number":"","itunes_title":"","itunes_season_number":"","itunes_episode_type":"","jetpack_post_was_ever_published":false,"footnotes":""},"class_list":["post-476","page","type-page","status-publish","hentry"],"jetpack_shortlink":"https:\/\/wp.me\/P4bNxE-7G","jetpack_sharing_enabled":true,"_links":{"self":[{"href":"https:\/\/codemar.net\/podcast\/wp-json\/wp\/v2\/pages\/476","targetHints":{"allow":["GET"]}}],"collection":[{"href":"https:\/\/codemar.net\/podcast\/wp-json\/wp\/v2\/pages"}],"about":[{"href":"https:\/\/codemar.net\/podcast\/wp-json\/wp\/v2\/types\/page"}],"author":[{"embeddable":true,"href":"https:\/\/codemar.net\/podcast\/wp-json\/wp\/v2\/users\/1"}],"replies":[{"embeddable":true,"href":"https:\/\/codemar.net\/podcast\/wp-json\/wp\/v2\/comments?post=476"}],"version-history":[{"count":1,"href":"https:\/\/codemar.net\/podcast\/wp-json\/wp\/v2\/pages\/476\/revisions"}],"predecessor-version":[{"id":477,"href":"https:\/\/codemar.net\/podcast\/wp-json\/wp\/v2\/pages\/476\/revisions\/477"}],"wp:attachment":[{"href":"https:\/\/codemar.net\/podcast\/wp-json\/wp\/v2\/media?parent=476"}],"curies":[{"name":"wp","href":"https:\/\/api.w.org\/{rel}","templated":true}]}}