{"id":459,"date":"2014-04-12T19:19:06","date_gmt":"2014-04-13T01:19:06","guid":{"rendered":"http:\/\/codemar.net\/podcast\/?page_id=459"},"modified":"2014-04-12T19:19:06","modified_gmt":"2014-04-13T01:19:06","slug":"evangelio-del-domingo-de-ramos","status":"publish","type":"page","link":"https:\/\/codemar.net\/podcast\/evangelio-del-domingo-de-ramos\/","title":{"rendered":"Evangelio del Domingo de Ramos"},"content":{"rendered":"<p><strong>Evangelio seg\u00fan San Mateo 21, 1-11.<\/strong><\/p>\n<p>Cuando se acercaron a Jerusal\u00e9n y llegaron a Betfag\u00e9, al monte de los Olivos, Jes\u00fas envi\u00f3 a dos disc\u00edpulos, dici\u00e9ndoles: \u00abVayan al pueblo que est\u00e1 enfrente, e inmediatamente encontrar\u00e1n un asna atada, junto con su cr\u00eda. Des\u00e1tenla y tr\u00e1iganmelos. Y si alguien les dice algo, respondan: &#8220;El Se\u00f1or los necesita y los va a devolver en seguida&#8221;\u00bb.<\/p>\n<p>Esto sucedi\u00f3 para que se cumpliera lo anunciado por el Profeta:<\/p>\n<p>\u00abDigan a la hija de Si\u00f3n:<br \/>\nMira que tu rey viene hacia ti,<br \/>\nhumilde y montado sobre un asna,<br \/>\nsobre la cr\u00eda de un animal de carga\u00bb.<\/p>\n<p>Los disc\u00edpulos fueron e hicieron lo que Jes\u00fas les hab\u00eda mandado; trajeron el asna y su cr\u00eda, pusieron sus mantos sobre ellos y Jes\u00fas se mont\u00f3. Entonces la mayor parte de la gente comenz\u00f3 a extender sus mantos sobre el camino, y otros cortaban ramas de los \u00e1rboles y lo cubr\u00edan con ellas. La multitud que iba delante de Jes\u00fas y la que lo segu\u00eda gritaba:<\/p>\n<p>\u00ab\u00a1Hosana al Hijo de David!<br \/>\n\u00a1Bendito el que viene en nombre del Se\u00f1or!<br \/>\n\u00a1Hosana en las alturas!\u00bb<\/p>\n<p>Cuando entr\u00f3 en Jerusal\u00e9n, toda la ciudad se conmovi\u00f3, y preguntaban: \u00ab\u00bfQui\u00e9n es \u00e9ste?\u00bb<\/p>\n<p>Y la gente respond\u00eda:<\/p>\n<p>\u00abEs Jes\u00fas, el profeta de Nazaret de Galilea\u00bb.<\/p>\n<p>&nbsp;<\/p>\n<p><b>Palabra del Se\u00f1or.<\/b><\/p>\n","protected":false},"excerpt":{"rendered":"<p>Evangelio seg\u00fan San Mateo 21, 1-11. Cuando se acercaron a Jerusal\u00e9n y llegaron a Betfag\u00e9, al monte de los Olivos, Jes\u00fas envi\u00f3<span class=\"more-button\"><a href=\"https:\/\/codemar.net\/podcast\/evangelio-del-domingo-de-ramos\/\" class=\"more-link\">Continuar lectura<span class=\"screen-reader-text\">Evangelio del Domingo de Ramos<\/span><\/a><\/span><\/p>\n","protected":false},"author":1,"featured_media":0,"parent":0,"menu_order":0,"comment_status":"open","ping_status":"open","template":"","meta":{"episode_type":"","audio_file":"","podmotor_file_id":"","podmotor_episode_id":"","cover_image":"","cover_image_id":"","duration":"","filesize":"","filesize_raw":"","date_recorded":"","explicit":"","block":"","itunes_episode_number":"","itunes_title":"","itunes_season_number":"","itunes_episode_type":"","jetpack_post_was_ever_published":false,"footnotes":""},"class_list":["post-459","page","type-page","status-publish","hentry"],"jetpack_shortlink":"https:\/\/wp.me\/P4bNxE-7p","jetpack_sharing_enabled":true,"_links":{"self":[{"href":"https:\/\/codemar.net\/podcast\/wp-json\/wp\/v2\/pages\/459","targetHints":{"allow":["GET"]}}],"collection":[{"href":"https:\/\/codemar.net\/podcast\/wp-json\/wp\/v2\/pages"}],"about":[{"href":"https:\/\/codemar.net\/podcast\/wp-json\/wp\/v2\/types\/page"}],"author":[{"embeddable":true,"href":"https:\/\/codemar.net\/podcast\/wp-json\/wp\/v2\/users\/1"}],"replies":[{"embeddable":true,"href":"https:\/\/codemar.net\/podcast\/wp-json\/wp\/v2\/comments?post=459"}],"version-history":[{"count":1,"href":"https:\/\/codemar.net\/podcast\/wp-json\/wp\/v2\/pages\/459\/revisions"}],"predecessor-version":[{"id":460,"href":"https:\/\/codemar.net\/podcast\/wp-json\/wp\/v2\/pages\/459\/revisions\/460"}],"wp:attachment":[{"href":"https:\/\/codemar.net\/podcast\/wp-json\/wp\/v2\/media?parent=459"}],"curies":[{"name":"wp","href":"https:\/\/api.w.org\/{rel}","templated":true}]}}