{"id":452,"date":"2014-04-05T23:18:32","date_gmt":"2014-04-06T05:18:32","guid":{"rendered":"http:\/\/codemar.net\/podcast\/?page_id=452"},"modified":"2014-04-05T23:18:32","modified_gmt":"2014-04-06T05:18:32","slug":"evangelio-del-5o-domingo-de-cuaresma","status":"publish","type":"page","link":"https:\/\/codemar.net\/podcast\/evangelio-del-5o-domingo-de-cuaresma\/","title":{"rendered":"Evangelio del 5\u00ba Domingo de Cuaresma"},"content":{"rendered":"<p><strong>Evangelio seg\u00fan San Juan 11, 1-45.<\/strong><\/p>\n<p>Hab\u00eda un hombre enfermo, L\u00e1zaro de Betania, del pueblo de Mar\u00eda y de su hermana Marta. Mar\u00eda era la misma que derram\u00f3 perfume sobre el Se\u00f1or y le sec\u00f3 los pies con sus cabellos. Su hermano L\u00e1zaro era el que estaba enfermo. Las hermanas enviaron a decir a Jes\u00fas: \u00abSe\u00f1or, el que t\u00fa amas, est\u00e1 enfermo\u00bb.<\/p>\n<p>Al o\u00edr esto, Jes\u00fas dijo: \u00abEsta enfermedad no es mortal; es para gloria de Dios, para que el Hijo de Dios sea glorificado por ella\u00bb.<\/p>\n<p>Jes\u00fas quer\u00eda mucho a Marta, a su hermana y a L\u00e1zaro. Sin embargo, cuando oy\u00f3 que \u00e9ste se encontraba enfermo, se qued\u00f3 dos d\u00edas m\u00e1s en el lugar donde estaba. Despu\u00e9s dijo a sus disc\u00edpulos: \u00abVolvamos a Judea\u00bb.<\/p>\n<p>Los disc\u00edpulos le dijeron: \u00abMaestro, hace poco los jud\u00edos quer\u00edan apedrearte, \u00bfy quieres volver all\u00e1?\u00bb<\/p>\n<p>Jes\u00fas les respondi\u00f3:<\/p>\n<p>\u00ab\u00bfAcaso no son doce las horas del d\u00eda?<br \/>\nEl que camina de d\u00eda no tropieza,<br \/>\nporque ve la luz de este mundo;<br \/>\nen cambio, el que camina de noche tropieza,<br \/>\nporque la luz no est\u00e1 en \u00e9l\u00bb.<\/p>\n<p>Despu\u00e9s agreg\u00f3: \u00abNuestro amigo L\u00e1zaro duerme, pero Yo voy a despertarlo\u00bb.<\/p>\n<p>Sus disc\u00edpulos le dijeron: \u00abSe\u00f1or, si duerme, se sanar\u00e1\u00bb. Ellos pensaban que hablaba del sue\u00f1o, pero Jes\u00fas se refer\u00eda a la muerte.<\/p>\n<p>Entonces les dijo abiertamente: \u00abL\u00e1zaro ha muerto, y me alegro por ustedes de no haber estado all\u00ed, a fin de que crean. Vayamos a verlo\u00bb.<\/p>\n<p>Tom\u00e1s, llamado el Mellizo, dijo a los otros disc\u00edpulos: \u00abVayamos tambi\u00e9n nosotros a morir con \u00e9l\u00bb.<\/p>\n<p>Cuando Jes\u00fas lleg\u00f3, se encontr\u00f3 con que L\u00e1zaro estaba sepultado desde hac\u00eda cuatro d\u00edas.<\/p>\n<p>Betania distaba de Jerusal\u00e9n s\u00f3lo unos tres kil\u00f3metros. Muchos jud\u00edos hab\u00edan ido a consolar a Marta y a Mar\u00eda, por la muerte de su hermano. Al enterarse de que Jes\u00fas llegaba, Marta sali\u00f3 a su encuentro, mientras Mar\u00eda permanec\u00eda en la casa. Marta dijo a Jes\u00fas: \u00abSe\u00f1or, si hubieras estado aqu\u00ed, mi hermano no habr\u00eda muerto. Pero yo s\u00e9 que aun ahora, Dios te conceder\u00e1 todo lo que le pidas\u00bb.<\/p>\n<p>Jes\u00fas le dijo: \u00abTu hermano resucitar\u00e1\u00bb.<\/p>\n<p>Marta le respondi\u00f3: \u00abS\u00e9 que resucitar\u00e1 en la resurrecci\u00f3n del \u00faltimo d\u00eda\u00bb.<\/p>\n<p>Jes\u00fas le dijo:<\/p>\n<p>\u00abYo soy la Resurrecci\u00f3n y la Vida.<br \/>\nEl que cree en m\u00ed, aunque muera, vivir\u00e1;<br \/>\ny todo el que vive y cree en m\u00ed,<br \/>\nno morir\u00e1 jam\u00e1s.<br \/>\n\u00bfCrees esto?\u00bb<\/p>\n<p>Ella le respondi\u00f3: \u00abS\u00ed, Se\u00f1or, creo que T\u00fa eres el Mes\u00edas, el Hijo de Dios, el que deb\u00eda venir al mundo\u00bb.<\/p>\n<p>Despu\u00e9s fue a llamar a Mar\u00eda, su hermana, y le dijo en voz baja: \u00abEl Maestro est\u00e1 aqu\u00ed y te llama\u00bb. Al o\u00edr esto, ella se levant\u00f3 r\u00e1pidamente y fue a su encuentro. Jes\u00fas no hab\u00eda llegado todav\u00eda al pueblo, sino que estaba en el mismo sitio donde Marta lo hab\u00eda encontrado. Los jud\u00edos que estaban en la casa consolando a Mar\u00eda, al ver que \u00e9sta se levantaba de repente y sal\u00eda, la siguieron, pensando que iba al sepulcro para llorar all\u00ed. Mar\u00eda lleg\u00f3 adonde estaba Jes\u00fas y, al verlo, se postr\u00f3 a sus pies y le dijo: \u00abSe\u00f1or, si hubieras estado aqu\u00ed, mi hermano no habr\u00eda muerto\u00bb.<\/p>\n<p>Jes\u00fas, al verla llorar a ella, y tambi\u00e9n a los jud\u00edos que la acompa\u00f1aban, conmovido y turbado, pregunt\u00f3: \u00ab\u00bfD\u00f3nde lo pusieron?\u00bb<\/p>\n<p>Le respondieron: \u00abVen, Se\u00f1or, y lo ver\u00e1s\u00bb.<\/p>\n<p>Y Jes\u00fas llor\u00f3.<\/p>\n<p>Los jud\u00edos dijeron: \u00ab\u00a1C\u00f3mo lo amaba!\u00bb<\/p>\n<p>Pero algunos dec\u00edan: \u00ab\u00c9ste que abri\u00f3 los ojos del ciego de nacimiento, \u00bfno pod\u00eda impedir que L\u00e1zaro muriera?\u00bb<\/p>\n<p>Jes\u00fas, conmovi\u00e9ndose nuevamente, lleg\u00f3 al sepulcro, que era una cueva con una piedra encima, y dijo: \u00abQuiten la piedra\u00bb.<\/p>\n<p>Marta, la hermana del difunto, le respondi\u00f3: \u00abSe\u00f1or, huele mal; ya hace cuatro d\u00edas que est\u00e1 muerto\u00bb.<\/p>\n<p>Jes\u00fas le dijo: \u00ab\u00bfNo te he dicho que si crees, ver\u00e1s la gloria de Dios?\u00bb<\/p>\n<p>Entonces quitaron la piedra, y Jes\u00fas, levantando los ojos al cielo, dijo:<\/p>\n<p>\u00abPadre, te doy gracias porque me o\u00edste.<br \/>\nYo s\u00e9 que siempre me oyes,<br \/>\npero lo he dicho por esta gente que me rodea,<br \/>\npara que crean que Tu me has enviado\u00bb.<\/p>\n<p>Despu\u00e9s de decir esto, grit\u00f3 con voz fuerte: \u00ab\u00a1L\u00e1zaro, ven afuera!\u00bb. El muerto sali\u00f3 con los pies y las manos atados con vendas, y el rostro envuelto en un sudario.<\/p>\n<p>Jes\u00fas les dijo: \u00abDes\u00e1tenlo para que pueda caminar\u00bb.<\/p>\n<p>Al ver lo que hizo Jes\u00fas, muchos de los jud\u00edos que hab\u00edan ido a casa de Mar\u00eda creyeron en \u00c9l.<\/p>\n<p>&nbsp;<\/p>\n<p><b>Palabra del Se\u00f1or.\u00a0<\/b><\/p>\n","protected":false},"excerpt":{"rendered":"<p>Evangelio seg\u00fan San Juan 11, 1-45. Hab\u00eda un hombre enfermo, L\u00e1zaro de Betania, del pueblo de Mar\u00eda y de su hermana Marta.<span class=\"more-button\"><a href=\"https:\/\/codemar.net\/podcast\/evangelio-del-5o-domingo-de-cuaresma\/\" class=\"more-link\">Continuar lectura<span class=\"screen-reader-text\">Evangelio del 5\u00ba Domingo de Cuaresma<\/span><\/a><\/span><\/p>\n","protected":false},"author":1,"featured_media":0,"parent":0,"menu_order":0,"comment_status":"open","ping_status":"open","template":"","meta":{"episode_type":"","audio_file":"","podmotor_file_id":"","podmotor_episode_id":"","cover_image":"","cover_image_id":"","duration":"","filesize":"","filesize_raw":"","date_recorded":"","explicit":"","block":"","itunes_episode_number":"","itunes_title":"","itunes_season_number":"","itunes_episode_type":"","jetpack_post_was_ever_published":false,"footnotes":""},"class_list":["post-452","page","type-page","status-publish","hentry"],"jetpack_shortlink":"https:\/\/wp.me\/P4bNxE-7i","jetpack_sharing_enabled":true,"_links":{"self":[{"href":"https:\/\/codemar.net\/podcast\/wp-json\/wp\/v2\/pages\/452","targetHints":{"allow":["GET"]}}],"collection":[{"href":"https:\/\/codemar.net\/podcast\/wp-json\/wp\/v2\/pages"}],"about":[{"href":"https:\/\/codemar.net\/podcast\/wp-json\/wp\/v2\/types\/page"}],"author":[{"embeddable":true,"href":"https:\/\/codemar.net\/podcast\/wp-json\/wp\/v2\/users\/1"}],"replies":[{"embeddable":true,"href":"https:\/\/codemar.net\/podcast\/wp-json\/wp\/v2\/comments?post=452"}],"version-history":[{"count":1,"href":"https:\/\/codemar.net\/podcast\/wp-json\/wp\/v2\/pages\/452\/revisions"}],"predecessor-version":[{"id":453,"href":"https:\/\/codemar.net\/podcast\/wp-json\/wp\/v2\/pages\/452\/revisions\/453"}],"wp:attachment":[{"href":"https:\/\/codemar.net\/podcast\/wp-json\/wp\/v2\/media?parent=452"}],"curies":[{"name":"wp","href":"https:\/\/api.w.org\/{rel}","templated":true}]}}