{"id":444,"date":"2014-03-30T12:15:08","date_gmt":"2014-03-30T18:15:08","guid":{"rendered":"http:\/\/codemar.net\/podcast\/?page_id=444"},"modified":"2014-03-30T12:15:08","modified_gmt":"2014-03-30T18:15:08","slug":"evangelio-del-4o-domingo-de-cuaresma","status":"publish","type":"page","link":"https:\/\/codemar.net\/podcast\/evangelio-del-4o-domingo-de-cuaresma\/","title":{"rendered":"Evangelio del 4o. Domingo de Cuaresma"},"content":{"rendered":"<p><strong>Evangelio seg\u00fan San Juan 9, 1-41.<\/strong><\/p>\n<p>Jes\u00fas vio a un hombre ciego de nacimiento. Sus disc\u00edpulos le preguntaron: \u00abMaestro, \u00bfqui\u00e9n ha pecado, \u00e9l o sus padres, para que haya nacido ciego?\u00bb<\/p>\n<p>\u00abNi \u00e9l ni sus padres han pecado, -respondi\u00f3 Jes\u00fas-; naci\u00f3 as\u00ed para que se manifiesten en \u00e9l las obras de Dios. Debemos trabajar en las obras de Aqu\u00e9l que me envi\u00f3, mientras es de d\u00eda; llega la noche, cuando nadie puede trabajar. Mientras estoy en el mundo, soy la luz del mundo\u00bb.<\/p>\n<p>Despu\u00e9s que dijo esto, escupi\u00f3 en la tierra, hizo barro con la saliva y lo puso sobre los ojos del ciego, dici\u00e9ndole: \u00abVe a lavarte a la piscina de Silo\u00e9\u00bb, que significa \u00abEnviado\u00bb.<\/p>\n<p>El ciego fue, se lav\u00f3 y, al regresar, ya ve\u00eda.<\/p>\n<p>Los vecinos y los que antes lo hab\u00edan visto mendigar, se preguntaban: \u00ab\u00bfNo es \u00e9ste el que se sentaba a pedir limosna?\u00bb Unos opinaban: \u00abEs el mismo\u00bb. \u00abNo, respond\u00edan otros, es uno que se le parece\u00bb.<\/p>\n<p>El dec\u00eda: \u00abSoy realmente yo\u00bb.<\/p>\n<p>Ellos le dijeron: \u00ab\u00bfC\u00f3mo se te han abierto los ojos?\u00bb \u00c9l respondi\u00f3: \u00abEse hombre que se llama Jes\u00fas hizo barro, lo puso sobre mis ojos y me dijo: \u00abVe a lavarte a Silo\u00e9\u00bb. Yo fui, me lav\u00e9 y vi\u00bb.<\/p>\n<p>Ellos le preguntaron: \u00ab\u00bfD\u00f3nde est\u00e1?\u00bb<\/p>\n<p>\u00c9l respondi\u00f3: \u00abNo lo s\u00e9\u00bb.<\/p>\n<p>El que hab\u00eda sido ciego fue llevado ante los fariseos. Era s\u00e1bado cuando Jes\u00fas hizo barro y le abri\u00f3 los ojos. Los fariseos, a su vez, le preguntaron c\u00f3mo hab\u00eda llegado a ver.<\/p>\n<p>\u00c9l les respondi\u00f3: \u00abMe puso barro sobre los ojos, me lav\u00e9 y veo\u00bb.<\/p>\n<p>Algunos fariseos dec\u00edan: \u00abEse hombre no viene de Dios, porque no observa el s\u00e1bado\u00bb.<\/p>\n<p>Otros replicaban: \u00ab\u00bfC\u00f3mo un pecador puede hacer semejantes signos?\u00bb<\/p>\n<p>Y se produjo una divisi\u00f3n entre ellos. Entonces dijeron nuevamente al ciego: \u00abY t\u00fa, \u00bfqu\u00e9 dices del que te abri\u00f3 los ojos?\u00bb El hombre respondi\u00f3: \u00abEs un profeta\u00bb.<\/p>\n<p>Sin embargo, los jud\u00edos no quer\u00edan creer que ese hombre hab\u00eda sido ciego y que hab\u00eda llegado a ver, hasta que llamaron a sus padres y les preguntaron: \u00ab\u00bfEs este el hijo de ustedes, el que dicen que naci\u00f3 ciego? \u00bfC\u00f3mo es que ahora ve?\u00bb<\/p>\n<p>Sus padres respondieron: \u00abSabemos que es nuestro hijo y que naci\u00f3 ciego, pero c\u00f3mo es que ahora ve y qui\u00e9n le abri\u00f3 los ojos, no lo sabemos. Preg\u00fantenle a \u00e9l: tiene edad para responder por su cuenta\u00bb.<\/p>\n<p>Sus padres dijeron esto por temor a los jud\u00edos, que ya se hab\u00edan puesto de acuerdo para excluir de la sinagoga al que reconociera a Jes\u00fas como Mes\u00edas. Por esta raz\u00f3n dijeron: \u00abTiene bastante edad, preg\u00fantenle a \u00e9l\u00bb.<\/p>\n<p>Los jud\u00edos llamaron por segunda vez al que hab\u00eda sido ciego y le dijeron: \u00abGlorifica a Dios. Nosotros sabemos que ese hombre es un pecador\u00bb.<\/p>\n<p>\u00abYo no s\u00e9 si es un pecador, respondi\u00f3; lo que s\u00e9 es que antes yo era ciego y ahora veo\u00bb.<\/p>\n<p>Ellos le preguntaron: \u00ab\u00bfQu\u00e9 te ha hecho? \u00bfC\u00f3mo te abri\u00f3 los ojos?\u00bb<\/p>\n<p>\u00c9l les respondi\u00f3: \u00abYa se lo dije y ustedes no me han escuchado. \u00bfPor qu\u00e9 quieren o\u00edrlo de nuevo? \u00bfTambi\u00e9n ustedes quieren hacerse disc\u00edpulos suyos?\u00bb<\/p>\n<p>Ellos lo injuriaron y le dijeron: \u00ab\u00a1T\u00fa ser\u00e1s disc\u00edpulo de ese hombre; nosotros somos disc\u00edpulos de Mois\u00e9s! Sabemos que Dios habl\u00f3 a Mois\u00e9s, pero no sabemos de d\u00f3nde es \u00e9ste\u00bb.<\/p>\n<p>El hombre les respondi\u00f3: \u00abEsto es lo asombroso: que ustedes no sepan de d\u00f3nde es, a pesar de que me ha abierto los ojos. Sabemos que Dios no escucha a los pecadores, pero s\u00ed al que lo honra y cumple su voluntad. Nunca se oy\u00f3 decir que alguien haya abierto los ojos a un ciego de nacimiento. Si este hombre no viniera de Dios, no podr\u00eda hacer nada\u00bb.<\/p>\n<p>Ellos le respondieron: \u00abT\u00fa naciste lleno de pecado, y \u00bfquieres damos lecciones?\u00bb Y lo echaron.<\/p>\n<p>Jes\u00fas se enter\u00f3 de que lo hab\u00edan echado y, al encontrarlo, le pregunt\u00f3: \u00ab\u00bfCrees en el Hijo del hombre?\u00bb<\/p>\n<p>El respondi\u00f3: \u00ab\u00bfQui\u00e9n es, Se\u00f1or, para que crea en El?\u00bb<\/p>\n<p>Jes\u00fas le dijo: \u00abT\u00fa lo has visto: es el que te est\u00e1 hablando\u00bb.<\/p>\n<p>Entonces \u00e9l exclam\u00f3: \u00abCreo, Se\u00f1or\u00bb, y se postr\u00f3 ante \u00c9l.<\/p>\n<p>Despu\u00e9s Jes\u00fas agreg\u00f3:<\/p>\n<p>\u00abHe venido a este mundo para un juicio:<br \/>\nPara que vean los que no ven<br \/>\ny queden ciegos los que ven\u00bb.<\/p>\n<p>Los fariseos que estaban con \u00c9l oyeron esto y le dijeron: \u00ab\u00bfAcaso tambi\u00e9n nosotros somos ciegos?\u00bb Jes\u00fas les respondi\u00f3:<\/p>\n<p>\u00abSi ustedes fueran ciegos,<br \/>\nno tendr\u00edan pecado,<br \/>\npero como dicen: &#8220;Vemos&#8221;,<br \/>\nsu pecado permanece\u00bb.<\/p>\n<p>&nbsp;<\/p>\n<p><b>Palabra del Se\u00f1or.<\/b><\/p>\n","protected":false},"excerpt":{"rendered":"<p>Evangelio seg\u00fan San Juan 9, 1-41. Jes\u00fas vio a un hombre ciego de nacimiento. Sus disc\u00edpulos le preguntaron: \u00abMaestro, \u00bfqui\u00e9n ha pecado,<span class=\"more-button\"><a href=\"https:\/\/codemar.net\/podcast\/evangelio-del-4o-domingo-de-cuaresma\/\" class=\"more-link\">Continuar lectura<span class=\"screen-reader-text\">Evangelio del 4o. Domingo de Cuaresma<\/span><\/a><\/span><\/p>\n","protected":false},"author":1,"featured_media":0,"parent":0,"menu_order":0,"comment_status":"open","ping_status":"open","template":"","meta":{"episode_type":"","audio_file":"","podmotor_file_id":"","podmotor_episode_id":"","cover_image":"","cover_image_id":"","duration":"","filesize":"","filesize_raw":"","date_recorded":"","explicit":"","block":"","itunes_episode_number":"","itunes_title":"","itunes_season_number":"","itunes_episode_type":"","jetpack_post_was_ever_published":false,"footnotes":""},"class_list":["post-444","page","type-page","status-publish","hentry"],"jetpack_shortlink":"https:\/\/wp.me\/P4bNxE-7a","jetpack_sharing_enabled":true,"_links":{"self":[{"href":"https:\/\/codemar.net\/podcast\/wp-json\/wp\/v2\/pages\/444","targetHints":{"allow":["GET"]}}],"collection":[{"href":"https:\/\/codemar.net\/podcast\/wp-json\/wp\/v2\/pages"}],"about":[{"href":"https:\/\/codemar.net\/podcast\/wp-json\/wp\/v2\/types\/page"}],"author":[{"embeddable":true,"href":"https:\/\/codemar.net\/podcast\/wp-json\/wp\/v2\/users\/1"}],"replies":[{"embeddable":true,"href":"https:\/\/codemar.net\/podcast\/wp-json\/wp\/v2\/comments?post=444"}],"version-history":[{"count":1,"href":"https:\/\/codemar.net\/podcast\/wp-json\/wp\/v2\/pages\/444\/revisions"}],"predecessor-version":[{"id":445,"href":"https:\/\/codemar.net\/podcast\/wp-json\/wp\/v2\/pages\/444\/revisions\/445"}],"wp:attachment":[{"href":"https:\/\/codemar.net\/podcast\/wp-json\/wp\/v2\/media?parent=444"}],"curies":[{"name":"wp","href":"https:\/\/api.w.org\/{rel}","templated":true}]}}