{"id":437,"date":"2014-03-26T09:09:01","date_gmt":"2014-03-26T15:09:01","guid":{"rendered":"http:\/\/codemar.net\/podcast\/?page_id=437"},"modified":"2014-03-26T09:09:01","modified_gmt":"2014-03-26T15:09:01","slug":"evangelio-de-la-anunciacion-del-senor","status":"publish","type":"page","link":"https:\/\/codemar.net\/podcast\/evangelio-de-la-anunciacion-del-senor\/","title":{"rendered":"Evangelio de la Anunciaci\u00f3n del Se\u00f1or"},"content":{"rendered":"<p><strong>Evangelio seg\u00fan San Lucas 1, 26-38.<\/strong><\/p>\n<p>El \u00c1ngel Gabriel fue enviado por Dios a una ciudad de Galilea, llamada Nazaret, a una virgen que estaba comprometida con un hombre perteneciente a la familia de David, llamado Jos\u00e9. El nombre de la virgen era Mar\u00eda.<\/p>\n<p>El \u00c1ngel entr\u00f3 en su casa y la salud\u00f3, diciendo:<\/p>\n<p>\u00ab\u00a1Al\u00e9grate!, llena de gracia, el Se\u00f1or est\u00e1 contigo\u00bb.<\/p>\n<p>Al o\u00edr estas palabras, ella qued\u00f3 desconcertada y se preguntaba qu\u00e9 pod\u00eda significar ese saludo.<\/p>\n<p>Pero el \u00c1ngel le dijo:<\/p>\n<p>\u00abNo temas, Mar\u00eda, porque Dios te ha favorecido. Concebir\u00e1s y dar\u00e1s a luz un hijo, y le pondr\u00e1s por nombre Jes\u00fas; \u00c9l ser\u00e1 grande y ser\u00e1 llamado Hijo del Alt\u00edsimo. El Se\u00f1or Dios le dar\u00e1 el trono de David, su padre; reinar\u00e1 sobre la casa de Jacob para siempre y su reino no tendr\u00e1 fin\u00bb.<\/p>\n<p>Mar\u00eda dijo al \u00c1ngel:<\/p>\n<p>\u00ab\u00bfC\u00f3mo puede ser eso, si yo no tengo relaci\u00f3n con ning\u00fan hombre?\u00bb<\/p>\n<p>El \u00c1ngel le respondi\u00f3:<\/p>\n<p>\u00abEl Esp\u00edritu Santo descender\u00e1 sobre ti y el poder del Alt\u00edsimo te cubrir\u00e1 con su sombra. Por eso el ni\u00f1o ser\u00e1 Santo y ser\u00e1 llamado Hijo de Dios. Tambi\u00e9n tu parienta Isabel concibi\u00f3 un hijo a pesar de su vejez, y la que era considerada est\u00e9ril, ya se encuentra en su sexto mes, porque no hay nada imposible para Dios\u00bb.<\/p>\n<p>Mar\u00eda dijo entonces:<\/p>\n<p>\u00abYo soy la servidora del Se\u00f1or, que se haga en m\u00ed seg\u00fan tu Palabra\u00bb.<\/p>\n<p>Y el \u00c1ngel se alej\u00f3.<\/p>\n<p>&nbsp;<\/p>\n<p><b>Palabra del Se\u00f1or.<\/b><\/p>\n","protected":false},"excerpt":{"rendered":"<p>Evangelio seg\u00fan San Lucas 1, 26-38. El \u00c1ngel Gabriel fue enviado por Dios a una ciudad de Galilea, llamada Nazaret, a una<span class=\"more-button\"><a href=\"https:\/\/codemar.net\/podcast\/evangelio-de-la-anunciacion-del-senor\/\" class=\"more-link\">Continuar lectura<span class=\"screen-reader-text\">Evangelio de la Anunciaci\u00f3n del Se\u00f1or<\/span><\/a><\/span><\/p>\n","protected":false},"author":1,"featured_media":0,"parent":0,"menu_order":0,"comment_status":"open","ping_status":"open","template":"","meta":{"episode_type":"","audio_file":"","podmotor_file_id":"","podmotor_episode_id":"","cover_image":"","cover_image_id":"","duration":"","filesize":"","filesize_raw":"","date_recorded":"","explicit":"","block":"","itunes_episode_number":"","itunes_title":"","itunes_season_number":"","itunes_episode_type":"","jetpack_post_was_ever_published":false,"footnotes":""},"class_list":["post-437","page","type-page","status-publish","hentry"],"jetpack_shortlink":"https:\/\/wp.me\/P4bNxE-73","jetpack_sharing_enabled":true,"_links":{"self":[{"href":"https:\/\/codemar.net\/podcast\/wp-json\/wp\/v2\/pages\/437","targetHints":{"allow":["GET"]}}],"collection":[{"href":"https:\/\/codemar.net\/podcast\/wp-json\/wp\/v2\/pages"}],"about":[{"href":"https:\/\/codemar.net\/podcast\/wp-json\/wp\/v2\/types\/page"}],"author":[{"embeddable":true,"href":"https:\/\/codemar.net\/podcast\/wp-json\/wp\/v2\/users\/1"}],"replies":[{"embeddable":true,"href":"https:\/\/codemar.net\/podcast\/wp-json\/wp\/v2\/comments?post=437"}],"version-history":[{"count":1,"href":"https:\/\/codemar.net\/podcast\/wp-json\/wp\/v2\/pages\/437\/revisions"}],"predecessor-version":[{"id":438,"href":"https:\/\/codemar.net\/podcast\/wp-json\/wp\/v2\/pages\/437\/revisions\/438"}],"wp:attachment":[{"href":"https:\/\/codemar.net\/podcast\/wp-json\/wp\/v2\/media?parent=437"}],"curies":[{"name":"wp","href":"https:\/\/api.w.org\/{rel}","templated":true}]}}