{"id":432,"date":"2014-03-26T09:02:37","date_gmt":"2014-03-26T15:02:37","guid":{"rendered":"http:\/\/codemar.net\/podcast\/?page_id=432"},"modified":"2014-03-26T09:02:37","modified_gmt":"2014-03-26T15:02:37","slug":"evangelio-del-3er-domingo-de-cuaresma","status":"publish","type":"page","link":"https:\/\/codemar.net\/podcast\/evangelio-del-3er-domingo-de-cuaresma\/","title":{"rendered":"Evangelio del 3er. Domingo de Cuaresma"},"content":{"rendered":"<p><strong>Evangelio seg\u00fan San Juan 4, 5-42.<\/strong><\/p>\n<p>Jes\u00fas lleg\u00f3 a una ciudad de Samar\u00eda llamada Sicar, cerca de las tierras que Jacob hab\u00eda dado a su hijo Jos\u00e9. All\u00ed se encuentra el pozo de Jacob. Jes\u00fas, fatigado del camino, se hab\u00eda sentado junto al pozo. Era la hora del mediod\u00eda.<\/p>\n<p>Una mujer de Samar\u00eda fue a sacar agua, y Jes\u00fas le dijo: \u00abDame de beber\u00bb.<\/p>\n<p>Sus disc\u00edpulos hab\u00edan ido a la ciudad a comprar alimentos.<\/p>\n<p>La samaritana le respondi\u00f3: \u00ab\u00a1C\u00f3mo! \u00bfT\u00fa, que eres jud\u00edo, me pides de beber a m\u00ed, que soy samaritana?\u00bb Los jud\u00edos, en efecto, no se trataban con los samaritanos.<\/p>\n<p>Jes\u00fas le respondi\u00f3:<\/p>\n<p>\u00abSi conocieras el don de Dios<br \/>\ny qui\u00e9n es el que te dice:<br \/>\n&#8220;Dame de beber&#8221;,<br \/>\nt\u00fa misma se lo hubieras pedido,<br \/>\ny \u00c9l te habr\u00eda dado agua viva\u00bb.<\/p>\n<p>\u00abSe\u00f1or, le dijo ella, no tienes nada para sacar el agua y el pozo es profundo. \u00bfDe d\u00f3nde sacas esa agua viva? \u00bfEres acaso m\u00e1s grande que nuestro padre Jacob, que nos ha dado este pozo, donde \u00e9l bebi\u00f3, lo mismo que sus hijos y sus animales?\u00bb<\/p>\n<p>Jes\u00fas le respondi\u00f3:<\/p>\n<p>\u00abEl que beba de esta agua<br \/>\ntendr\u00e1 nuevamente sed,<br \/>\npero el que beba del agua que Yo le dar\u00e9,<br \/>\nnunca m\u00e1s volver\u00e1 a tener sed.<br \/>\nEl agua que Yo le dar\u00e9 se convertir\u00e1 en \u00e9l en manantial,<br \/>\nque brotar\u00e1 hasta la Vida eterna\u00bb.<\/p>\n<p>\u00abSe\u00f1or, le dijo la mujer, dame de esa agua para que no tenga m\u00e1s sed y no necesite venir hasta aqu\u00ed a sacarla\u00bb.<\/p>\n<p>Jes\u00fas le respondi\u00f3: \u00abVe, llama a tu marido y vuelve aqu\u00ed\u00bb.<\/p>\n<p>La mujer respondi\u00f3: \u00abNo tengo marido\u00bb.<\/p>\n<p>Jes\u00fas continu\u00f3: \u00abTienes raz\u00f3n al decir que no tienes marido, porque has tenido cinco y el que ahora tienes no es tu marido; en eso has dicho la verdad\u00bb.<\/p>\n<p>La mujer le dijo: \u00abSe\u00f1or, veo que eres un profeta. Nuestros padres adoraron en esta monta\u00f1a, y ustedes dicen que es en Jerusal\u00e9n donde se debe adorar\u00bb. Jes\u00fas le respondi\u00f3:<\/p>\n<p>\u00abCr\u00e9eme, mujer, llega la hora<br \/>\nen que ni en esta monta\u00f1a ni en Jerusal\u00e9n<br \/>\nustedes adorar\u00e1n al Padre.<br \/>\nUstedes adoran lo que no conocen;<br \/>\nnosotros adoramos lo que conocemos,<br \/>\nporque la salvaci\u00f3n viene de los jud\u00edos.<br \/>\nPero la hora se acerca, y ya ha llegado,<br \/>\nen que los verdaderos adoradores<br \/>\nadorar\u00e1n al Padre en esp\u00edritu y en verdad,<br \/>\nporque esos son los adoradores<br \/>\nque quiere el Padre.<br \/>\nDios es esp\u00edritu,<br \/>\ny los que lo adoran<br \/>\ndeben hacerlo en esp\u00edritu y en verdad\u00bb.<\/p>\n<p>La mujer le dijo: \u00abYo s\u00e9 que el Mes\u00edas, llamado Cristo, debe venir. Cuando \u00c9l venga, nos anunciar\u00e1 todo\u00bb.<\/p>\n<p>Jes\u00fas le respondi\u00f3: \u00abSoy Yo, el que habla contigo\u00bb.<\/p>\n<p>En ese momento llegaron sus disc\u00edpulos y quedaron sorprendidos al verlo hablar con una mujer. Sin embargo, ninguno le pregunt\u00f3: \u00ab\u00bfQu\u00e9 quieres de ella?\u00bb o \u00ab\u00bfPor qu\u00e9 hablas con ella?\u00bb<\/p>\n<p>La mujer, dejando all\u00ed su c\u00e1ntaro, corri\u00f3 a la ciudad y dijo a la gente: \u00abVengan a ver a un hombre que me ha dicho todo lo que hice. \u00bfNo ser\u00e1 el Mes\u00edas?\u00bb<\/p>\n<p>Salieron entonces de la ciudad y fueron a su encuentro.<\/p>\n<p>Mientras tanto, los disc\u00edpulos le insist\u00edan a Jes\u00fas, diciendo: \u00abCome, Maestro\u00bb. Pero \u00c9l les dijo: \u00abYo tengo para comer un alimento que ustedes no conocen\u00bb.<\/p>\n<p>Los disc\u00edpulos se preguntaban entre s\u00ed: \u00ab\u00bfAlguien le habr\u00e1 tra\u00eddo de comer?\u00bb<\/p>\n<p>Jes\u00fas les respondi\u00f3:<\/p>\n<p>\u00abMi comida<br \/>\nes hacer la voluntad de Aqu\u00e9l que me envi\u00f3<br \/>\ny llevar a cabo su obra.<br \/>\nUstedes dicen<br \/>\nque a\u00fan faltan cuatro meses para la cosecha.<br \/>\nPero Yo les digo:<br \/>\nLevanten los ojos y miren los campos:<br \/>\nya est\u00e1n madurando para la siega.<br \/>\nYa el segador recibe su salario<br \/>\ny recoge el grano para la Vida eterna;<br \/>\nas\u00ed el que siembra y el que cosecha<br \/>\ncomparten una misma alegr\u00eda.<br \/>\nPorque en esto se cumple el proverbio:<br \/>\n&#8220;Uno siembra y otro cosecha&#8221;.<br \/>\nYo los envi\u00e9 a cosechar<br \/>\nadonde ustedes no han trabajado;<br \/>\notros han trabajado,<br \/>\ny ustedes recogen el fruto de sus esfuerzos\u00bb.<\/p>\n<p>Muchos samaritanos de esa ciudad hab\u00edan cre\u00eddo en \u00c9l por la palabra de la mujer, que atestiguaba: \u00abMe ha dicho todo lo que hice\u00bb. Por eso, cuando los samaritanos se acercaron a Jes\u00fas, le rogaban que se quedara con ellos, y \u00c9l permaneci\u00f3 all\u00ed dos d\u00edas. Muchos m\u00e1s creyeron en \u00c9l, a causa de su palabra. Y dec\u00edan a la mujer:<\/p>\n<p>\u00abYa no creemos por lo que t\u00fa has dicho; nosotros mismos lo hemos o\u00eddo y sabemos que \u00c9l es verdaderamente el Salvador del mundo\u00bb.<\/p>\n<p>&nbsp;<\/p>\n<p><b>Palabra del Se\u00f1or.<\/b><\/p>\n","protected":false},"excerpt":{"rendered":"<p>Evangelio seg\u00fan San Juan 4, 5-42. Jes\u00fas lleg\u00f3 a una ciudad de Samar\u00eda llamada Sicar, cerca de las tierras que Jacob hab\u00eda<span class=\"more-button\"><a href=\"https:\/\/codemar.net\/podcast\/evangelio-del-3er-domingo-de-cuaresma\/\" class=\"more-link\">Continuar lectura<span class=\"screen-reader-text\">Evangelio del 3er. Domingo de Cuaresma<\/span><\/a><\/span><\/p>\n","protected":false},"author":1,"featured_media":0,"parent":0,"menu_order":0,"comment_status":"open","ping_status":"open","template":"","meta":{"episode_type":"","audio_file":"","podmotor_file_id":"","podmotor_episode_id":"","cover_image":"","cover_image_id":"","duration":"","filesize":"","filesize_raw":"","date_recorded":"","explicit":"","block":"","itunes_episode_number":"","itunes_title":"","itunes_season_number":"","itunes_episode_type":"","jetpack_post_was_ever_published":false,"footnotes":""},"class_list":["post-432","page","type-page","status-publish","hentry"],"jetpack_shortlink":"https:\/\/wp.me\/P4bNxE-6Y","jetpack_sharing_enabled":true,"_links":{"self":[{"href":"https:\/\/codemar.net\/podcast\/wp-json\/wp\/v2\/pages\/432","targetHints":{"allow":["GET"]}}],"collection":[{"href":"https:\/\/codemar.net\/podcast\/wp-json\/wp\/v2\/pages"}],"about":[{"href":"https:\/\/codemar.net\/podcast\/wp-json\/wp\/v2\/types\/page"}],"author":[{"embeddable":true,"href":"https:\/\/codemar.net\/podcast\/wp-json\/wp\/v2\/users\/1"}],"replies":[{"embeddable":true,"href":"https:\/\/codemar.net\/podcast\/wp-json\/wp\/v2\/comments?post=432"}],"version-history":[{"count":1,"href":"https:\/\/codemar.net\/podcast\/wp-json\/wp\/v2\/pages\/432\/revisions"}],"predecessor-version":[{"id":433,"href":"https:\/\/codemar.net\/podcast\/wp-json\/wp\/v2\/pages\/432\/revisions\/433"}],"wp:attachment":[{"href":"https:\/\/codemar.net\/podcast\/wp-json\/wp\/v2\/media?parent=432"}],"curies":[{"name":"wp","href":"https:\/\/api.w.org\/{rel}","templated":true}]}}