{"id":417,"date":"2014-03-20T08:32:20","date_gmt":"2014-03-20T14:32:20","guid":{"rendered":"http:\/\/codemar.net\/podcast\/?page_id=417"},"modified":"2014-03-20T08:32:20","modified_gmt":"2014-03-20T14:32:20","slug":"evangelio-del-dia-de-san-jose","status":"publish","type":"page","link":"https:\/\/codemar.net\/podcast\/evangelio-del-dia-de-san-jose\/","title":{"rendered":"Evangelio del d\u00eda de San Jos\u00e9"},"content":{"rendered":"<p><strong>Evangelio seg\u00fan San Mateo 1, 18-24.<\/strong><\/p>\n<p>Jacob fue padre de Jos\u00e9, el esposo de Mar\u00eda, de la cual naci\u00f3 Jes\u00fas, que es llamado Cristo.<\/p>\n<p>\u00c9ste fue el origen de Jesucristo<\/p>\n<p>Mar\u00eda, su madre, estaba comprometida con Jos\u00e9 y, cuando todav\u00eda no hab\u00edan vivido juntos, concibi\u00f3 un hijo por obra del Esp\u00edritu Santo. Jos\u00e9, su esposo, que era un hombre justo y no quer\u00eda denunciarla p\u00fablicamente, resolvi\u00f3 abandonarla en secreto.<\/p>\n<p>Mientras pensaba en esto, el \u00c1ngel del Se\u00f1or se le apareci\u00f3 en sue\u00f1os y le dijo: \u00abJos\u00e9, hijo de David, no temas recibir a Mar\u00eda, tu esposa, porque lo que ha sido engendrado en ella proviene del Esp\u00edritu Santo. Ella dar\u00e1 a luz un hijo, a quien pondr\u00e1s el nombre de Jes\u00fas, porque \u00c9l salvar\u00e1 a su Pueblo de todos sus pecados\u00bb.<\/p>\n<p>Al despertar, Jos\u00e9 hizo lo que el \u00c1ngel del Se\u00f1or le hab\u00eda ordenado.<\/p>\n<p>&nbsp;<\/p>\n<p><b>Palabra del Se\u00f1or.<\/b><\/p>\n","protected":false},"excerpt":{"rendered":"<p>Evangelio seg\u00fan San Mateo 1, 18-24. Jacob fue padre de Jos\u00e9, el esposo de Mar\u00eda, de la cual naci\u00f3 Jes\u00fas, que es<span class=\"more-button\"><a href=\"https:\/\/codemar.net\/podcast\/evangelio-del-dia-de-san-jose\/\" class=\"more-link\">Continuar lectura<span class=\"screen-reader-text\">Evangelio del d\u00eda de San Jos\u00e9<\/span><\/a><\/span><\/p>\n","protected":false},"author":1,"featured_media":0,"parent":0,"menu_order":0,"comment_status":"open","ping_status":"open","template":"","meta":{"episode_type":"","audio_file":"","podmotor_file_id":"","podmotor_episode_id":"","cover_image":"","cover_image_id":"","duration":"","filesize":"","filesize_raw":"","date_recorded":"","explicit":"","block":"","itunes_episode_number":"","itunes_title":"","itunes_season_number":"","itunes_episode_type":"","jetpack_post_was_ever_published":false,"footnotes":""},"class_list":["post-417","page","type-page","status-publish","hentry"],"jetpack_shortlink":"https:\/\/wp.me\/P4bNxE-6J","jetpack_sharing_enabled":true,"_links":{"self":[{"href":"https:\/\/codemar.net\/podcast\/wp-json\/wp\/v2\/pages\/417","targetHints":{"allow":["GET"]}}],"collection":[{"href":"https:\/\/codemar.net\/podcast\/wp-json\/wp\/v2\/pages"}],"about":[{"href":"https:\/\/codemar.net\/podcast\/wp-json\/wp\/v2\/types\/page"}],"author":[{"embeddable":true,"href":"https:\/\/codemar.net\/podcast\/wp-json\/wp\/v2\/users\/1"}],"replies":[{"embeddable":true,"href":"https:\/\/codemar.net\/podcast\/wp-json\/wp\/v2\/comments?post=417"}],"version-history":[{"count":1,"href":"https:\/\/codemar.net\/podcast\/wp-json\/wp\/v2\/pages\/417\/revisions"}],"predecessor-version":[{"id":418,"href":"https:\/\/codemar.net\/podcast\/wp-json\/wp\/v2\/pages\/417\/revisions\/418"}],"wp:attachment":[{"href":"https:\/\/codemar.net\/podcast\/wp-json\/wp\/v2\/media?parent=417"}],"curies":[{"name":"wp","href":"https:\/\/api.w.org\/{rel}","templated":true}]}}