{"id":410,"date":"2014-03-15T22:29:00","date_gmt":"2014-03-16T04:29:00","guid":{"rendered":"http:\/\/codemar.net\/podcast\/?page_id=410"},"modified":"2014-03-15T22:29:00","modified_gmt":"2014-03-16T04:29:00","slug":"evangelio-del-2do-domingo-de-cuaresma","status":"publish","type":"page","link":"https:\/\/codemar.net\/podcast\/evangelio-del-2do-domingo-de-cuaresma\/","title":{"rendered":"Evangelio del 2do. Domingo de Cuaresma"},"content":{"rendered":"<p><strong>Evangelio seg\u00fan San Mateo 17, 1-9<\/strong><\/p>\n<p>Jes\u00fas tom\u00f3 a Pedro, a Santiago y a su hermano Juan, y los llev\u00f3 aparte a un monte elevado. All\u00ed se transfigur\u00f3 en presencia de ellos: su rostro resplandec\u00eda como el sol y sus vestiduras se volvieron blancas como la luz. De pronto se les aparecieron Mois\u00e9s y El\u00edas, hablando con Jes\u00fas.<\/p>\n<p>Pedro dijo a Jes\u00fas: \u00abSe\u00f1or, \u00a1qu\u00e9 bien estamos aqu\u00ed! Si quieres, levantar\u00e9 aqu\u00ed mismo tres carpas, una para ti, otra para Mois\u00e9s y otra para El\u00edas\u00bb.<\/p>\n<p>Todav\u00eda estaba hablando, cuando una nube luminosa los cubri\u00f3 con su sombra y se oy\u00f3 una voz que dec\u00eda desde la nube: \u00ab\u00c9ste es mi Hijo muy querido, en quien tengo puesta mi predilecci\u00f3n: esc\u00fachenlo\u00bb.<\/p>\n<p>Al o\u00edr esto, los disc\u00edpulos cayeron con el rostro en tierra, llenos de temor. Jes\u00fas se acerc\u00f3 a ellos y, toc\u00e1ndolos, les dijo: \u00abLev\u00e1ntense, no tengan miedo\u00bb.<\/p>\n<p>Cuando alzaron los ojos, no vieron a nadie m\u00e1s que a Jes\u00fas solo. Mientras bajaban del monte, Jes\u00fas les orden\u00f3: \u00abNo hablen a nadie de esta visi\u00f3n, hasta que el Hijo del hombre resucite de entre los muertos\u00bb.<\/p>\n<p>&nbsp;<\/p>\n<p><b>Palabra del Se\u00f1or.<\/b><\/p>\n","protected":false},"excerpt":{"rendered":"<p>Evangelio seg\u00fan San Mateo 17, 1-9 Jes\u00fas tom\u00f3 a Pedro, a Santiago y a su hermano Juan, y los llev\u00f3 aparte a<span class=\"more-button\"><a href=\"https:\/\/codemar.net\/podcast\/evangelio-del-2do-domingo-de-cuaresma\/\" class=\"more-link\">Continuar lectura<span class=\"screen-reader-text\">Evangelio del 2do. Domingo de Cuaresma<\/span><\/a><\/span><\/p>\n","protected":false},"author":1,"featured_media":0,"parent":0,"menu_order":0,"comment_status":"open","ping_status":"open","template":"","meta":{"episode_type":"","audio_file":"","podmotor_file_id":"","podmotor_episode_id":"","cover_image":"","cover_image_id":"","duration":"","filesize":"","filesize_raw":"","date_recorded":"","explicit":"","block":"","itunes_episode_number":"","itunes_title":"","itunes_season_number":"","itunes_episode_type":"","jetpack_post_was_ever_published":false,"footnotes":""},"class_list":["post-410","page","type-page","status-publish","hentry"],"jetpack_shortlink":"https:\/\/wp.me\/P4bNxE-6C","jetpack_sharing_enabled":true,"_links":{"self":[{"href":"https:\/\/codemar.net\/podcast\/wp-json\/wp\/v2\/pages\/410","targetHints":{"allow":["GET"]}}],"collection":[{"href":"https:\/\/codemar.net\/podcast\/wp-json\/wp\/v2\/pages"}],"about":[{"href":"https:\/\/codemar.net\/podcast\/wp-json\/wp\/v2\/types\/page"}],"author":[{"embeddable":true,"href":"https:\/\/codemar.net\/podcast\/wp-json\/wp\/v2\/users\/1"}],"replies":[{"embeddable":true,"href":"https:\/\/codemar.net\/podcast\/wp-json\/wp\/v2\/comments?post=410"}],"version-history":[{"count":1,"href":"https:\/\/codemar.net\/podcast\/wp-json\/wp\/v2\/pages\/410\/revisions"}],"predecessor-version":[{"id":411,"href":"https:\/\/codemar.net\/podcast\/wp-json\/wp\/v2\/pages\/410\/revisions\/411"}],"wp:attachment":[{"href":"https:\/\/codemar.net\/podcast\/wp-json\/wp\/v2\/media?parent=410"}],"curies":[{"name":"wp","href":"https:\/\/api.w.org\/{rel}","templated":true}]}}