{"id":400,"date":"2014-03-08T13:39:30","date_gmt":"2014-03-08T19:39:30","guid":{"rendered":"http:\/\/codemar.net\/podcast\/?page_id=400"},"modified":"2014-03-08T13:39:30","modified_gmt":"2014-03-08T19:39:30","slug":"evangelio-del-1er-domingo-de-cuaresma","status":"publish","type":"page","link":"https:\/\/codemar.net\/podcast\/evangelio-del-1er-domingo-de-cuaresma\/","title":{"rendered":"Evangelio del 1er. Domingo de Cuaresma"},"content":{"rendered":"<p><strong>Evangelio seg\u00fan San Mateo 4, 1-11<\/strong><\/p>\n<p>Jes\u00fas fue llevado por el Esp\u00edritu al desierto, para ser tentado por el demonio. Despu\u00e9s de ayunar cuarenta d\u00edas con sus cuarenta noches, sinti\u00f3 hambre. Y el tentador, acerc\u00e1ndose, le dijo: \u00abSi t\u00fa eres Hijo de Dios, manda que estas piedras se conviertan en panes\u00bb.<\/p>\n<p>Jes\u00fas le respondi\u00f3: \u00abEst\u00e1 escrito:<br \/>\n&#8220;El hombre no vive solamente de pan,<br \/>\nsino de toda palabra que sale de la boca de Dios&#8221;\u00bb.<\/p>\n<p>Luego el demonio llev\u00f3 a Jes\u00fas a la Ciudad santa y lo puso en la parte m\u00e1s alta del Templo, dici\u00e9ndole: \u00abSi t\u00fa eres Hijo de Dios, t\u00edrate abajo, porque est\u00e1 escrito:<\/p>\n<p>&#8220;Dios dar\u00e1 \u00f3rdenes a sus \u00e1ngeles,<br \/>\ny ellos te llevar\u00e1n en sus manos<br \/>\npara que tu pie no tropiece con ninguna piedra&#8221;\u00bb.<\/p>\n<p>Jes\u00fas le respondi\u00f3: \u00abTambi\u00e9n est\u00e1 escrito:<br \/>\n&#8220;No tentar\u00e1s al Se\u00f1or, tu Dios&#8221;\u00bb.<\/p>\n<p>El demonio lo llev\u00f3 luego a una monta\u00f1a muy alta; desde all\u00ed le hizo ver todos los reinos del mundo con todo su esplendor, y le dijo: \u00abTe dar\u00e9 todo esto, si te postras para adorarme\u00bb.<\/p>\n<p>Jes\u00fas le respondi\u00f3: \u00abRet\u00edrate, Satan\u00e1s, porque est\u00e1 escrito:<br \/>\n&#8220;Adorar\u00e1s al Se\u00f1or, tu Dios,<br \/>\ny a \u00c9l solo rendir\u00e1s culto&#8221;\u00bb.<\/p>\n<p>Entonces el demonio lo dej\u00f3, y unos \u00e1ngeles se acercaron para servirlo.<\/p>\n<p>&nbsp;<\/p>\n<p><b>Palabra del Se\u00f1or.<\/b><\/p>\n","protected":false},"excerpt":{"rendered":"<p>Evangelio seg\u00fan San Mateo 4, 1-11 Jes\u00fas fue llevado por el Esp\u00edritu al desierto, para ser tentado por el demonio. Despu\u00e9s de<span class=\"more-button\"><a href=\"https:\/\/codemar.net\/podcast\/evangelio-del-1er-domingo-de-cuaresma\/\" class=\"more-link\">Continuar lectura<span class=\"screen-reader-text\">Evangelio del 1er. Domingo de Cuaresma<\/span><\/a><\/span><\/p>\n","protected":false},"author":1,"featured_media":0,"parent":0,"menu_order":0,"comment_status":"open","ping_status":"open","template":"","meta":{"episode_type":"","audio_file":"","podmotor_file_id":"","podmotor_episode_id":"","cover_image":"","cover_image_id":"","duration":"","filesize":"","filesize_raw":"","date_recorded":"","explicit":"","block":"","itunes_episode_number":"","itunes_title":"","itunes_season_number":"","itunes_episode_type":"","jetpack_post_was_ever_published":false,"footnotes":""},"class_list":["post-400","page","type-page","status-publish","hentry"],"jetpack_shortlink":"https:\/\/wp.me\/P4bNxE-6s","jetpack_sharing_enabled":true,"_links":{"self":[{"href":"https:\/\/codemar.net\/podcast\/wp-json\/wp\/v2\/pages\/400","targetHints":{"allow":["GET"]}}],"collection":[{"href":"https:\/\/codemar.net\/podcast\/wp-json\/wp\/v2\/pages"}],"about":[{"href":"https:\/\/codemar.net\/podcast\/wp-json\/wp\/v2\/types\/page"}],"author":[{"embeddable":true,"href":"https:\/\/codemar.net\/podcast\/wp-json\/wp\/v2\/users\/1"}],"replies":[{"embeddable":true,"href":"https:\/\/codemar.net\/podcast\/wp-json\/wp\/v2\/comments?post=400"}],"version-history":[{"count":1,"href":"https:\/\/codemar.net\/podcast\/wp-json\/wp\/v2\/pages\/400\/revisions"}],"predecessor-version":[{"id":401,"href":"https:\/\/codemar.net\/podcast\/wp-json\/wp\/v2\/pages\/400\/revisions\/401"}],"wp:attachment":[{"href":"https:\/\/codemar.net\/podcast\/wp-json\/wp\/v2\/media?parent=400"}],"curies":[{"name":"wp","href":"https:\/\/api.w.org\/{rel}","templated":true}]}}