{"id":384,"date":"2014-03-01T11:56:29","date_gmt":"2014-03-01T17:56:29","guid":{"rendered":"http:\/\/codemar.net\/podcast\/?page_id=384"},"modified":"2014-03-01T11:56:29","modified_gmt":"2014-03-01T17:56:29","slug":"evangelio-del-8o-domingo-ordinario","status":"publish","type":"page","link":"https:\/\/codemar.net\/podcast\/evangelio-del-8o-domingo-ordinario\/","title":{"rendered":"Evangelio del 8\u00ba Domingo Ordinario"},"content":{"rendered":"<p><strong>Evangelio seg\u00fan San Mateo 6, 24-34.<\/strong><\/p>\n<p>Dijo Jes\u00fas a sus disc\u00edpulos:<\/p>\n<p>Nadie puede servir a dos se\u00f1ores, porque aborrecer\u00e1 a uno y amar\u00e1 al otro, o bien, se interesar\u00e1 por el primero y menospreciar\u00e1 al segundo. No se puede servir a Dios y al Dinero.<\/p>\n<p>Por eso les digo: No se inquieten por su vida, pensando qu\u00e9 van a comer o qu\u00e9 van a beber, ni por su cuerpo, pensando con qu\u00e9 se van a vestir. \u00bfNo vale acaso m\u00e1s la vida que la comida y el cuerpo m\u00e1s que el vestido?<\/p>\n<p>Miren los p\u00e1jaros del cielo: ellos no siembran ni cosechan, ni acumulan en graneros y, sin embargo, el Padre que est\u00e1 en el cielo los alimenta. \u00bfNo valen ustedes acaso m\u00e1s que ellos? \u00bfQui\u00e9n de ustedes, por mucho que se inquiete, puede a\u00f1adir un solo instante al tiempo de su vida?<\/p>\n<p>\u00bfY por qu\u00e9 se inquietan por el vestido? Miren los lirios del campo, c\u00f3mo van creciendo sin fatigarse ni tejer. Yo les aseguro que ni Salom\u00f3n, en el esplendor de su gloria, se visti\u00f3 como uno de ellos. Si Dios viste as\u00ed la hierba de los campos, que hoy existe y ma\u00f1ana ser\u00e1 echada al fuego, \u00a1cu\u00e1nto m\u00e1s har\u00e1 por ustedes, hombres de poca fe!<\/p>\n<p>No se inquieten entonces, diciendo: \u00ab\u00bfQu\u00e9 comeremos, qu\u00e9 beberemos, o con qu\u00e9 nos vestiremos?\u00bb Son los paganos los que van detr\u00e1s de estas cosas. El Padre que est\u00e1 en el cielo sabe bien que ustedes las necesitan.<\/p>\n<p>Busquen primero el Reino de Dios y su justicia, y todo lo dem\u00e1s se les dar\u00e1 por a\u00f1adidura. No se inquieten por el d\u00eda de ma\u00f1ana; el ma\u00f1ana se inquietar\u00e1 por s\u00ed mismo. A cada d\u00eda le basta su aflicci\u00f3n.<\/p>\n<p>&nbsp;<\/p>\n<p><b>Palabra del Se\u00f1or.<\/b><\/p>\n","protected":false},"excerpt":{"rendered":"<p>Evangelio seg\u00fan San Mateo 6, 24-34. Dijo Jes\u00fas a sus disc\u00edpulos: Nadie puede servir a dos se\u00f1ores, porque aborrecer\u00e1 a uno y<span class=\"more-button\"><a href=\"https:\/\/codemar.net\/podcast\/evangelio-del-8o-domingo-ordinario\/\" class=\"more-link\">Continuar lectura<span class=\"screen-reader-text\">Evangelio del 8\u00ba Domingo Ordinario<\/span><\/a><\/span><\/p>\n","protected":false},"author":1,"featured_media":0,"parent":0,"menu_order":0,"comment_status":"open","ping_status":"open","template":"","meta":{"episode_type":"","audio_file":"","podmotor_file_id":"","podmotor_episode_id":"","cover_image":"","cover_image_id":"","duration":"","filesize":"","filesize_raw":"","date_recorded":"","explicit":"","block":"","itunes_episode_number":"","itunes_title":"","itunes_season_number":"","itunes_episode_type":"","jetpack_post_was_ever_published":false,"footnotes":""},"class_list":["post-384","page","type-page","status-publish","hentry"],"jetpack_shortlink":"https:\/\/wp.me\/P4bNxE-6c","jetpack_sharing_enabled":true,"_links":{"self":[{"href":"https:\/\/codemar.net\/podcast\/wp-json\/wp\/v2\/pages\/384","targetHints":{"allow":["GET"]}}],"collection":[{"href":"https:\/\/codemar.net\/podcast\/wp-json\/wp\/v2\/pages"}],"about":[{"href":"https:\/\/codemar.net\/podcast\/wp-json\/wp\/v2\/types\/page"}],"author":[{"embeddable":true,"href":"https:\/\/codemar.net\/podcast\/wp-json\/wp\/v2\/users\/1"}],"replies":[{"embeddable":true,"href":"https:\/\/codemar.net\/podcast\/wp-json\/wp\/v2\/comments?post=384"}],"version-history":[{"count":1,"href":"https:\/\/codemar.net\/podcast\/wp-json\/wp\/v2\/pages\/384\/revisions"}],"predecessor-version":[{"id":385,"href":"https:\/\/codemar.net\/podcast\/wp-json\/wp\/v2\/pages\/384\/revisions\/385"}],"wp:attachment":[{"href":"https:\/\/codemar.net\/podcast\/wp-json\/wp\/v2\/media?parent=384"}],"curies":[{"name":"wp","href":"https:\/\/api.w.org\/{rel}","templated":true}]}}