{"id":375,"date":"2014-02-22T21:17:55","date_gmt":"2014-02-23T03:17:55","guid":{"rendered":"http:\/\/codemar.net\/podcast\/?page_id=375"},"modified":"2014-02-22T21:18:14","modified_gmt":"2014-02-23T03:18:14","slug":"evangelio-de-7o-domingo-ordinario","status":"publish","type":"page","link":"https:\/\/codemar.net\/podcast\/evangelio-de-7o-domingo-ordinario\/","title":{"rendered":"Evangelio del 7\u00ba Domingo Ordinario"},"content":{"rendered":"<p><strong>Evangelio seg\u00fan San Mateo 5, 38-48<\/strong><\/p>\n<p>Jes\u00fas dijo a sus disc\u00edpulos:<\/p>\n<p>Ustedes han o\u00eddo que se dijo: \u00abOjo por ojo y diente por diente\u00bb. Pero Yo les digo que no hagan frente al que les hace mal: al contrario, si alguien te da una bofetada en la mejilla derecha, pres\u00e9ntale tambi\u00e9n la otra. Al que quiere hacerte un juicio para quitarte la t\u00fanica, d\u00e9jale tambi\u00e9n el manto; y si te exige que lo acompa\u00f1es un kil\u00f3metro, camina dos con \u00e9l.<\/p>\n<p>Da al que te pide, y no le vuelvas la espalda al que quiere pedirte algo prestado.<\/p>\n<p>Ustedes han o\u00eddo que se dijo: \u00abAmar\u00e1s a tu pr\u00f3jimo\u00bb y odiar\u00e1s a tu enemigo. Pero Yo les digo: Amen a sus enemigos, rueguen por sus perseguidores: as\u00ed ser\u00e1n hijos del Padre que est\u00e1 en el cielo, porque \u00c9l hace salir el sol sobre malos y buenos y hace caer la lluvia sobre justos e injustos.<\/p>\n<p>Si ustedes aman solamente a quienes los aman, \u00bfqu\u00e9 recompensa merecen? \u00bfNo<i>\u00a0<\/i>hacen lo mismo los publicanos? Y si saludan solamente a sus hermanos, \u00bfqu\u00e9 hacen de extraordinario? \u00bfNo<i>\u00a0<\/i>hacen lo mismo los paganos?<\/p>\n<p>Por lo tanto, sean perfectos como es perfecto el Padre que est\u00e1 en el cielo.<\/p>\n<p>&nbsp;<\/p>\n<p><b>Palabra del Se\u00f1or.<\/b><\/p>\n","protected":false},"excerpt":{"rendered":"<p>Evangelio seg\u00fan San Mateo 5, 38-48 Jes\u00fas dijo a sus disc\u00edpulos: Ustedes han o\u00eddo que se dijo: \u00abOjo por ojo y diente<span class=\"more-button\"><a href=\"https:\/\/codemar.net\/podcast\/evangelio-de-7o-domingo-ordinario\/\" class=\"more-link\">Continuar lectura<span class=\"screen-reader-text\">Evangelio del 7\u00ba Domingo Ordinario<\/span><\/a><\/span><\/p>\n","protected":false},"author":1,"featured_media":0,"parent":0,"menu_order":0,"comment_status":"open","ping_status":"open","template":"","meta":{"episode_type":"","audio_file":"","podmotor_file_id":"","podmotor_episode_id":"","cover_image":"","cover_image_id":"","duration":"","filesize":"","filesize_raw":"","date_recorded":"","explicit":"","block":"","itunes_episode_number":"","itunes_title":"","itunes_season_number":"","itunes_episode_type":"","jetpack_post_was_ever_published":false,"footnotes":""},"class_list":["post-375","page","type-page","status-publish","hentry"],"jetpack_shortlink":"https:\/\/wp.me\/P4bNxE-63","jetpack_sharing_enabled":true,"_links":{"self":[{"href":"https:\/\/codemar.net\/podcast\/wp-json\/wp\/v2\/pages\/375","targetHints":{"allow":["GET"]}}],"collection":[{"href":"https:\/\/codemar.net\/podcast\/wp-json\/wp\/v2\/pages"}],"about":[{"href":"https:\/\/codemar.net\/podcast\/wp-json\/wp\/v2\/types\/page"}],"author":[{"embeddable":true,"href":"https:\/\/codemar.net\/podcast\/wp-json\/wp\/v2\/users\/1"}],"replies":[{"embeddable":true,"href":"https:\/\/codemar.net\/podcast\/wp-json\/wp\/v2\/comments?post=375"}],"version-history":[{"count":3,"href":"https:\/\/codemar.net\/podcast\/wp-json\/wp\/v2\/pages\/375\/revisions"}],"predecessor-version":[{"id":378,"href":"https:\/\/codemar.net\/podcast\/wp-json\/wp\/v2\/pages\/375\/revisions\/378"}],"wp:attachment":[{"href":"https:\/\/codemar.net\/podcast\/wp-json\/wp\/v2\/media?parent=375"}],"curies":[{"name":"wp","href":"https:\/\/api.w.org\/{rel}","templated":true}]}}