{"id":330,"date":"2014-02-15T15:49:25","date_gmt":"2014-02-15T21:49:25","guid":{"rendered":"http:\/\/codemar.net\/podcast\/?page_id=330"},"modified":"2014-02-15T15:49:25","modified_gmt":"2014-02-15T21:49:25","slug":"evangelio-del-6o-domingo-ordinario","status":"publish","type":"page","link":"https:\/\/codemar.net\/podcast\/evangelio-del-6o-domingo-ordinario\/","title":{"rendered":"Evangelio del 6\u00ba Domingo Ordinario"},"content":{"rendered":"<p><strong>Evangelio seg\u00fan San Mateo, 5, 17-37. <\/strong><\/p>\n<p>Jes\u00fas dijo a sus disc\u00edpulos:<\/p>\n<p>No piensen que vine para abolir la Ley o los Profetas: Yo no he venido a abolir, sino a dar cumplimiento.<\/p>\n<p>Les aseguro que no quedar\u00e1n ni una i ni una coma de la Ley, sin cumplirse, antes que desaparezcan el cielo y la tierra.<\/p>\n<p>El que no cumpla el m\u00e1s peque\u00f1o de estos mandamientos, y ense\u00f1e a los otros a hacer lo mismo, ser\u00e1 considerado el menor el Reino de los Cielos. En cambio, el que los cumpla y ense\u00f1e, ser\u00e1 considerado grande en el Reino de los Cielos.<\/p>\n<p>Les aseguro que si la justicia de ustedes no es superior a la de los escribas y fariseos, no entrar\u00e1n en el Reino de los Cielos.<\/p>\n<p>Ustedes han o\u00eddo que se dijo a los antepasados: No matar\u00e1s, y el que mata debe ser llevado ante el tribunal. Pero Yo les digo que todo aqu\u00e9l que se enoja contra su hermano merece ser condenado por un tribunal. Y todo aqu\u00e9l que lo insulta, merece ser castigado por el Tribunal. Y el que lo maldice merece el infierno<\/p>\n<p>Por lo tanto, si al presentar tu ofrenda en el altar, te acuerdas de que tu hermano tiene alguna queja contra ti, deja tu ofrenda ante el altar, ve a reconciliarte con tu hermano, y s\u00f3lo entonces vuelve a presentar tu ofrenda.<\/p>\n<p>Trata de llegar en seguida a un acuerdo con tu adversario, mientras vas caminando con \u00e9l, no sea que el adversario te entregue al juez, y el juez al guardia, y te pongan preso. Te aseguro que no saldr\u00e1s de all\u00ed hasta que hayas pagado el \u00faltimo centavo.<\/p>\n<p>Ustedes han o\u00eddo que se dijo: &#8220;No cometer\u00e1s adulterio&#8221;. Pero Yo les digo: El que mira a una mujer dese\u00e1ndola ya cometi\u00f3 adulterio con ella en su coraz\u00f3n.<\/p>\n<p>Si tu ojo derecho es para ti una ocasi\u00f3n de pecado, arr\u00e1ncalo y arr\u00f3jalo lejos de ti: es preferible que se pierda uno solo de tus miembros, y no que todo tu cuerpo sea arrojado al infierno. Y si tu mano derecha es para ti una ocasi\u00f3n de pecado, c\u00f3rtala y arr\u00f3jala lejos de ti: es preferible que se pierda uno solo de tus miembros, y no que todo tu cuerpo sea arrojado al infierno.<\/p>\n<p>Tambi\u00e9n se dijo: &#8220;El que se divorcia de su mujer debe darle una declaraci\u00f3n de divorcio&#8221;. Pero Yo les digo: El que se divorcia de su mujer, excepto en caso de uni\u00f3n ilegal, la expone a cometer adulterio; y el que se casa con una mujer abandonada por su marido comete adulterio.<\/p>\n<p>Ustedes han o\u00eddo que se dijo a los antepasados: &#8220;No jurar\u00e1s falsamente, y cumplir\u00e1s los juramentos hechos al Se\u00f1or&#8221;. Pero Yo les digo que no juren de ning\u00fan modo: ni por el cielo, porque es el trono de Dios; ni por la tierra, porque es el estrado de sus pies; ni por Jerusal\u00e9n, porque es la Ciudad del gran Rey. No jures tampoco por tu cabeza, porque no puedes convertir en blanco o negro uno solo de tus cabellos.<\/p>\n<p>Cuando ustedes digan \u00abs\u00ed\u00bb, que sea s\u00ed, y cuando digan \u00abno\u00bb, que sea no. Todo lo que se dice de m\u00e1s, viene del Maligno.<\/p>\n<p>&nbsp;<\/p>\n<p><b>Palabra del Se\u00f1or.<\/b><\/p>\n","protected":false},"excerpt":{"rendered":"<p>Evangelio seg\u00fan San Mateo, 5, 17-37. Jes\u00fas dijo a sus disc\u00edpulos: No piensen que vine para abolir la Ley o los Profetas:<span class=\"more-button\"><a href=\"https:\/\/codemar.net\/podcast\/evangelio-del-6o-domingo-ordinario\/\" class=\"more-link\">Continuar lectura<span class=\"screen-reader-text\">Evangelio del 6\u00ba Domingo Ordinario<\/span><\/a><\/span><\/p>\n","protected":false},"author":1,"featured_media":0,"parent":0,"menu_order":0,"comment_status":"open","ping_status":"open","template":"","meta":{"episode_type":"","audio_file":"","podmotor_file_id":"","podmotor_episode_id":"","cover_image":"","cover_image_id":"","duration":"","filesize":"","filesize_raw":"","date_recorded":"","explicit":"","block":"","itunes_episode_number":"","itunes_title":"","itunes_season_number":"","itunes_episode_type":"","jetpack_post_was_ever_published":false,"footnotes":""},"class_list":["post-330","page","type-page","status-publish","hentry"],"jetpack_shortlink":"https:\/\/wp.me\/P4bNxE-5k","jetpack_sharing_enabled":true,"_links":{"self":[{"href":"https:\/\/codemar.net\/podcast\/wp-json\/wp\/v2\/pages\/330","targetHints":{"allow":["GET"]}}],"collection":[{"href":"https:\/\/codemar.net\/podcast\/wp-json\/wp\/v2\/pages"}],"about":[{"href":"https:\/\/codemar.net\/podcast\/wp-json\/wp\/v2\/types\/page"}],"author":[{"embeddable":true,"href":"https:\/\/codemar.net\/podcast\/wp-json\/wp\/v2\/users\/1"}],"replies":[{"embeddable":true,"href":"https:\/\/codemar.net\/podcast\/wp-json\/wp\/v2\/comments?post=330"}],"version-history":[{"count":1,"href":"https:\/\/codemar.net\/podcast\/wp-json\/wp\/v2\/pages\/330\/revisions"}],"predecessor-version":[{"id":331,"href":"https:\/\/codemar.net\/podcast\/wp-json\/wp\/v2\/pages\/330\/revisions\/331"}],"wp:attachment":[{"href":"https:\/\/codemar.net\/podcast\/wp-json\/wp\/v2\/media?parent=330"}],"curies":[{"name":"wp","href":"https:\/\/api.w.org\/{rel}","templated":true}]}}