{"id":303,"date":"2014-01-25T23:46:52","date_gmt":"2014-01-26T05:46:52","guid":{"rendered":"http:\/\/codemar.net\/podcast\/?page_id=303"},"modified":"2014-01-25T23:46:52","modified_gmt":"2014-01-26T05:46:52","slug":"evangelio-del-3er-domingo-ordinario","status":"publish","type":"page","link":"https:\/\/codemar.net\/podcast\/evangelio-del-3er-domingo-ordinario\/","title":{"rendered":"Evangelio del 3er. Domingo Ordinario"},"content":{"rendered":"<p><strong>Evangelio seg\u00fan San Mateo 4, 12-23<\/strong><\/p>\n<p>Cuando Jes\u00fas se enter\u00f3 de que Juan Bautista hab\u00eda sido arrestado, se retir\u00f3 a Galilea. Y, dejando Nazaret, se estableci\u00f3 en Cafama\u00fan, a orillas del lago, en los confines de Zabul\u00f3n y Neftal\u00ed, para que se cumpliera lo que hab\u00eda sido anunciado por el profeta Isa\u00edas:<\/p>\n<p>\u00ab\u00a1Tierra de Zabul\u00f3n, tierra de Neftal\u00ed,<br \/>\ncamino del mar, pa\u00eds de la Transjordania,<br \/>\nGalilea de las naciones!<br \/>\nEl pueblo que se hallaba en tinieblas<br \/>\nvio una gran luz;<br \/>\nsobre los que viv\u00edan en las oscuras regiones de la muerte,<br \/>\nse levant\u00f3 una luz\u00bb.<\/p>\n<p>A partir de ese momento, Jes\u00fas comenz\u00f3 a proclamar: \u00abConvi\u00e9rtanse, porque el Reino de los Cielos est\u00e1 cerca\u00bb.<\/p>\n<p>Mientras caminaba a orillas del mar de Galilea, Jes\u00fas vio a dos hermanos: a Sim\u00f3n, llamado Pedro, y a su hermano Andr\u00e9s, que echaban las redes al mar porque eran pescadores. Entonces les dijo: \u00abS\u00edganme, y Yo los har\u00e9 pescadores de hombres\u00bb. Inmediatamente, ellos dejaron las redes y lo siguieron.<\/p>\n<p>Continuando su camino, vio a otros dos hermanos: a Santiago, hijo de Zebedeo, y a su hermano Juan, que estaban en la barca con Zebedeo, su padre, arreglando las redes; y Jes\u00fas los llam\u00f3.<\/p>\n<p>Inmediatamente, ellos dejaron la barca y a su padre, y lo siguieron.<\/p>\n<p>Jes\u00fas recorr\u00eda toda la Galilea, ense\u00f1ando en las sinagogas de ellos, proclamando la Buena Noticia del Reino y sanando todas las enfermedades y dolencias de la gente.<\/p>\n<p>&nbsp;<\/p>\n<p><b>Palabra del Se\u00f1or.<\/b><\/p>\n","protected":false},"excerpt":{"rendered":"<p>Evangelio seg\u00fan San Mateo 4, 12-23 Cuando Jes\u00fas se enter\u00f3 de que Juan Bautista hab\u00eda sido arrestado, se retir\u00f3 a Galilea. Y,<span class=\"more-button\"><a href=\"https:\/\/codemar.net\/podcast\/evangelio-del-3er-domingo-ordinario\/\" class=\"more-link\">Continuar lectura<span class=\"screen-reader-text\">Evangelio del 3er. Domingo Ordinario<\/span><\/a><\/span><\/p>\n","protected":false},"author":1,"featured_media":0,"parent":0,"menu_order":0,"comment_status":"open","ping_status":"open","template":"","meta":{"episode_type":"","audio_file":"","podmotor_file_id":"","podmotor_episode_id":"","cover_image":"","cover_image_id":"","duration":"","filesize":"","filesize_raw":"","date_recorded":"","explicit":"","block":"","itunes_episode_number":"","itunes_title":"","itunes_season_number":"","itunes_episode_type":"","jetpack_post_was_ever_published":false,"footnotes":""},"class_list":["post-303","page","type-page","status-publish","hentry"],"jetpack_shortlink":"https:\/\/wp.me\/P4bNxE-4T","jetpack_sharing_enabled":true,"_links":{"self":[{"href":"https:\/\/codemar.net\/podcast\/wp-json\/wp\/v2\/pages\/303","targetHints":{"allow":["GET"]}}],"collection":[{"href":"https:\/\/codemar.net\/podcast\/wp-json\/wp\/v2\/pages"}],"about":[{"href":"https:\/\/codemar.net\/podcast\/wp-json\/wp\/v2\/types\/page"}],"author":[{"embeddable":true,"href":"https:\/\/codemar.net\/podcast\/wp-json\/wp\/v2\/users\/1"}],"replies":[{"embeddable":true,"href":"https:\/\/codemar.net\/podcast\/wp-json\/wp\/v2\/comments?post=303"}],"version-history":[{"count":1,"href":"https:\/\/codemar.net\/podcast\/wp-json\/wp\/v2\/pages\/303\/revisions"}],"predecessor-version":[{"id":304,"href":"https:\/\/codemar.net\/podcast\/wp-json\/wp\/v2\/pages\/303\/revisions\/304"}],"wp:attachment":[{"href":"https:\/\/codemar.net\/podcast\/wp-json\/wp\/v2\/media?parent=303"}],"curies":[{"name":"wp","href":"https:\/\/api.w.org\/{rel}","templated":true}]}}