{"id":3019,"date":"2020-01-10T10:38:45","date_gmt":"2020-01-10T16:38:45","guid":{"rendered":"https:\/\/codemar.net\/podcast\/?page_id=3019"},"modified":"2020-01-10T10:38:47","modified_gmt":"2020-01-10T16:38:47","slug":"quienes-somos","status":"publish","type":"page","link":"https:\/\/codemar.net\/podcast\/quienes-somos\/","title":{"rendered":"Quienes somos"},"content":{"rendered":"\n<p>CODEMAR.net es un sitio web cat\u00f3lico creado para evangelizar, inspirado principalmente en el trabajo de toda una vida sacerdotal del padre Pedro Garc\u00eda, misionero claretiano, espa\u00f1ol, quien concluidos sus estudios en las facultades de Filosof\u00eda y Teolog\u00eda en Catalu\u00f1a, y especializado en ejercicios espirituales en la misma Catalu\u00f1a, vino como misionero a nuestra Am\u00e9rica. Tres a\u00f1os como director de cursillos de cristiandad en Phoenix, Arizona, dejados Estados Unidos, vino a Latinoam\u00e9rica donde ha ejercido su ministerio sacerdotal en varios pa\u00edses. Despu\u00e9s de un par\u00e9ntesis de diez a\u00f1os en Roma entre libros, regreso a nuestras tierras centroamericanas, y en la Parroquia de Coraz\u00f3n de Maria de San Salvador nos brindo tantos trabajos y escritos siempre en lenguaje popular, inteligibles para todos, y que ahora nos entrega tan generosamente para CODEMAR.net.<\/p>\n\n\n\n<p>Esta grandiosa labor evangelizadora fue recopilada y preparada para su difusi\u00f3n digital por Jorge Flores, salvadore\u00f1o, Ingeniero en Ciencias de la Computaci\u00f3n y M\u00e1ster en Direcci\u00f3n de Empresas, quien en su largo de su trayectoria profesional desde desarrollador de sistemas, hasta puestos de alto liderazgo tecnol\u00f3gico en empresas e instituciones nacionales e internacionales, tom\u00f3 como apostolado crear este sitio web para divulgar las obras del padre Pedro. <\/p>\n\n\n\n<p>Todos los libros y el contenido de los audios, son autor\u00eda del padre Pedro, y tanto la producci\u00f3n de los audios como la direcci\u00f3n de CODEMAR.net est\u00e1 a cargo de Jorge Flores.<br><\/p>\n\n\n\n<p><\/p>\n","protected":false},"excerpt":{"rendered":"<p>CODEMAR.net es un sitio web cat\u00f3lico creado para evangelizar, inspirado principalmente en el trabajo de toda una vida sacerdotal del padre Pedro<span class=\"more-button\"><a href=\"https:\/\/codemar.net\/podcast\/quienes-somos\/\" class=\"more-link\">Continuar lectura<span class=\"screen-reader-text\">Quienes somos<\/span><\/a><\/span><\/p>\n","protected":false},"author":1,"featured_media":0,"parent":0,"menu_order":0,"comment_status":"closed","ping_status":"closed","template":"","meta":{"episode_type":"","audio_file":"","podmotor_file_id":"","podmotor_episode_id":"","cover_image":"","cover_image_id":"","duration":"","filesize":"","filesize_raw":"","date_recorded":"","explicit":"","block":"","itunes_episode_number":"","itunes_title":"","itunes_season_number":"","itunes_episode_type":"","jetpack_post_was_ever_published":false,"footnotes":""},"class_list":["post-3019","page","type-page","status-publish","hentry"],"jetpack_shortlink":"https:\/\/wp.me\/P4bNxE-MH","jetpack_sharing_enabled":true,"_links":{"self":[{"href":"https:\/\/codemar.net\/podcast\/wp-json\/wp\/v2\/pages\/3019","targetHints":{"allow":["GET"]}}],"collection":[{"href":"https:\/\/codemar.net\/podcast\/wp-json\/wp\/v2\/pages"}],"about":[{"href":"https:\/\/codemar.net\/podcast\/wp-json\/wp\/v2\/types\/page"}],"author":[{"embeddable":true,"href":"https:\/\/codemar.net\/podcast\/wp-json\/wp\/v2\/users\/1"}],"replies":[{"embeddable":true,"href":"https:\/\/codemar.net\/podcast\/wp-json\/wp\/v2\/comments?post=3019"}],"version-history":[{"count":1,"href":"https:\/\/codemar.net\/podcast\/wp-json\/wp\/v2\/pages\/3019\/revisions"}],"predecessor-version":[{"id":3020,"href":"https:\/\/codemar.net\/podcast\/wp-json\/wp\/v2\/pages\/3019\/revisions\/3020"}],"wp:attachment":[{"href":"https:\/\/codemar.net\/podcast\/wp-json\/wp\/v2\/media?parent=3019"}],"curies":[{"name":"wp","href":"https:\/\/api.w.org\/{rel}","templated":true}]}}