{"id":293,"date":"2014-01-18T22:05:47","date_gmt":"2014-01-19T04:05:47","guid":{"rendered":"http:\/\/codemar.net\/podcast\/?page_id=293"},"modified":"2014-01-18T22:12:55","modified_gmt":"2014-01-19T04:12:55","slug":"evangelio-del-2do-domingo-ordinario","status":"publish","type":"page","link":"https:\/\/codemar.net\/podcast\/evangelio-del-2do-domingo-ordinario\/","title":{"rendered":"Evangelio del 2do. Domingo Ordinario"},"content":{"rendered":"<p><strong>Evangelio seg\u00fan San Juan 1, 29-34.<\/strong><\/p>\n<p>Juan Bautista vio acercarse a Jes\u00fas y dijo: <\/p>\n<p>\u00abEste es el Cordero de Dios, que quita el pecado del mundo. A El me refer\u00eda, cuando dije:<br \/>\nDespu\u00e9s de m\u00ed viene un hombre que me precede,<br \/>\nporque exist\u00eda antes que yo.<br \/>\nYo no lo conoc\u00eda, pero he venido a bautizar con agua para que \u00c9l fuera manifestado a Israel\u00bb.<\/p>\n<p>Y Juan dio este testimonio:<br \/>\n \u00abHe visto al Esp\u00edritu descender del cielo en forma de paloma y permanecer sobre \u00c9l. Yo no lo conoc\u00eda, pero el que me envi\u00f3 a bautizar con agua me dijo: &#8220;Aqu\u00e9l sobre el que veas descender el Esp\u00edritu y permanecer sobre \u00c9l, \u00e9se es el que bautiza en el Esp\u00edritu Santo&#8221;.<br \/>\nYo lo he visto y doy testimonio de que \u00c9l es el Hijo de Dios\u00bb.<\/p>\n<p>&nbsp;<\/p>\n<p><b>Palabra del Se\u00f1or.<\/b><\/p>\n","protected":false},"excerpt":{"rendered":"<p>Evangelio seg\u00fan San Juan 1, 29-34. Juan Bautista vio acercarse a Jes\u00fas y dijo: \u00abEste es el Cordero de Dios, que quita<span class=\"more-button\"><a href=\"https:\/\/codemar.net\/podcast\/evangelio-del-2do-domingo-ordinario\/\" class=\"more-link\">Continuar lectura<span class=\"screen-reader-text\">Evangelio del 2do. Domingo Ordinario<\/span><\/a><\/span><\/p>\n","protected":false},"author":1,"featured_media":0,"parent":0,"menu_order":0,"comment_status":"open","ping_status":"open","template":"","meta":{"episode_type":"","audio_file":"","podmotor_file_id":"","podmotor_episode_id":"","cover_image":"","cover_image_id":"","duration":"","filesize":"","filesize_raw":"","date_recorded":"","explicit":"","block":"","itunes_episode_number":"","itunes_title":"","itunes_season_number":"","itunes_episode_type":"","jetpack_post_was_ever_published":false,"footnotes":""},"class_list":["post-293","page","type-page","status-publish","hentry"],"jetpack_shortlink":"https:\/\/wp.me\/P4bNxE-4J","jetpack_sharing_enabled":true,"_links":{"self":[{"href":"https:\/\/codemar.net\/podcast\/wp-json\/wp\/v2\/pages\/293","targetHints":{"allow":["GET"]}}],"collection":[{"href":"https:\/\/codemar.net\/podcast\/wp-json\/wp\/v2\/pages"}],"about":[{"href":"https:\/\/codemar.net\/podcast\/wp-json\/wp\/v2\/types\/page"}],"author":[{"embeddable":true,"href":"https:\/\/codemar.net\/podcast\/wp-json\/wp\/v2\/users\/1"}],"replies":[{"embeddable":true,"href":"https:\/\/codemar.net\/podcast\/wp-json\/wp\/v2\/comments?post=293"}],"version-history":[{"count":1,"href":"https:\/\/codemar.net\/podcast\/wp-json\/wp\/v2\/pages\/293\/revisions"}],"predecessor-version":[{"id":294,"href":"https:\/\/codemar.net\/podcast\/wp-json\/wp\/v2\/pages\/293\/revisions\/294"}],"wp:attachment":[{"href":"https:\/\/codemar.net\/podcast\/wp-json\/wp\/v2\/media?parent=293"}],"curies":[{"name":"wp","href":"https:\/\/api.w.org\/{rel}","templated":true}]}}