{"id":2862,"date":"2019-10-11T20:19:24","date_gmt":"2019-10-12T02:19:24","guid":{"rendered":"https:\/\/codemar.net\/podcast\/?page_id=2862"},"modified":"2019-11-03T19:06:53","modified_gmt":"2019-11-04T01:06:53","slug":"libros","status":"publish","type":"page","link":"https:\/\/codemar.net\/podcast\/libros\/","title":{"rendered":"Libros"},"content":{"rendered":"\n<p style=\"text-align:center\">Aqu\u00ed encontrar\u00e1s una lista de libros listos para leer en linea o para descargarlos en tu computadora o dispositivo m\u00f3vil. Los libros son todos escritos por el padre Pedro Garc\u00eda.<\/p>\n\n\n\n<p><\/p>\n\n\n\n<ul class=\"wp-block-gallery columns-4 wp-block-gallery-1 is-layout-flex wp-block-gallery-is-layout-flex\"><li class=\"blocks-gallery-item\"><figure><img data-recalc-dims=\"1\" fetchpriority=\"high\" decoding=\"async\" width=\"1000\" height=\"880\" src=\"https:\/\/i0.wp.com\/codemar.net\/podcast\/wp-content\/uploads\/2019\/10\/4.Vida-de-Jesucristo.png?resize=1000%2C880&#038;ssl=1\" alt=\"\" data-id=\"2852\" data-link=\"https:\/\/codemar.net\/podcast\/la-vida-de-jesucristo\/4-vida-de-jesucristo\/\" class=\"wp-image-2852\" srcset=\"https:\/\/i0.wp.com\/codemar.net\/podcast\/wp-content\/uploads\/2019\/10\/4.Vida-de-Jesucristo.png?w=1000&amp;ssl=1 1000w, https:\/\/i0.wp.com\/codemar.net\/podcast\/wp-content\/uploads\/2019\/10\/4.Vida-de-Jesucristo.png?resize=300%2C264&amp;ssl=1 300w, https:\/\/i0.wp.com\/codemar.net\/podcast\/wp-content\/uploads\/2019\/10\/4.Vida-de-Jesucristo.png?resize=768%2C676&amp;ssl=1 768w\" sizes=\"(max-width: 1000px) 100vw, 1000px\" \/><figcaption><a href=\"https:\/\/codemar.net\/podcast\/la-vida-de-jesucristo\/\">Vida de Jesucristo<\/a><\/figcaption><\/figure><\/li><li class=\"blocks-gallery-item\"><figure><img data-recalc-dims=\"1\" decoding=\"async\" width=\"1000\" height=\"880\" src=\"https:\/\/i0.wp.com\/codemar.net\/podcast\/wp-content\/uploads\/2019\/10\/3.Curso-de-Biblia.png?resize=1000%2C880&#038;ssl=1\" alt=\"\" data-id=\"2840\" data-link=\"https:\/\/codemar.net\/podcast\/service\/curso-de-biblia\/3-curso-de-biblia\/\" class=\"wp-image-2840\" srcset=\"https:\/\/i0.wp.com\/codemar.net\/podcast\/wp-content\/uploads\/2019\/10\/3.Curso-de-Biblia.png?w=1000&amp;ssl=1 1000w, https:\/\/i0.wp.com\/codemar.net\/podcast\/wp-content\/uploads\/2019\/10\/3.Curso-de-Biblia.png?resize=300%2C264&amp;ssl=1 300w, https:\/\/i0.wp.com\/codemar.net\/podcast\/wp-content\/uploads\/2019\/10\/3.Curso-de-Biblia.png?resize=768%2C676&amp;ssl=1 768w\" sizes=\"(max-width: 1000px) 100vw, 1000px\" \/><figcaption><a href=\"https:\/\/codemar.net\/podcast\/service\/curso-de-biblia\/\">Curso de Biblia<\/a><\/figcaption><\/figure><\/li><li class=\"blocks-gallery-item\"><figure><img data-recalc-dims=\"1\" decoding=\"async\" width=\"1000\" height=\"880\" src=\"https:\/\/i0.wp.com\/codemar.net\/podcast\/wp-content\/uploads\/2018\/12\/8.Mi-fe-catolica.png?resize=1000%2C880&#038;ssl=1\" alt=\"\" data-id=\"2838\" data-link=\"https:\/\/codemar.net\/podcast\/service\/mi-fe-catolica\/8-mi-fe-catolica\/\" class=\"wp-image-2838\" srcset=\"https:\/\/i0.wp.com\/codemar.net\/podcast\/wp-content\/uploads\/2018\/12\/8.Mi-fe-catolica.png?w=1000&amp;ssl=1 1000w, https:\/\/i0.wp.com\/codemar.net\/podcast\/wp-content\/uploads\/2018\/12\/8.Mi-fe-catolica.png?resize=300%2C264&amp;ssl=1 300w, https:\/\/i0.wp.com\/codemar.net\/podcast\/wp-content\/uploads\/2018\/12\/8.Mi-fe-catolica.png?resize=768%2C676&amp;ssl=1 768w\" sizes=\"(max-width: 1000px) 100vw, 1000px\" \/><figcaption><a href=\"https:\/\/codemar.net\/podcast\/service\/mi-fe-catolica\/\">Mi Fe Cat\u00f3lica<\/a><\/figcaption><\/figure><\/li><li class=\"blocks-gallery-item\"><figure><img data-recalc-dims=\"1\" loading=\"lazy\" decoding=\"async\" width=\"1000\" height=\"880\" src=\"https:\/\/i0.wp.com\/codemar.net\/podcast\/wp-content\/uploads\/2018\/12\/6.Curso-de-Mariologia.png?resize=1000%2C880&#038;ssl=1\" alt=\"\" data-id=\"2837\" data-link=\"https:\/\/codemar.net\/podcast\/service\/curso-mariologia\/6-curso-de-mariologia\/\" class=\"wp-image-2837\" srcset=\"https:\/\/i0.wp.com\/codemar.net\/podcast\/wp-content\/uploads\/2018\/12\/6.Curso-de-Mariologia.png?w=1000&amp;ssl=1 1000w, https:\/\/i0.wp.com\/codemar.net\/podcast\/wp-content\/uploads\/2018\/12\/6.Curso-de-Mariologia.png?resize=300%2C264&amp;ssl=1 300w, https:\/\/i0.wp.com\/codemar.net\/podcast\/wp-content\/uploads\/2018\/12\/6.Curso-de-Mariologia.png?resize=768%2C676&amp;ssl=1 768w\" sizes=\"(max-width: 1000px) 100vw, 1000px\" \/><figcaption><a href=\"https:\/\/codemar.net\/podcast\/service\/curso-mariologia\/\">Curso de Mariolog\u00eda<\/a><\/figcaption><\/figure><\/li><li class=\"blocks-gallery-item\"><figure><img data-recalc-dims=\"1\" loading=\"lazy\" decoding=\"async\" width=\"1000\" height=\"880\" src=\"https:\/\/i0.wp.com\/codemar.net\/podcast\/wp-content\/uploads\/2019\/09\/5.Historia-de-la-Iglesia-Catolica.png?resize=1000%2C880&#038;ssl=1\" alt=\"\" data-id=\"2828\" data-link=\"https:\/\/codemar.net\/podcast\/5-historia-de-la-iglesia-catolica\/\" class=\"wp-image-2828\" srcset=\"https:\/\/i0.wp.com\/codemar.net\/podcast\/wp-content\/uploads\/2019\/09\/5.Historia-de-la-Iglesia-Catolica.png?w=1000&amp;ssl=1 1000w, https:\/\/i0.wp.com\/codemar.net\/podcast\/wp-content\/uploads\/2019\/09\/5.Historia-de-la-Iglesia-Catolica.png?resize=300%2C264&amp;ssl=1 300w, https:\/\/i0.wp.com\/codemar.net\/podcast\/wp-content\/uploads\/2019\/09\/5.Historia-de-la-Iglesia-Catolica.png?resize=768%2C676&amp;ssl=1 768w\" sizes=\"(max-width: 1000px) 100vw, 1000px\" \/><figcaption><a href=\"https:\/\/codemar.net\/podcast\/service\/historia-de-la-iglesia\/\">Historia de la Iglesia Cat\u00f3lica<\/a><\/figcaption><\/figure><\/li><li class=\"blocks-gallery-item\"><figure><img data-recalc-dims=\"1\" loading=\"lazy\" decoding=\"async\" width=\"1000\" height=\"880\" src=\"https:\/\/i0.wp.com\/codemar.net\/podcast\/wp-content\/uploads\/2019\/10\/7.Mi-Hora-Santa-Eucari%CC%81stica.png?resize=1000%2C880&#038;ssl=1\" alt=\"Mi Hora Santa Eucaristica\" data-id=\"2897\" data-link=\"https:\/\/codemar.net\/podcast\/7-mi-hora-santa-eucaristica\/\" class=\"wp-image-2897\" srcset=\"https:\/\/i0.wp.com\/codemar.net\/podcast\/wp-content\/uploads\/2019\/10\/7.Mi-Hora-Santa-Eucari%CC%81stica.png?w=1000&amp;ssl=1 1000w, https:\/\/i0.wp.com\/codemar.net\/podcast\/wp-content\/uploads\/2019\/10\/7.Mi-Hora-Santa-Eucari%CC%81stica.png?resize=300%2C264&amp;ssl=1 300w, https:\/\/i0.wp.com\/codemar.net\/podcast\/wp-content\/uploads\/2019\/10\/7.Mi-Hora-Santa-Eucari%CC%81stica.png?resize=768%2C676&amp;ssl=1 768w\" sizes=\"(max-width: 1000px) 100vw, 1000px\" \/><figcaption><a href=\"https:\/\/codemar.net\/podcast\/service\/mi-hora-santa-eucaristica\/\">Mi Hora Santa Eucar\u00edstica<\/a><\/figcaption><\/figure><\/li><li class=\"blocks-gallery-item\"><figure><img data-recalc-dims=\"1\" loading=\"lazy\" decoding=\"async\" width=\"1000\" height=\"880\" src=\"https:\/\/i0.wp.com\/codemar.net\/podcast\/wp-content\/uploads\/2019\/10\/9.Evangelios-meditados.png?resize=1000%2C880&#038;ssl=1\" alt=\"\" data-id=\"2910\" data-link=\"https:\/\/codemar.net\/podcast\/libros\/9-evangelios-meditados\/\" class=\"wp-image-2910\" srcset=\"https:\/\/i0.wp.com\/codemar.net\/podcast\/wp-content\/uploads\/2019\/10\/9.Evangelios-meditados.png?w=1000&amp;ssl=1 1000w, https:\/\/i0.wp.com\/codemar.net\/podcast\/wp-content\/uploads\/2019\/10\/9.Evangelios-meditados.png?resize=300%2C264&amp;ssl=1 300w, https:\/\/i0.wp.com\/codemar.net\/podcast\/wp-content\/uploads\/2019\/10\/9.Evangelios-meditados.png?resize=768%2C676&amp;ssl=1 768w\" sizes=\"(max-width: 1000px) 100vw, 1000px\" \/><figcaption><a href=\"https:\/\/codemar.net\/podcast\/service\/evangelios-meditados\/\">Evangelios meditados<\/a><\/figcaption><\/figure><\/li><li class=\"blocks-gallery-item\"><figure><img data-recalc-dims=\"1\" loading=\"lazy\" decoding=\"async\" width=\"1000\" height=\"880\" src=\"https:\/\/i0.wp.com\/codemar.net\/podcast\/wp-content\/uploads\/2019\/10\/10.Eucaristia-Misterio-de-amor.png?resize=1000%2C880&#038;ssl=1\" alt=\"\" data-id=\"2914\" data-link=\"https:\/\/codemar.net\/podcast\/libros\/10-eucaristia-misterio-de-amor\/\" class=\"wp-image-2914\" srcset=\"https:\/\/i0.wp.com\/codemar.net\/podcast\/wp-content\/uploads\/2019\/10\/10.Eucaristia-Misterio-de-amor.png?w=1000&amp;ssl=1 1000w, https:\/\/i0.wp.com\/codemar.net\/podcast\/wp-content\/uploads\/2019\/10\/10.Eucaristia-Misterio-de-amor.png?resize=300%2C264&amp;ssl=1 300w, https:\/\/i0.wp.com\/codemar.net\/podcast\/wp-content\/uploads\/2019\/10\/10.Eucaristia-Misterio-de-amor.png?resize=768%2C676&amp;ssl=1 768w\" sizes=\"(max-width: 1000px) 100vw, 1000px\" \/><figcaption><a href=\"https:\/\/codemar.net\/podcast\/service\/eucaristia-misterio-de-amor\/\">Eucarist\u00eda, Misterio de Amor<\/a><\/figcaption><\/figure><\/li><li class=\"blocks-gallery-item\"><figure><img data-recalc-dims=\"1\" loading=\"lazy\" decoding=\"async\" width=\"1000\" height=\"880\" src=\"https:\/\/i0.wp.com\/codemar.net\/podcast\/wp-content\/uploads\/2019\/10\/11.Sabado-de-Maria.png?resize=1000%2C880&#038;ssl=1\" alt=\"\" data-id=\"2919\" data-link=\"https:\/\/codemar.net\/podcast\/libros\/11-sabado-de-maria\/\" class=\"wp-image-2919\" srcset=\"https:\/\/i0.wp.com\/codemar.net\/podcast\/wp-content\/uploads\/2019\/10\/11.Sabado-de-Maria.png?w=1000&amp;ssl=1 1000w, https:\/\/i0.wp.com\/codemar.net\/podcast\/wp-content\/uploads\/2019\/10\/11.Sabado-de-Maria.png?resize=300%2C264&amp;ssl=1 300w, https:\/\/i0.wp.com\/codemar.net\/podcast\/wp-content\/uploads\/2019\/10\/11.Sabado-de-Maria.png?resize=768%2C676&amp;ssl=1 768w\" sizes=\"(max-width: 1000px) 100vw, 1000px\" \/><figcaption><a href=\"https:\/\/codemar.net\/podcast\/service\/el-sabado-de-maria\/\">El S\u00e1bado de Mar\u00eda<\/a><\/figcaption><\/figure><\/li><li class=\"blocks-gallery-item\"><figure><img data-recalc-dims=\"1\" loading=\"lazy\" decoding=\"async\" width=\"1000\" height=\"880\" src=\"https:\/\/i0.wp.com\/codemar.net\/podcast\/wp-content\/uploads\/2019\/10\/12.Misterio-de-Maria.png?resize=1000%2C880&#038;ssl=1\" alt=\"\" data-id=\"2923\" data-link=\"https:\/\/codemar.net\/podcast\/libros\/12-misterio-de-maria\/\" class=\"wp-image-2923\" srcset=\"https:\/\/i0.wp.com\/codemar.net\/podcast\/wp-content\/uploads\/2019\/10\/12.Misterio-de-Maria.png?w=1000&amp;ssl=1 1000w, https:\/\/i0.wp.com\/codemar.net\/podcast\/wp-content\/uploads\/2019\/10\/12.Misterio-de-Maria.png?resize=300%2C264&amp;ssl=1 300w, https:\/\/i0.wp.com\/codemar.net\/podcast\/wp-content\/uploads\/2019\/10\/12.Misterio-de-Maria.png?resize=768%2C676&amp;ssl=1 768w\" sizes=\"(max-width: 1000px) 100vw, 1000px\" \/><figcaption><a href=\"https:\/\/codemar.net\/podcast\/service\/el-misterio-de-maria\/\">El Misterio de Mar\u00eda<\/a><\/figcaption><\/figure><\/li><li class=\"blocks-gallery-item\"><figure><img data-recalc-dims=\"1\" loading=\"lazy\" decoding=\"async\" width=\"1000\" height=\"880\" src=\"https:\/\/i0.wp.com\/codemar.net\/podcast\/wp-content\/uploads\/2019\/10\/13.Santoral.png?resize=1000%2C880&#038;ssl=1\" alt=\"\" data-id=\"2934\" data-link=\"https:\/\/codemar.net\/podcast\/libros\/13-santoral\/\" class=\"wp-image-2934\" srcset=\"https:\/\/i0.wp.com\/codemar.net\/podcast\/wp-content\/uploads\/2019\/10\/13.Santoral.png?w=1000&amp;ssl=1 1000w, https:\/\/i0.wp.com\/codemar.net\/podcast\/wp-content\/uploads\/2019\/10\/13.Santoral.png?resize=300%2C264&amp;ssl=1 300w, https:\/\/i0.wp.com\/codemar.net\/podcast\/wp-content\/uploads\/2019\/10\/13.Santoral.png?resize=768%2C676&amp;ssl=1 768w\" sizes=\"(max-width: 1000px) 100vw, 1000px\" \/><figcaption><a href=\"https:\/\/codemar.net\/podcast\/service\/santoral\/\">Santoral (Vidas de algunos Santos)<\/a><\/figcaption><\/figure><\/li><\/ul>\n\n\n\n<p><\/p>\n","protected":false},"excerpt":{"rendered":"<p>Aqu\u00ed encontrar\u00e1s una lista de libros listos para leer en linea o para descargarlos en tu computadora o dispositivo m\u00f3vil. Los libros<span class=\"more-button\"><a href=\"https:\/\/codemar.net\/podcast\/libros\/\" class=\"more-link\">Continuar lectura<span class=\"screen-reader-text\">Libros<\/span><\/a><\/span><\/p>\n","protected":false},"author":1,"featured_media":2888,"parent":0,"menu_order":0,"comment_status":"closed","ping_status":"closed","template":"","meta":{"episode_type":"","audio_file":"","podmotor_file_id":"","podmotor_episode_id":"","cover_image":"","cover_image_id":"","duration":"","filesize":"","filesize_raw":"","date_recorded":"","explicit":"","block":"","itunes_episode_number":"","itunes_title":"","itunes_season_number":"","itunes_episode_type":"","jetpack_post_was_ever_published":false,"footnotes":""},"class_list":["post-2862","page","type-page","status-publish","has-post-thumbnail","hentry"],"jetpack_shortlink":"https:\/\/wp.me\/P4bNxE-Ka","jetpack_sharing_enabled":true,"_links":{"self":[{"href":"https:\/\/codemar.net\/podcast\/wp-json\/wp\/v2\/pages\/2862","targetHints":{"allow":["GET"]}}],"collection":[{"href":"https:\/\/codemar.net\/podcast\/wp-json\/wp\/v2\/pages"}],"about":[{"href":"https:\/\/codemar.net\/podcast\/wp-json\/wp\/v2\/types\/page"}],"author":[{"embeddable":true,"href":"https:\/\/codemar.net\/podcast\/wp-json\/wp\/v2\/users\/1"}],"replies":[{"embeddable":true,"href":"https:\/\/codemar.net\/podcast\/wp-json\/wp\/v2\/comments?post=2862"}],"version-history":[{"count":28,"href":"https:\/\/codemar.net\/podcast\/wp-json\/wp\/v2\/pages\/2862\/revisions"}],"predecessor-version":[{"id":2980,"href":"https:\/\/codemar.net\/podcast\/wp-json\/wp\/v2\/pages\/2862\/revisions\/2980"}],"wp:featuredmedia":[{"embeddable":true,"href":"https:\/\/codemar.net\/podcast\/wp-json\/wp\/v2\/media\/2888"}],"wp:attachment":[{"href":"https:\/\/codemar.net\/podcast\/wp-json\/wp\/v2\/media?parent=2862"}],"curies":[{"name":"wp","href":"https:\/\/api.w.org\/{rel}","templated":true}]}}