{"id":285,"date":"2014-01-11T12:19:25","date_gmt":"2014-01-11T18:19:25","guid":{"rendered":"http:\/\/codemar.net\/podcast\/?page_id=285"},"modified":"2014-01-11T12:19:25","modified_gmt":"2014-01-11T18:19:25","slug":"evangelio-del-bautismo-del-senor","status":"publish","type":"page","link":"https:\/\/codemar.net\/podcast\/evangelio-del-bautismo-del-senor\/","title":{"rendered":"Evangelio del Bautismo del Se\u00f1or"},"content":{"rendered":"<p><strong>Evangelio seg\u00fan San Mateo 3, 13-17.<\/strong><\/p>\n<p>Jes\u00fas fue desde Galilea hasta el Jord\u00e1n y se present\u00f3 a Juan para ser bautizado por \u00e9l. Juan se resist\u00eda, dici\u00e9ndole: \u00abSoy yo el que tiene necesidad de ser bautizado por ti, \u00a1y eres t\u00fa el que viene a mi encuentro!\u00bb<\/p>\n<p>Pero Jes\u00fas le respondi\u00f3: \u00abAhora d\u00e9jame hacer esto, porque conviene que as\u00ed cumplamos todo lo que es justo\u00bb. Y Juan se lo permiti\u00f3.<\/p>\n<p>Apenas fue bautizado, Jes\u00fas sali\u00f3 del agua. En ese momento se abrieron los cielos, y vio al Esp\u00edritu de Dios descender como una paloma y dirigirse hacia \u00c9l. Y se oy\u00f3 una voz del cielo que dec\u00eda: \u00ab\u00c9ste es mi Hijo muy querido, en quien tengo puesta toda mi predilecci\u00f3n\u00bb.<\/p>\n<p>&nbsp;<\/p>\n<p><b>Palabra del Se\u00f1or.<\/b><\/p>\n","protected":false},"excerpt":{"rendered":"<p>Evangelio seg\u00fan San Mateo 3, 13-17. Jes\u00fas fue desde Galilea hasta el Jord\u00e1n y se present\u00f3 a Juan para ser bautizado por<span class=\"more-button\"><a href=\"https:\/\/codemar.net\/podcast\/evangelio-del-bautismo-del-senor\/\" class=\"more-link\">Continuar lectura<span class=\"screen-reader-text\">Evangelio del Bautismo del Se\u00f1or<\/span><\/a><\/span><\/p>\n","protected":false},"author":1,"featured_media":0,"parent":0,"menu_order":0,"comment_status":"open","ping_status":"open","template":"","meta":{"episode_type":"","audio_file":"","podmotor_file_id":"","podmotor_episode_id":"","cover_image":"","cover_image_id":"","duration":"","filesize":"","filesize_raw":"","date_recorded":"","explicit":"","block":"","itunes_episode_number":"","itunes_title":"","itunes_season_number":"","itunes_episode_type":"","jetpack_post_was_ever_published":false,"footnotes":""},"class_list":["post-285","page","type-page","status-publish","hentry"],"jetpack_shortlink":"https:\/\/wp.me\/P4bNxE-4B","jetpack_sharing_enabled":true,"_links":{"self":[{"href":"https:\/\/codemar.net\/podcast\/wp-json\/wp\/v2\/pages\/285","targetHints":{"allow":["GET"]}}],"collection":[{"href":"https:\/\/codemar.net\/podcast\/wp-json\/wp\/v2\/pages"}],"about":[{"href":"https:\/\/codemar.net\/podcast\/wp-json\/wp\/v2\/types\/page"}],"author":[{"embeddable":true,"href":"https:\/\/codemar.net\/podcast\/wp-json\/wp\/v2\/users\/1"}],"replies":[{"embeddable":true,"href":"https:\/\/codemar.net\/podcast\/wp-json\/wp\/v2\/comments?post=285"}],"version-history":[{"count":1,"href":"https:\/\/codemar.net\/podcast\/wp-json\/wp\/v2\/pages\/285\/revisions"}],"predecessor-version":[{"id":286,"href":"https:\/\/codemar.net\/podcast\/wp-json\/wp\/v2\/pages\/285\/revisions\/286"}],"wp:attachment":[{"href":"https:\/\/codemar.net\/podcast\/wp-json\/wp\/v2\/media?parent=285"}],"curies":[{"name":"wp","href":"https:\/\/api.w.org\/{rel}","templated":true}]}}