{"id":279,"date":"2014-01-04T14:52:23","date_gmt":"2014-01-04T20:52:23","guid":{"rendered":"http:\/\/codemar.net\/podcast\/?page_id=279"},"modified":"2014-01-04T14:52:23","modified_gmt":"2014-01-04T20:52:23","slug":"evangelio-de-la-epifania-del-senor","status":"publish","type":"page","link":"https:\/\/codemar.net\/podcast\/evangelio-de-la-epifania-del-senor\/","title":{"rendered":"Evangelio de la Epifan\u00eda del Se\u00f1or"},"content":{"rendered":"<p><strong>Evangelio seg\u00fan San Mateo 2, 1-12.<\/strong><\/p>\n<p>Cuando naci\u00f3 Jes\u00fas, en Bel\u00e9n de Judea, bajo el reinado de Herodes, unos magos de Oriente se presentaron en Jerusal\u00e9n y preguntaron: \u00ab\u00bfD\u00f3nde est\u00e1 el rey de los jud\u00edos que acaba de nacer? Porque vimos su estrella en Oriente y hemos venido a adorarlo\u00bb.<\/p>\n<p>Al enterarse, el rey Herodes qued\u00f3 desconcertado y con \u00e9l toda Jerusal\u00e9n. Entonces reuni\u00f3 a todos los sumos sacerdotes y a los escribas del pueblo, para preguntarles en qu\u00e9 lugar deb\u00eda nacer el Mes\u00edas. \u00abEn Bel\u00e9n de Judea, le respondieron, porque as\u00ed est\u00e1 escrito por el Profeta:<\/p>\n<p>&#8220;Y t\u00fa, Bel\u00e9n, tierra de Jud\u00e1,<br \/>\nciertamente no eres la menor<br \/>\nentre las principales ciudades de Jud\u00e1,<br \/>\nporque de ti surgir\u00e1 un jefe<br \/>\nque ser\u00e1 el Pastor de mi pueblo, Israel&#8221;\u00bb.<\/p>\n<p>Herodes mand\u00f3 llamar secretamente a los magos y, despu\u00e9s de averiguar con precisi\u00f3n la fecha en que hab\u00eda aparecido la estrella, los envi\u00f3 a Bel\u00e9n, dici\u00e9ndoles: \u00abVayan e inf\u00f3rmense cuidadosamente acerca del ni\u00f1o, y cuando lo hayan encontrado, av\u00edsenme para que yo tambi\u00e9n vaya a rendirle homenaje\u00bb.<\/p>\n<p>Despu\u00e9s de o\u00edr al rey, ellos partieron. La estrella que hab\u00edan visto en Oriente los preced\u00eda, hasta que se detuvo en el lugar donde estaba el ni\u00f1o. Cuando vieron la estrella se llenaron de alegr\u00eda y, al entrar en la casa, encontraron al ni\u00f1o con Mar\u00eda, su madre, y postr\u00e1ndose, le rindieron homenaje. Luego, abriendo sus cofres, le ofrecieron dones: oro, incienso y mirra. Y como recibieron en sue\u00f1os la advertencia de no regresar al palacio de Herodes, volvieron a su tierra por otro camino.<\/p>\n<p>&nbsp;<\/p>\n<p><b>Palabra del Se\u00f1or.<\/b><\/p>\n","protected":false},"excerpt":{"rendered":"<p>Evangelio seg\u00fan San Mateo 2, 1-12. Cuando naci\u00f3 Jes\u00fas, en Bel\u00e9n de Judea, bajo el reinado de Herodes, unos magos de Oriente<span class=\"more-button\"><a href=\"https:\/\/codemar.net\/podcast\/evangelio-de-la-epifania-del-senor\/\" class=\"more-link\">Continuar lectura<span class=\"screen-reader-text\">Evangelio de la Epifan\u00eda del Se\u00f1or<\/span><\/a><\/span><\/p>\n","protected":false},"author":1,"featured_media":0,"parent":0,"menu_order":0,"comment_status":"open","ping_status":"open","template":"","meta":{"episode_type":"","audio_file":"","podmotor_file_id":"","podmotor_episode_id":"","cover_image":"","cover_image_id":"","duration":"","filesize":"","filesize_raw":"","date_recorded":"","explicit":"","block":"","itunes_episode_number":"","itunes_title":"","itunes_season_number":"","itunes_episode_type":"","jetpack_post_was_ever_published":false,"footnotes":""},"class_list":["post-279","page","type-page","status-publish","hentry"],"jetpack_shortlink":"https:\/\/wp.me\/P4bNxE-4v","jetpack_sharing_enabled":true,"_links":{"self":[{"href":"https:\/\/codemar.net\/podcast\/wp-json\/wp\/v2\/pages\/279","targetHints":{"allow":["GET"]}}],"collection":[{"href":"https:\/\/codemar.net\/podcast\/wp-json\/wp\/v2\/pages"}],"about":[{"href":"https:\/\/codemar.net\/podcast\/wp-json\/wp\/v2\/types\/page"}],"author":[{"embeddable":true,"href":"https:\/\/codemar.net\/podcast\/wp-json\/wp\/v2\/users\/1"}],"replies":[{"embeddable":true,"href":"https:\/\/codemar.net\/podcast\/wp-json\/wp\/v2\/comments?post=279"}],"version-history":[{"count":1,"href":"https:\/\/codemar.net\/podcast\/wp-json\/wp\/v2\/pages\/279\/revisions"}],"predecessor-version":[{"id":280,"href":"https:\/\/codemar.net\/podcast\/wp-json\/wp\/v2\/pages\/279\/revisions\/280"}],"wp:attachment":[{"href":"https:\/\/codemar.net\/podcast\/wp-json\/wp\/v2\/media?parent=279"}],"curies":[{"name":"wp","href":"https:\/\/api.w.org\/{rel}","templated":true}]}}