{"id":2690,"date":"2019-08-05T22:28:09","date_gmt":"2019-08-06T04:28:09","guid":{"rendered":"https:\/\/codemar.net\/podcast\/?page_id=2690"},"modified":"2019-08-22T17:59:57","modified_gmt":"2019-08-22T23:59:57","slug":"el-rosario-narrado-por-maria","status":"publish","type":"page","link":"https:\/\/codemar.net\/podcast\/el-rosario-narrado-por-maria\/","title":{"rendered":"El Rosario narrado por Mar\u00eda"},"content":{"rendered":"\n<div class=\"wp-block-columns has-2-columns is-layout-flex wp-container-core-columns-is-layout-9d6595d7 wp-block-columns-is-layout-flex\">\n<div class=\"wp-block-column is-layout-flow wp-block-column-is-layout-flow\">\n<p>\u00bfDe qu\u00e9 se trata? Es muy sencillo: \u00bfNos gustar\u00eda que la Virgen Mar\u00eda nos contase lo que le pas\u00f3 en cada uno de los misterios del Rosario? No lo dudemos; nuestra imaginaci\u00f3n puede escuchar a Mar\u00eda como si nos hablase ella misma. Es lo que intentamos hacer, rezar el Rosario de manera diferente a como lo hemos hecho hasta ahora. Nos es posible seguir los misterios narrados por la misma Virgen Mar\u00eda, la cual nos relata los hechos con voz natural y sin emociones fingidas, sino tal como ocurrieron y los sinti\u00f3 en su coraz\u00f3n.<\/p>\n<\/div>\n\n\n\n<div class=\"wp-block-column is-layout-flow wp-block-column-is-layout-flow\"><div class=\"cue-playlist-container\">\n<div class=\"cue-playlist cue-theme-default\" itemscope itemtype=\"http:\/\/schema.org\/MusicPlaylist\">\n\t\n\t<meta itemprop=\"numTracks\" content=\"4\" \/>\n\n\t<audio src=\"http:\/\/codemar.net\/liturgico\/media\/2019-08-09_misterios_de_gozo.mp3\" controls preload=\"none\" class=\"cue-audio\" style=\"width: 100%; height: auto\"><\/audio>\n\n\t<ol class=\"cue-tracks\">\n\t\t\t\t\t<li class=\"cue-track\" itemprop=\"track\" itemscope itemtype=\"http:\/\/schema.org\/MusicRecording\">\n\t\t\t\t\n\t\t\t\t<span class=\"cue-track-details cue-track-cell\">\n\t\t\t\t\t<span class=\"cue-track-title\" itemprop=\"name\">Misterios de GOZO<\/span>\n\t\t\t\t\t<span class=\"cue-track-artist\" itemprop=\"byArtist\">CODEMAR.net<\/span>\n\t\t\t\t<\/span>\n\n\t\t\t\t\n\t\t\t\t<span class=\"cue-track-length cue-track-cell\">37:24<\/span>\n\n\t\t\t\t\t\t\t<\/li>\n\t\t\t\t\t<li class=\"cue-track\" itemprop=\"track\" itemscope itemtype=\"http:\/\/schema.org\/MusicRecording\">\n\t\t\t\t\n\t\t\t\t<span class=\"cue-track-details cue-track-cell\">\n\t\t\t\t\t<span class=\"cue-track-title\" itemprop=\"name\">Misterios de LUZ<\/span>\n\t\t\t\t\t<span class=\"cue-track-artist\" itemprop=\"byArtist\">CODEMAR.net<\/span>\n\t\t\t\t<\/span>\n\n\t\t\t\t\n\t\t\t\t<span class=\"cue-track-length cue-track-cell\">36:56<\/span>\n\n\t\t\t\t\t\t\t<\/li>\n\t\t\t\t\t<li class=\"cue-track\" itemprop=\"track\" itemscope itemtype=\"http:\/\/schema.org\/MusicRecording\">\n\t\t\t\t\n\t\t\t\t<span class=\"cue-track-details cue-track-cell\">\n\t\t\t\t\t<span class=\"cue-track-title\" itemprop=\"name\">Misterios de DOLOR<\/span>\n\t\t\t\t\t<span class=\"cue-track-artist\" itemprop=\"byArtist\">CODEMAR.net<\/span>\n\t\t\t\t<\/span>\n\n\t\t\t\t\n\t\t\t\t<span class=\"cue-track-length cue-track-cell\">37:49<\/span>\n\n\t\t\t\t\t\t\t<\/li>\n\t\t\t\t\t<li class=\"cue-track\" itemprop=\"track\" itemscope itemtype=\"http:\/\/schema.org\/MusicRecording\">\n\t\t\t\t\n\t\t\t\t<span class=\"cue-track-details cue-track-cell\">\n\t\t\t\t\t<span class=\"cue-track-title\" itemprop=\"name\">Misterios de GLORIA<\/span>\n\t\t\t\t\t<span class=\"cue-track-artist\" itemprop=\"byArtist\">CODEMAR.net<\/span>\n\t\t\t\t<\/span>\n\n\t\t\t\t\n\t\t\t\t<span class=\"cue-track-length cue-track-cell\">36:31<\/span>\n\n\t\t\t\t\t\t\t<\/li>\n\t\t\t<\/ol>\n\n\t<\/div>\n\t\t<script type=\"application\/json\" class=\"cue-playlist-data\">{\"embed_link\":\"https:\\\/\\\/codemar.net\\\/podcast\\\/?cue_embed=el-rosario-narrado-por-maria&cue_theme=default\",\"permalink\":\"https:\\\/\\\/codemar.net\\\/podcast\\\/?cue_playlist=el-rosario-narrado-por-maria\",\"skin\":\"cue-skin-default\",\"thumbnail\":\"https:\\\/\\\/i0.wp.com\\\/codemar.net\\\/podcast\\\/wp-content\\\/uploads\\\/2016\\\/09\\\/corazon_de_fuego-e1473957790859.jpg?fit=300%2C172&ssl=1\",\"tracks\":[{\"artist\":\"CODEMAR.net\",\"artworkId\":2738,\"artworkUrl\":\"https:\\\/\\\/codemar.net\\\/podcast\\\/wp-content\\\/uploads\\\/2019\\\/08\\\/20190815_175748-640x640.jpg\",\"audioId\":0,\"audioUrl\":\"http:\\\/\\\/codemar.net\\\/liturgico\\\/media\\\/2019-08-09_misterios_de_gozo.mp3\",\"format\":\"\",\"length\":\"37:24\",\"title\":\"Misterios de GOZO\",\"order\":0,\"mp3\":\"http:\\\/\\\/codemar.net\\\/liturgico\\\/media\\\/2019-08-09_misterios_de_gozo.mp3\",\"meta\":{\"artist\":\"CODEMAR.net\",\"length_formatted\":\"37:24\"},\"src\":\"http:\\\/\\\/codemar.net\\\/liturgico\\\/media\\\/2019-08-09_misterios_de_gozo.mp3\",\"thumb\":{\"src\":\"https:\\\/\\\/codemar.net\\\/podcast\\\/wp-content\\\/uploads\\\/2019\\\/08\\\/20190815_175748-640x640.jpg\"}},{\"artist\":\"CODEMAR.net\",\"artworkId\":2738,\"artworkUrl\":\"https:\\\/\\\/codemar.net\\\/podcast\\\/wp-content\\\/uploads\\\/2019\\\/08\\\/20190815_175748-640x640.jpg\",\"audioId\":0,\"audioUrl\":\"http:\\\/\\\/codemar.net\\\/liturgico\\\/media\\\/2019-08-08_misterios_de_luz.mp3\",\"format\":\"\",\"length\":\"36:56\",\"title\":\"Misterios de LUZ\",\"order\":1,\"mp3\":\"http:\\\/\\\/codemar.net\\\/liturgico\\\/media\\\/2019-08-08_misterios_de_luz.mp3\",\"meta\":{\"artist\":\"CODEMAR.net\",\"length_formatted\":\"36:56\"},\"src\":\"http:\\\/\\\/codemar.net\\\/liturgico\\\/media\\\/2019-08-08_misterios_de_luz.mp3\",\"thumb\":{\"src\":\"https:\\\/\\\/codemar.net\\\/podcast\\\/wp-content\\\/uploads\\\/2019\\\/08\\\/20190815_175748-640x640.jpg\"}},{\"artist\":\"CODEMAR.net\",\"artworkId\":2738,\"artworkUrl\":\"https:\\\/\\\/codemar.net\\\/podcast\\\/wp-content\\\/uploads\\\/2019\\\/08\\\/20190815_175748-640x640.jpg\",\"audioId\":0,\"audioUrl\":\"http:\\\/\\\/codemar.net\\\/liturgico\\\/media\\\/2019-08-06_audio-2019-08-03-17-21-54.mp3\",\"format\":\"\",\"length\":\"37:49\",\"title\":\"Misterios de DOLOR\",\"order\":2,\"mp3\":\"http:\\\/\\\/codemar.net\\\/liturgico\\\/media\\\/2019-08-06_audio-2019-08-03-17-21-54.mp3\",\"meta\":{\"artist\":\"CODEMAR.net\",\"length_formatted\":\"37:49\"},\"src\":\"http:\\\/\\\/codemar.net\\\/liturgico\\\/media\\\/2019-08-06_audio-2019-08-03-17-21-54.mp3\",\"thumb\":{\"src\":\"https:\\\/\\\/codemar.net\\\/podcast\\\/wp-content\\\/uploads\\\/2019\\\/08\\\/20190815_175748-640x640.jpg\"}},{\"artist\":\"CODEMAR.net\",\"artworkId\":2738,\"artworkUrl\":\"https:\\\/\\\/codemar.net\\\/podcast\\\/wp-content\\\/uploads\\\/2019\\\/08\\\/20190815_175748-640x640.jpg\",\"audioId\":0,\"audioUrl\":\"http:\\\/\\\/codemar.net\\\/liturgico\\\/media\\\/2019-08-06_audio-2019-08-03-17-31-40.mp3\",\"format\":\"\",\"length\":\"36:31\",\"title\":\"Misterios de GLORIA\",\"order\":3,\"mp3\":\"http:\\\/\\\/codemar.net\\\/liturgico\\\/media\\\/2019-08-06_audio-2019-08-03-17-31-40.mp3\",\"meta\":{\"artist\":\"CODEMAR.net\",\"length_formatted\":\"36:31\"},\"src\":\"http:\\\/\\\/codemar.net\\\/liturgico\\\/media\\\/2019-08-06_audio-2019-08-03-17-31-40.mp3\",\"thumb\":{\"src\":\"https:\\\/\\\/codemar.net\\\/podcast\\\/wp-content\\\/uploads\\\/2019\\\/08\\\/20190815_175748-640x640.jpg\"}}]}<\/script>\n\t\t<\/div>\n<\/div>\n<\/div>\n","protected":false},"excerpt":{"rendered":"<p>\u00bfDe qu\u00e9 se trata? Es muy sencillo: \u00bfNos gustar\u00eda que la Virgen Mar\u00eda nos contase lo que le pas\u00f3 en cada uno<span class=\"more-button\"><a href=\"https:\/\/codemar.net\/podcast\/el-rosario-narrado-por-maria\/\" class=\"more-link\">Continuar lectura<span class=\"screen-reader-text\">El Rosario narrado por Mar\u00eda<\/span><\/a><\/span><\/p>\n","protected":false},"author":1,"featured_media":1133,"parent":0,"menu_order":0,"comment_status":"closed","ping_status":"closed","template":"","meta":{"episode_type":"","audio_file":"","podmotor_file_id":"","podmotor_episode_id":"","cover_image":"","cover_image_id":"","duration":"","filesize":"","filesize_raw":"","date_recorded":"","explicit":"","block":"","itunes_episode_number":"","itunes_title":"","itunes_season_number":"","itunes_episode_type":"","jetpack_post_was_ever_published":false,"footnotes":""},"class_list":["post-2690","page","type-page","status-publish","has-post-thumbnail","hentry"],"jetpack_shortlink":"https:\/\/wp.me\/P4bNxE-Ho","jetpack_sharing_enabled":true,"_links":{"self":[{"href":"https:\/\/codemar.net\/podcast\/wp-json\/wp\/v2\/pages\/2690","targetHints":{"allow":["GET"]}}],"collection":[{"href":"https:\/\/codemar.net\/podcast\/wp-json\/wp\/v2\/pages"}],"about":[{"href":"https:\/\/codemar.net\/podcast\/wp-json\/wp\/v2\/types\/page"}],"author":[{"embeddable":true,"href":"https:\/\/codemar.net\/podcast\/wp-json\/wp\/v2\/users\/1"}],"replies":[{"embeddable":true,"href":"https:\/\/codemar.net\/podcast\/wp-json\/wp\/v2\/comments?post=2690"}],"version-history":[{"count":19,"href":"https:\/\/codemar.net\/podcast\/wp-json\/wp\/v2\/pages\/2690\/revisions"}],"predecessor-version":[{"id":2792,"href":"https:\/\/codemar.net\/podcast\/wp-json\/wp\/v2\/pages\/2690\/revisions\/2792"}],"wp:featuredmedia":[{"embeddable":true,"href":"https:\/\/codemar.net\/podcast\/wp-json\/wp\/v2\/media\/1133"}],"wp:attachment":[{"href":"https:\/\/codemar.net\/podcast\/wp-json\/wp\/v2\/media?parent=2690"}],"curies":[{"name":"wp","href":"https:\/\/api.w.org\/{rel}","templated":true}]}}