{"id":268,"date":"2013-12-30T12:18:01","date_gmt":"2013-12-30T18:18:01","guid":{"rendered":"http:\/\/codemar.net\/podcast\/?page_id=268"},"modified":"2013-12-30T12:18:01","modified_gmt":"2013-12-30T18:18:01","slug":"evangelio-de-la-maternidad-divina-de-maria","status":"publish","type":"page","link":"https:\/\/codemar.net\/podcast\/evangelio-de-la-maternidad-divina-de-maria\/","title":{"rendered":"Evangelio de la Maternidad Divina de Mar\u00eda"},"content":{"rendered":"<p><strong>Evangelio seg\u00fan San Lucas 2, 16-21.<\/strong><\/p>\n<p>Los pastores fueron r\u00e1pidamente adonde les hab\u00eda dicho el \u00c1ngel del Se\u00f1or, y encontraron a Mar\u00eda, a Jos\u00e9 y al reci\u00e9n nacido acostado en el pesebre. Al verlo, contaron lo que hab\u00edan o\u00eddo decir sobre este ni\u00f1o, y todos los que los escuchaban quedaron admirados de lo que dec\u00edan los pastores.<\/p>\n<p>Mientras tanto, Mar\u00eda conservaba estas cosas y las meditaba en su coraz\u00f3n. Y los pastores volvieron, alabando y glorificando a Dios por todo lo que hab\u00edan visto y o\u00eddo, conforme al anuncio que hab\u00edan recibido.<\/p>\n<p>Ocho d\u00edas despu\u00e9s, lleg\u00f3 el tiempo de circuncidar al ni\u00f1o y se le puso el nombre de Jes\u00fas, nombre que le hab\u00eda sido dado por el \u00c1ngel antes de su concepci\u00f3n.<\/p>\n<p><strong>Palabra del Se\u00f1or.<\/strong><\/p>\n","protected":false},"excerpt":{"rendered":"<p>Evangelio seg\u00fan San Lucas 2, 16-21. Los pastores fueron r\u00e1pidamente adonde les hab\u00eda dicho el \u00c1ngel del Se\u00f1or, y encontraron a Mar\u00eda,<span class=\"more-button\"><a href=\"https:\/\/codemar.net\/podcast\/evangelio-de-la-maternidad-divina-de-maria\/\" class=\"more-link\">Continuar lectura<span class=\"screen-reader-text\">Evangelio de la Maternidad Divina de Mar\u00eda<\/span><\/a><\/span><\/p>\n","protected":false},"author":1,"featured_media":0,"parent":0,"menu_order":0,"comment_status":"open","ping_status":"open","template":"","meta":{"episode_type":"","audio_file":"","podmotor_file_id":"","podmotor_episode_id":"","cover_image":"","cover_image_id":"","duration":"","filesize":"","filesize_raw":"","date_recorded":"","explicit":"","block":"","itunes_episode_number":"","itunes_title":"","itunes_season_number":"","itunes_episode_type":"","jetpack_post_was_ever_published":false,"footnotes":""},"class_list":["post-268","page","type-page","status-publish","hentry"],"jetpack_shortlink":"https:\/\/wp.me\/P4bNxE-4k","jetpack_sharing_enabled":true,"_links":{"self":[{"href":"https:\/\/codemar.net\/podcast\/wp-json\/wp\/v2\/pages\/268","targetHints":{"allow":["GET"]}}],"collection":[{"href":"https:\/\/codemar.net\/podcast\/wp-json\/wp\/v2\/pages"}],"about":[{"href":"https:\/\/codemar.net\/podcast\/wp-json\/wp\/v2\/types\/page"}],"author":[{"embeddable":true,"href":"https:\/\/codemar.net\/podcast\/wp-json\/wp\/v2\/users\/1"}],"replies":[{"embeddable":true,"href":"https:\/\/codemar.net\/podcast\/wp-json\/wp\/v2\/comments?post=268"}],"version-history":[{"count":1,"href":"https:\/\/codemar.net\/podcast\/wp-json\/wp\/v2\/pages\/268\/revisions"}],"predecessor-version":[{"id":269,"href":"https:\/\/codemar.net\/podcast\/wp-json\/wp\/v2\/pages\/268\/revisions\/269"}],"wp:attachment":[{"href":"https:\/\/codemar.net\/podcast\/wp-json\/wp\/v2\/media?parent=268"}],"curies":[{"name":"wp","href":"https:\/\/api.w.org\/{rel}","templated":true}]}}