{"id":2,"date":"2013-12-04T00:02:35","date_gmt":"2013-12-04T00:02:35","guid":{"rendered":"http:\/\/codemar.net\/podcast\/?page_id=2"},"modified":"2016-04-18T18:23:28","modified_gmt":"2016-04-19T00:23:28","slug":"sample-page","status":"publish","type":"page","link":"https:\/\/codemar.net\/podcast\/sample-page\/","title":{"rendered":"Acerca del A\u00f1o Lit\u00fargico"},"content":{"rendered":"<p>Amigos y amigas todos:<\/p>\n<p>En este blog encontrar\u00e1n todas las charlas del A\u00f1o Lit\u00fargico Cat\u00f3lico que ir\u00e1n apareciendo en la medida que avanza el calendario lit\u00fargico correspondiente a los ciclos A, B, y C, que arranc\u00f3 el 30 de noviembre 2013. Por cada domingo o d\u00eda festivo cat\u00f3lico, encontrar\u00e1n la charla de ese d\u00eda, la cual tambi\u00e9n es transmitida por algunas radios cat\u00f3licas de Latinoam\u00e9rica.<\/p>\n<blockquote><p>Est\u00e1s charlas se publicar\u00e1n \u00a0cada domingo y cada d\u00eda de festivo que cae entre semana, pero que no se celebra en domingo. Igualmente, se publicar\u00e1n los d\u00edas especiales de la Semana Santa, como Mi\u00e9rcoles de Ceniza, Jueves, Viernes y S\u00e1bado Santo, los cuales sabemos que son muy especiales para la piedad cristiana.<\/p><\/blockquote>\n<p>Este trabajo del A\u00f1o Lit\u00fargico se le pidi\u00f3 al autor como un complemento necesario del programa gemelo Evangelizando, cuando lo realizaba en Roma para la <a title=\"RIIAL\" href=\"http:\/\/www.riial.org\/nueva\/espanol\/\" target=\"_blank\">Red Inform\u00e1tica de la Iglesia en la Am\u00e9rica Latina (R.I.I.A.L.)<\/a> bajo los auspicios del Pontificio Consejo de las Comunicaciones Sociales.<\/p>\n<p>Espero que disfruten mucho de este blog, del cual no tengo duda que les ayudar\u00e1 en su crecimiento espiritual.<\/p>\n<p>\u00a1Que Dios les bendiga a Todos!.<\/p>\n<p>Pedro Garc\u00eda, cmf<\/p>\n","protected":false},"excerpt":{"rendered":"<p>Amigos y amigas todos: En este blog encontrar\u00e1n todas las charlas del A\u00f1o Lit\u00fargico Cat\u00f3lico que ir\u00e1n apareciendo en la medida que<span class=\"more-button\"><a href=\"https:\/\/codemar.net\/podcast\/sample-page\/\" class=\"more-link\">Continuar lectura<span class=\"screen-reader-text\">Acerca del A\u00f1o Lit\u00fargico<\/span><\/a><\/span><\/p>\n","protected":false},"author":1,"featured_media":0,"parent":0,"menu_order":0,"comment_status":"open","ping_status":"open","template":"template-frontpage.php","meta":{"episode_type":"","audio_file":"","podmotor_file_id":"","podmotor_episode_id":"","cover_image":"","cover_image_id":"","duration":"","filesize":"","filesize_raw":"","date_recorded":"","explicit":"","block":"","itunes_episode_number":"","itunes_title":"","itunes_season_number":"","itunes_episode_type":"","jetpack_post_was_ever_published":false,"footnotes":""},"class_list":["post-2","page","type-page","status-publish","hentry"],"jetpack_shortlink":"https:\/\/wp.me\/P4bNxE-2","jetpack_sharing_enabled":true,"_links":{"self":[{"href":"https:\/\/codemar.net\/podcast\/wp-json\/wp\/v2\/pages\/2","targetHints":{"allow":["GET"]}}],"collection":[{"href":"https:\/\/codemar.net\/podcast\/wp-json\/wp\/v2\/pages"}],"about":[{"href":"https:\/\/codemar.net\/podcast\/wp-json\/wp\/v2\/types\/page"}],"author":[{"embeddable":true,"href":"https:\/\/codemar.net\/podcast\/wp-json\/wp\/v2\/users\/1"}],"replies":[{"embeddable":true,"href":"https:\/\/codemar.net\/podcast\/wp-json\/wp\/v2\/comments?post=2"}],"version-history":[{"count":12,"href":"https:\/\/codemar.net\/podcast\/wp-json\/wp\/v2\/pages\/2\/revisions"}],"predecessor-version":[{"id":156,"href":"https:\/\/codemar.net\/podcast\/wp-json\/wp\/v2\/pages\/2\/revisions\/156"}],"wp:attachment":[{"href":"https:\/\/codemar.net\/podcast\/wp-json\/wp\/v2\/media?parent=2"}],"curies":[{"name":"wp","href":"https:\/\/api.w.org\/{rel}","templated":true}]}}