{"id":179,"date":"2013-12-28T21:53:25","date_gmt":"2013-12-29T03:53:25","guid":{"rendered":"http:\/\/codemar.net\/podcast\/?page_id=179"},"modified":"2013-12-28T21:53:25","modified_gmt":"2013-12-29T03:53:25","slug":"evangelio-del-dia-de-la-sagrada-familia","status":"publish","type":"page","link":"https:\/\/codemar.net\/podcast\/evangelio-del-dia-de-la-sagrada-familia\/","title":{"rendered":"Evangelio del d\u00eda de la Sagrada Familia"},"content":{"rendered":"<p><strong>Evangelio seg\u00fan San Mateo 2, 13-15; 19-23.<\/strong><\/p>\n<p>Despu\u00e9s de la partida de los magos, el \u00c1ngel del Se\u00f1or se apareci\u00f3 en sue\u00f1os a Jos\u00e9 y le dijo: \u00abLev\u00e1ntate, toma al ni\u00f1o y a su madre, huye a Egipto y permanece all\u00ed hasta que yo te avise, porque Herodes va a buscar al ni\u00f1o para matarlo\u00bb.<\/p>\n<p>Jos\u00e9 se levant\u00f3, tom\u00f3 de noche al ni\u00f1o y a su madre, y se fue a Egipto.<\/p>\n<p>All\u00ed permaneci\u00f3 hasta la muerte de Herodes, para que se cumpliera lo que el Se\u00f1or hab\u00eda anunciado por medio del Profeta:<\/p>\n<p>\u00abDesde Egipto llam\u00e9 a mi hijo\u00bb.<\/p>\n<p>Cuando muri\u00f3 Herodes, el \u00c1ngel del Se\u00f1or se apareci\u00f3 en sue\u00f1os a Jos\u00e9, que estaba en Egipto, y le dijo: \u00abLev\u00e1ntate, toma al ni\u00f1o y a su madre, y regresa a la tierra de Israel, porque han muerto los que atentaban contra la vida del ni\u00f1o\u00bb.<\/p>\n<p>Jos\u00e9 se levant\u00f3, tom\u00f3 al ni\u00f1o y a su madre, y entr\u00f3 en la tierra de Israel. Pero al saber que Arquelao reinaba en Judea, en lugar de su padre Herodes, tuvo miedo de ir all\u00ed y, advertido en sue\u00f1os, se retir\u00f3 a la regi\u00f3n de Galilea, donde se estableci\u00f3 en una ciudad llamada Nazaret. As\u00ed se cumpli\u00f3 lo que hab\u00eda sido anunciado por los profetas:<\/p>\n<p>\u00abSer\u00e1 llamado Nazareno\u00bb.<\/p>\n<p>&nbsp;<\/p>\n<p><b>Palabra del Se\u00f1or.<\/b><\/p>\n<p>&nbsp;<\/p>\n","protected":false},"excerpt":{"rendered":"<p>Evangelio seg\u00fan San Mateo 2, 13-15; 19-23. Despu\u00e9s de la partida de los magos, el \u00c1ngel del Se\u00f1or se apareci\u00f3 en sue\u00f1os<span class=\"more-button\"><a href=\"https:\/\/codemar.net\/podcast\/evangelio-del-dia-de-la-sagrada-familia\/\" class=\"more-link\">Continuar lectura<span class=\"screen-reader-text\">Evangelio del d\u00eda de la Sagrada Familia<\/span><\/a><\/span><\/p>\n","protected":false},"author":1,"featured_media":0,"parent":0,"menu_order":0,"comment_status":"open","ping_status":"open","template":"","meta":{"episode_type":"","audio_file":"","podmotor_file_id":"","podmotor_episode_id":"","cover_image":"","cover_image_id":"","duration":"","filesize":"","filesize_raw":"","date_recorded":"","explicit":"","block":"","itunes_episode_number":"","itunes_title":"","itunes_season_number":"","itunes_episode_type":"","jetpack_post_was_ever_published":false,"footnotes":""},"class_list":["post-179","page","type-page","status-publish","hentry"],"jetpack_shortlink":"https:\/\/wp.me\/P4bNxE-2T","jetpack_sharing_enabled":true,"_links":{"self":[{"href":"https:\/\/codemar.net\/podcast\/wp-json\/wp\/v2\/pages\/179","targetHints":{"allow":["GET"]}}],"collection":[{"href":"https:\/\/codemar.net\/podcast\/wp-json\/wp\/v2\/pages"}],"about":[{"href":"https:\/\/codemar.net\/podcast\/wp-json\/wp\/v2\/types\/page"}],"author":[{"embeddable":true,"href":"https:\/\/codemar.net\/podcast\/wp-json\/wp\/v2\/users\/1"}],"replies":[{"embeddable":true,"href":"https:\/\/codemar.net\/podcast\/wp-json\/wp\/v2\/comments?post=179"}],"version-history":[{"count":3,"href":"https:\/\/codemar.net\/podcast\/wp-json\/wp\/v2\/pages\/179\/revisions"}],"predecessor-version":[{"id":182,"href":"https:\/\/codemar.net\/podcast\/wp-json\/wp\/v2\/pages\/179\/revisions\/182"}],"wp:attachment":[{"href":"https:\/\/codemar.net\/podcast\/wp-json\/wp\/v2\/media?parent=179"}],"curies":[{"name":"wp","href":"https:\/\/api.w.org\/{rel}","templated":true}]}}