{"id":117,"date":"2013-12-20T00:11:59","date_gmt":"2013-12-20T00:11:59","guid":{"rendered":"http:\/\/codemar.net\/podcast\/?page_id=117"},"modified":"2013-12-20T00:11:59","modified_gmt":"2013-12-20T00:11:59","slug":"evangelio-del-tercer-domingo-de-adviento","status":"publish","type":"page","link":"https:\/\/codemar.net\/podcast\/evangelio-del-tercer-domingo-de-adviento\/","title":{"rendered":"Evangelio del Tercer domingo de Adviento"},"content":{"rendered":"<p><strong>Evangelio seg\u00fan San Mateo, 11, 2-11.<\/strong><\/p>\n<p>Juan el Bautista oy\u00f3 hablar en la c\u00e1rcel de las obras de Cristo, y mand\u00f3 a dos de sus disc\u00edpulos para preguntarle:<\/p>\n<p>\u00ab\u00bfEres t\u00fa el que ha de venir o debemos esperar a otro?\u00bb.<\/p>\n<p>Jes\u00fas les respondi\u00f3<\/p>\n<p>\u00abVayan a contar a Juan lo que ustedes oyen y ven: los ciegos ven y los paral\u00edticos caminan; los leprosos son purificados y los sordos oyen; los muertos resucitan y la Buena Noticia es anunciada a los pobres. \u00a1Y feliz aqu\u00e9l para quien Yo no sea motivo de tropiezo!\u00bb.<\/p>\n<p>Mientras los enviados de Juan se retiraban, Jes\u00fas empez\u00f3 a hablar de \u00e9l a la multitud, diciendo:<\/p>\n<p>\u00ab\u00bfQu\u00e9 fueron a ver al desierto? \u00bfUna ca\u00f1a agitada por el viento? \u00bfQu\u00e9 fueron a ver? \u00bfUn hombre vestido con refinamiento? Los que se visten de esa manera viven en los palacios de los reyes.<\/p>\n<p>\u00bfQu\u00e9 fueron a ver entonces? \u00bfUn profeta? Les aseguro que s\u00ed, y m\u00e1s que un profeta. \u00c9l es aqu\u00e9l de quien est\u00e1 escrito:<\/p>\n<p>\u201cYo env\u00edo a mi mensajero delante de ti,<\/p>\n<p>para prepararte el camino\u201d.<\/p>\n<p>Les aseguro que no ha nacido ning\u00fan hombre m\u00e1s grande que Juan el Bautista; y sin embargo, el m\u00e1s peque\u00f1o en el Reino de los Cielos es m\u00e1s grande que \u00e9l\u00bb.<\/p>\n<p>&nbsp;<\/p>\n<p><b>Palabra del Se\u00f1or.<\/b><\/p>\n","protected":false},"excerpt":{"rendered":"<p>Evangelio seg\u00fan San Mateo, 11, 2-11. Juan el Bautista oy\u00f3 hablar en la c\u00e1rcel de las obras de Cristo, y mand\u00f3 a<span class=\"more-button\"><a href=\"https:\/\/codemar.net\/podcast\/evangelio-del-tercer-domingo-de-adviento\/\" class=\"more-link\">Continuar lectura<span class=\"screen-reader-text\">Evangelio del Tercer domingo de Adviento<\/span><\/a><\/span><\/p>\n","protected":false},"author":1,"featured_media":0,"parent":0,"menu_order":0,"comment_status":"open","ping_status":"open","template":"","meta":{"episode_type":"","audio_file":"","podmotor_file_id":"","podmotor_episode_id":"","cover_image":"","cover_image_id":"","duration":"","filesize":"","filesize_raw":"","date_recorded":"","explicit":"","block":"","itunes_episode_number":"","itunes_title":"","itunes_season_number":"","itunes_episode_type":"","jetpack_post_was_ever_published":false,"footnotes":""},"class_list":["post-117","page","type-page","status-publish","hentry"],"jetpack_shortlink":"https:\/\/wp.me\/P4bNxE-1T","jetpack_sharing_enabled":true,"_links":{"self":[{"href":"https:\/\/codemar.net\/podcast\/wp-json\/wp\/v2\/pages\/117","targetHints":{"allow":["GET"]}}],"collection":[{"href":"https:\/\/codemar.net\/podcast\/wp-json\/wp\/v2\/pages"}],"about":[{"href":"https:\/\/codemar.net\/podcast\/wp-json\/wp\/v2\/types\/page"}],"author":[{"embeddable":true,"href":"https:\/\/codemar.net\/podcast\/wp-json\/wp\/v2\/users\/1"}],"replies":[{"embeddable":true,"href":"https:\/\/codemar.net\/podcast\/wp-json\/wp\/v2\/comments?post=117"}],"version-history":[{"count":1,"href":"https:\/\/codemar.net\/podcast\/wp-json\/wp\/v2\/pages\/117\/revisions"}],"predecessor-version":[{"id":118,"href":"https:\/\/codemar.net\/podcast\/wp-json\/wp\/v2\/pages\/117\/revisions\/118"}],"wp:attachment":[{"href":"https:\/\/codemar.net\/podcast\/wp-json\/wp\/v2\/media?parent=117"}],"curies":[{"name":"wp","href":"https:\/\/api.w.org\/{rel}","templated":true}]}}