{"id":109,"date":"2013-12-20T00:01:35","date_gmt":"2013-12-20T00:01:35","guid":{"rendered":"http:\/\/codemar.net\/podcast\/?page_id=109"},"modified":"2013-12-20T00:02:28","modified_gmt":"2013-12-20T00:02:28","slug":"evangelio-del-segundo-domingo-de-adviento","status":"publish","type":"page","link":"https:\/\/codemar.net\/podcast\/evangelio-del-segundo-domingo-de-adviento\/","title":{"rendered":"Evangelio del Segundo domingo de Adviento"},"content":{"rendered":"<p><strong>Evangelio seg\u00fan San Mateo 3, 1-12.<\/strong><\/p>\n<p>En aquellos d\u00edas, se present\u00f3 Juan el Bautista, proclamando en el desierto de Judea:<\/p>\n<p>\u00abConvi\u00e9rtanse, porque el Reino de los Cielos est\u00e1 cerca\u00bb.<\/p>\n<p>A \u00e9l se refer\u00eda el profeta Isa\u00edas cuando dijo:<\/p>\n<p>\u00abUna voz grita en el desierto: &#8220;Preparen el camino del Se\u00f1or, allanen sus senderos&#8221;\u00bb.<\/p>\n<p>Juan ten\u00eda una t\u00fanica de pelos de camello y un cintur\u00f3n de cuero, y se alimentaba con langostas y miel silvestre. La gente de Jerusal\u00e9n, de toda la Judea y de toda la regi\u00f3n del Jord\u00e1n iba a su encuentro, y se hac\u00eda bautizar por \u00e9l en las aguas del Jord\u00e1n, confesando sus pecados.<\/p>\n<p>Al ver que muchos fariseos y saduceos se acercaban a recibir su bautismo, Juan les dijo:<\/p>\n<p>\u00abRaza de v\u00edboras, \u00bfqui\u00e9n les ense\u00f1\u00f3 a escapar de la ira de Dios que se acerca? Produzcan el fruto de una sincera conversi\u00f3n, y no se contenten con decir: &#8220;Tenemos por padre a Abraham&#8221;. Porque yo les digo que de estas piedras, Dios puede hacer surgir hijos de Abraham. El hacha ya est\u00e1 puesta a la ra\u00edz de los \u00e1rboles: el \u00e1rbol que no produce buen fruto ser\u00e1 cortado y arrojado al fuego.<\/p>\n<p>Yo los bautizo con agua para que se conviertan; pero Aqu\u00e9l que viene detr\u00e1s de m\u00ed es m\u00e1s poderoso que yo, y yo ni siquiera soy digno de quitarle las sandalias. El los bautizar\u00e1 en el Esp\u00edritu Santo y en el fuego. Tiene en su mano la horquilla y limpiar\u00e1 su era: recoger\u00e1 su trigo en el granero y quemar\u00e1 la paja en un fuego inextinguible\u00bb.<\/p>\n<p>&nbsp;<\/p>\n<p><b>Palabra del Se\u00f1or.<\/b><\/p>\n","protected":false},"excerpt":{"rendered":"<p>Evangelio seg\u00fan San Mateo 3, 1-12. En aquellos d\u00edas, se present\u00f3 Juan el Bautista, proclamando en el desierto de Judea: \u00abConvi\u00e9rtanse, porque<span class=\"more-button\"><a href=\"https:\/\/codemar.net\/podcast\/evangelio-del-segundo-domingo-de-adviento\/\" class=\"more-link\">Continuar lectura<span class=\"screen-reader-text\">Evangelio del Segundo domingo de Adviento<\/span><\/a><\/span><\/p>\n","protected":false},"author":1,"featured_media":0,"parent":0,"menu_order":0,"comment_status":"open","ping_status":"open","template":"","meta":{"episode_type":"","audio_file":"","podmotor_file_id":"","podmotor_episode_id":"","cover_image":"","cover_image_id":"","duration":"","filesize":"","filesize_raw":"","date_recorded":"","explicit":"","block":"","itunes_episode_number":"","itunes_title":"","itunes_season_number":"","itunes_episode_type":"","jetpack_post_was_ever_published":false,"footnotes":""},"class_list":["post-109","page","type-page","status-publish","hentry"],"jetpack_shortlink":"https:\/\/wp.me\/P4bNxE-1L","jetpack_sharing_enabled":true,"_links":{"self":[{"href":"https:\/\/codemar.net\/podcast\/wp-json\/wp\/v2\/pages\/109","targetHints":{"allow":["GET"]}}],"collection":[{"href":"https:\/\/codemar.net\/podcast\/wp-json\/wp\/v2\/pages"}],"about":[{"href":"https:\/\/codemar.net\/podcast\/wp-json\/wp\/v2\/types\/page"}],"author":[{"embeddable":true,"href":"https:\/\/codemar.net\/podcast\/wp-json\/wp\/v2\/users\/1"}],"replies":[{"embeddable":true,"href":"https:\/\/codemar.net\/podcast\/wp-json\/wp\/v2\/comments?post=109"}],"version-history":[{"count":2,"href":"https:\/\/codemar.net\/podcast\/wp-json\/wp\/v2\/pages\/109\/revisions"}],"predecessor-version":[{"id":112,"href":"https:\/\/codemar.net\/podcast\/wp-json\/wp\/v2\/pages\/109\/revisions\/112"}],"wp:attachment":[{"href":"https:\/\/codemar.net\/podcast\/wp-json\/wp\/v2\/media?parent=109"}],"curies":[{"name":"wp","href":"https:\/\/api.w.org\/{rel}","templated":true}]}}