{"id":105,"date":"2013-12-19T23:53:18","date_gmt":"2013-12-19T23:53:18","guid":{"rendered":"http:\/\/codemar.net\/podcast\/?page_id=105"},"modified":"2013-12-20T00:02:07","modified_gmt":"2013-12-20T00:02:07","slug":"evangelio-del-primer-domingo-de-adviento","status":"publish","type":"page","link":"https:\/\/codemar.net\/podcast\/evangelio-del-primer-domingo-de-adviento\/","title":{"rendered":"Evangelio del Primer domingo de Adviento"},"content":{"rendered":"<p><strong>Evangelio seg\u00fan San Mateo 24, 37-44<\/strong><\/p>\n<p>Jes\u00fas dijo a sus disc\u00edpulos:<\/p>\n<p>\u00abCuando venga el Hijo del hombre, suceder\u00e1 como en tiempos de No\u00e9. En los d\u00edas que precedieron al diluvio, la gente com\u00eda, beb\u00eda y se casaba, hasta que No\u00e9 entr\u00f3 en el arca; y no sospechaban nada, hasta que lleg\u00f3 el diluvio y los arrastr\u00f3 a todos. Lo mismo suceder\u00e1 cuando venga el Hijo del hombre. De dos hombres que est\u00e9n en el campo, uno ser\u00e1 llevado y el otro dejado. De dos mujeres que est\u00e9n moliendo, una ser\u00e1 llevada y la otra dejada.<\/p>\n<p>Est\u00e9n prevenidos, porque ustedes no saben qu\u00e9 d\u00eda vendr\u00e1 su Se\u00f1or. Enti\u00e9ndanlo bien: si el due\u00f1o de casa supiera a qu\u00e9 hora de la noche va a llegar el ladr\u00f3n, velar\u00eda y no dejar\u00eda perforar las paredes de su casa. Ustedes tambi\u00e9n est\u00e9n preparados, porque el Hijo del hombre vendr\u00e1 a la hora menos pensada\u00bb.<\/p>\n<p>&nbsp;<\/p>\n<p><b>Palabra del Se\u00f1or.<\/b><\/p>\n","protected":false},"excerpt":{"rendered":"<p>Evangelio seg\u00fan San Mateo 24, 37-44 Jes\u00fas dijo a sus disc\u00edpulos: \u00abCuando venga el Hijo del hombre, suceder\u00e1 como en tiempos de<span class=\"more-button\"><a href=\"https:\/\/codemar.net\/podcast\/evangelio-del-primer-domingo-de-adviento\/\" class=\"more-link\">Continuar lectura<span class=\"screen-reader-text\">Evangelio del Primer domingo de Adviento<\/span><\/a><\/span><\/p>\n","protected":false},"author":1,"featured_media":0,"parent":0,"menu_order":0,"comment_status":"open","ping_status":"open","template":"","meta":{"episode_type":"","audio_file":"","podmotor_file_id":"","podmotor_episode_id":"","cover_image":"","cover_image_id":"","duration":"","filesize":"","filesize_raw":"","date_recorded":"","explicit":"","block":"","itunes_episode_number":"","itunes_title":"","itunes_season_number":"","itunes_episode_type":"","jetpack_post_was_ever_published":false,"footnotes":""},"class_list":["post-105","page","type-page","status-publish","hentry"],"jetpack_shortlink":"https:\/\/wp.me\/P4bNxE-1H","jetpack_sharing_enabled":true,"_links":{"self":[{"href":"https:\/\/codemar.net\/podcast\/wp-json\/wp\/v2\/pages\/105","targetHints":{"allow":["GET"]}}],"collection":[{"href":"https:\/\/codemar.net\/podcast\/wp-json\/wp\/v2\/pages"}],"about":[{"href":"https:\/\/codemar.net\/podcast\/wp-json\/wp\/v2\/types\/page"}],"author":[{"embeddable":true,"href":"https:\/\/codemar.net\/podcast\/wp-json\/wp\/v2\/users\/1"}],"replies":[{"embeddable":true,"href":"https:\/\/codemar.net\/podcast\/wp-json\/wp\/v2\/comments?post=105"}],"version-history":[{"count":2,"href":"https:\/\/codemar.net\/podcast\/wp-json\/wp\/v2\/pages\/105\/revisions"}],"predecessor-version":[{"id":111,"href":"https:\/\/codemar.net\/podcast\/wp-json\/wp\/v2\/pages\/105\/revisions\/111"}],"wp:attachment":[{"href":"https:\/\/codemar.net\/podcast\/wp-json\/wp\/v2\/media?parent=105"}],"curies":[{"name":"wp","href":"https:\/\/api.w.org\/{rel}","templated":true}]}}